{"id":558,"date":"2024-09-12T16:40:04","date_gmt":"2024-09-12T14:40:04","guid":{"rendered":"https:\/\/pasateaserrano.com\/elcolorestaenelinterior\/?page_id=558"},"modified":"2024-09-25T15:23:21","modified_gmt":"2024-09-25T13:23:21","slug":"tostas-pavo-trufado","status":"publish","type":"page","link":"https:\/\/pasateaserrano.com\/elcolorestaenelinterior\/tostas-pavo-trufado\/","title":{"rendered":"Tostas con Nectarina y Pavo Trufado Finas Lonchas"},"content":{"rendered":"\t\t<div data-elementor-type=\"wp-page\" data-elementor-id=\"558\" class=\"elementor elementor-558\" data-elementor-post-type=\"page\">\n\t\t\t\t<div class=\"elementor-element elementor-element-dbb8139 e-con-full e-flex e-con e-parent\" data-id=\"dbb8139\" data-element_type=\"container\">\n\t\t<div class=\"elementor-element elementor-element-e70fd92 e-con-full e-flex e-con e-child\" data-id=\"e70fd92\" data-element_type=\"container\" data-settings=\"{&quot;background_background&quot;:&quot;classic&quot;}\">\n\t\t\t\t<div class=\"elementor-element elementor-element-2fb15a6 elementor-invisible elementor-widget elementor-widget-heading\" data-id=\"2fb15a6\" data-element_type=\"widget\" data-settings=\"{&quot;_animation&quot;:&quot;fadeInUp&quot;}\" data-widget_type=\"heading.default\">\n\t\t\t\t<div class=\"elementor-widget-container\">\n\t\t\t\t\t<h2 class=\"elementor-heading-title elementor-size-default\">Tostas con Nectarina y Pavo Trufado Finas Lonchas<\/h2>\t\t\t\t<\/div>\n\t\t\t\t<\/div>\n\t\t\t\t<div class=\"elementor-element elementor-element-0d2d35b e-transform elementor-invisible elementor-widget elementor-widget-button\" data-id=\"0d2d35b\" data-element_type=\"widget\" data-settings=\"{&quot;_animation&quot;:&quot;fadeInLeft&quot;,&quot;_transform_rotateZ_effect&quot;:{&quot;unit&quot;:&quot;px&quot;,&quot;size&quot;:5,&quot;sizes&quot;:[]},&quot;_transform_rotateZ_effect_tablet&quot;:{&quot;unit&quot;:&quot;deg&quot;,&quot;size&quot;:&quot;&quot;,&quot;sizes&quot;:[]},&quot;_transform_rotateZ_effect_mobile&quot;:{&quot;unit&quot;:&quot;deg&quot;,&quot;size&quot;:&quot;&quot;,&quot;sizes&quot;:[]}}\" data-widget_type=\"button.default\">\n\t\t\t\t<div class=\"elementor-widget-container\">\n\t\t\t\t\t\t\t\t\t<div class=\"elementor-button-wrapper\">\n\t\t\t\t\t<a class=\"elementor-button elementor-button-link elementor-size-sm\" href=\"#receta-2\">\n\t\t\t\t\t\t<span class=\"elementor-button-content-wrapper\">\n\t\t\t\t\t\t\t\t\t<span class=\"elementor-button-text\">Ver Receta<\/span>\n\t\t\t\t\t<\/span>\n\t\t\t\t\t<\/a>\n\t\t\t\t<\/div>\n\t\t\t\t\t\t\t\t<\/div>\n\t\t\t\t<\/div>\n\t\t\t\t<\/div>\n\t\t<div class=\"elementor-element elementor-element-d8ac37c e-flex e-con-boxed e-con e-child\" data-id=\"d8ac37c\" data-element_type=\"container\">\n\t\t\t\t\t<div class=\"e-con-inner\">\n\t\t\t\t<div class=\"elementor-element elementor-element-32c6d34 elementor-widget elementor-widget-image\" data-id=\"32c6d34\" data-element_type=\"widget\" data-widget_type=\"image.default\">\n\t\t\t\t<div class=\"elementor-widget-container\">\n\t\t\t\t\t\t\t\t\t\t\t\t\t\t\t<img fetchpriority=\"high\" decoding=\"async\" width=\"1080\" height=\"1350\" src=\"https:\/\/pasateaserrano.com\/elcolorestaenelinterior\/wp-content\/uploads\/2024\/09\/tosta.jpg\" class=\"attachment-full size-full wp-image-79\" alt=\"\" srcset=\"https:\/\/pasateaserrano.com\/elcolorestaenelinterior\/wp-content\/uploads\/2024\/09\/tosta.jpg 1080w, https:\/\/pasateaserrano.com\/elcolorestaenelinterior\/wp-content\/uploads\/2024\/09\/tosta-240x300.jpg 240w, https:\/\/pasateaserrano.com\/elcolorestaenelinterior\/wp-content\/uploads\/2024\/09\/tosta-819x1024.jpg 819w, https:\/\/pasateaserrano.com\/elcolorestaenelinterior\/wp-content\/uploads\/2024\/09\/tosta-768x960.jpg 768w\" sizes=\"(max-width: 1080px) 100vw, 1080px\" \/>\t\t\t\t\t\t\t\t\t\t\t\t\t\t\t<\/div>\n\t\t\t\t<\/div>\n\t\t\t\t\t<\/div>\n\t\t\t\t<\/div>\n\t\t\t\t<\/div>\n\t\t<div class=\"elementor-element elementor-element-85a3483 e-con-full e-flex e-con e-parent\" data-id=\"85a3483\" data-element_type=\"container\" id=\"receta-2\" data-settings=\"{&quot;background_background&quot;:&quot;classic&quot;}\">\n\t\t<div class=\"elementor-element elementor-element-5c4163a e-con-full e-flex e-con e-child\" data-id=\"5c4163a\" data-element_type=\"container\">\n\t\t<div class=\"elementor-element elementor-element-38321ec e-con-full e-flex e-con e-child\" data-id=\"38321ec\" data-element_type=\"container\">\n\t\t\t\t<div class=\"elementor-element elementor-element-6dd95b2 elementor-widget elementor-widget-heading\" data-id=\"6dd95b2\" data-element_type=\"widget\" data-widget_type=\"heading.default\">\n\t\t\t\t<div class=\"elementor-widget-container\">\n\t\t\t\t\t<h2 class=\"elementor-heading-title elementor-size-default\">Ingredientes<\/h2>\t\t\t\t<\/div>\n\t\t\t\t<\/div>\n\t\t\t\t<div class=\"elementor-element elementor-element-2ac96a3 elementor-widget elementor-widget-text-editor\" data-id=\"2ac96a3\" data-element_type=\"widget\" data-widget_type=\"text-editor.default\">\n\t\t\t\t<div class=\"elementor-widget-container\">\n\t\t\t\t\t\t\t\t\t<p>2 tostas de pan de semillas<\/p><p>Queso crema para untar<\/p><p>1 nectarina<\/p><p>Un poco de r\u00facula o similar<\/p><p>Aceite de oliva virgen extra<\/p><p>1 pack de Pavo Trufado Finas Lonchas de Serrano<\/p>\t\t\t\t\t\t\t\t<\/div>\n\t\t\t\t<\/div>\n\t\t\t\t<\/div>\n\t\t<div class=\"elementor-element elementor-element-40169fa e-con-full e-flex e-con e-child\" data-id=\"40169fa\" data-element_type=\"container\" data-settings=\"{&quot;background_background&quot;:&quot;classic&quot;}\">\n\t\t\t\t<div class=\"elementor-element elementor-element-8fbb09f elementor-widget elementor-widget-heading\" data-id=\"8fbb09f\" data-element_type=\"widget\" data-widget_type=\"heading.default\">\n\t\t\t\t<div class=\"elementor-widget-container\">\n\t\t\t\t\t<h2 class=\"elementor-heading-title elementor-size-default\">Elaboraci\u00f3n<\/h2>\t\t\t\t<\/div>\n\t\t\t\t<\/div>\n\t\t\t\t<div class=\"elementor-element elementor-element-4bbced0 elementor-widget elementor-widget-text-editor\" data-id=\"4bbced0\" data-element_type=\"widget\" data-widget_type=\"text-editor.default\">\n\t\t\t\t<div class=\"elementor-widget-container\">\n\t\t\t\t\t\t\t\t\t<ol><li>Tuesta el pan y roc\u00edalo con un chorrito de aceite de oliva virgen extra.<\/li><li>Corta la nectarina en gajos de 1 cm y tu\u00e9stalos ligeramente.<\/li><li>Unta las tostadas con la crema de queso.<\/li><li>Coloca los gajos de nectarina y las lonchas de pavo trufado sobre las tostadas.<\/li><li>A\u00f1ade unas hojas de r\u00facula o escarola al gusto antes de servir.<\/li><\/ol>\t\t\t\t\t\t\t\t<\/div>\n\t\t\t\t<\/div>\n\t\t\t\t<\/div>\n\t\t\t\t<\/div>\n\t\t<div class=\"elementor-element elementor-element-1c97ad8 e-con-full e-flex e-con e-child\" data-id=\"1c97ad8\" data-element_type=\"container\" data-settings=\"{&quot;sticky&quot;:&quot;top&quot;,&quot;sticky_offset&quot;:50,&quot;sticky_parent&quot;:&quot;yes&quot;,&quot;sticky_on&quot;:[&quot;desktop&quot;,&quot;tablet&quot;,&quot;mobile&quot;],&quot;sticky_effects_offset&quot;:0}\">\n\t\t<div class=\"elementor-element elementor-element-44b626d e-con-full e-flex e-con e-child\" data-id=\"44b626d\" data-element_type=\"container\">\n\t\t\t\t<div class=\"elementor-element elementor-element-e8e4700 e-transform e-transform e-transform e-transform elementor-widget elementor-widget-image\" data-id=\"e8e4700\" data-element_type=\"widget\" data-settings=\"{&quot;_transform_rotateZ_effect&quot;:{&quot;unit&quot;:&quot;px&quot;,&quot;size&quot;:10,&quot;sizes&quot;:[]},&quot;_transform_scale_effect&quot;:{&quot;unit&quot;:&quot;px&quot;,&quot;size&quot;:1,&quot;sizes&quot;:[]},&quot;_transform_rotateZ_effect_hover&quot;:{&quot;unit&quot;:&quot;px&quot;,&quot;size&quot;:-15,&quot;sizes&quot;:[]},&quot;_transform_scale_effect_hover&quot;:{&quot;unit&quot;:&quot;px&quot;,&quot;size&quot;:1.2,&quot;sizes&quot;:[]},&quot;_transform_rotateZ_effect_tablet&quot;:{&quot;unit&quot;:&quot;deg&quot;,&quot;size&quot;:&quot;&quot;,&quot;sizes&quot;:[]},&quot;_transform_rotateZ_effect_mobile&quot;:{&quot;unit&quot;:&quot;deg&quot;,&quot;size&quot;:&quot;&quot;,&quot;sizes&quot;:[]},&quot;_transform_scale_effect_tablet&quot;:{&quot;unit&quot;:&quot;px&quot;,&quot;size&quot;:&quot;&quot;,&quot;sizes&quot;:[]},&quot;_transform_scale_effect_mobile&quot;:{&quot;unit&quot;:&quot;px&quot;,&quot;size&quot;:&quot;&quot;,&quot;sizes&quot;:[]},&quot;_transform_rotateZ_effect_hover_tablet&quot;:{&quot;unit&quot;:&quot;deg&quot;,&quot;size&quot;:&quot;&quot;,&quot;sizes&quot;:[]},&quot;_transform_rotateZ_effect_hover_mobile&quot;:{&quot;unit&quot;:&quot;deg&quot;,&quot;size&quot;:&quot;&quot;,&quot;sizes&quot;:[]},&quot;_transform_scale_effect_hover_tablet&quot;:{&quot;unit&quot;:&quot;px&quot;,&quot;size&quot;:&quot;&quot;,&quot;sizes&quot;:[]},&quot;_transform_scale_effect_hover_mobile&quot;:{&quot;unit&quot;:&quot;px&quot;,&quot;size&quot;:&quot;&quot;,&quot;sizes&quot;:[]}}\" data-widget_type=\"image.default\">\n\t\t\t\t<div class=\"elementor-widget-container\">\n\t\t\t\t\t\t\t\t\t\t\t\t\t\t\t\t<a href=\"https:\/\/pasateaserrano.com\/producto\/pavo-trufado-finas-lonchas\/\">\n\t\t\t\t\t\t\t<img decoding=\"async\" width=\"700\" height=\"700\" src=\"https:\/\/pasateaserrano.com\/elcolorestaenelinterior\/wp-content\/uploads\/2024\/09\/finas-lonchas-trufado.png\" class=\"attachment-large size-large wp-image-471\" alt=\"\" srcset=\"https:\/\/pasateaserrano.com\/elcolorestaenelinterior\/wp-content\/uploads\/2024\/09\/finas-lonchas-trufado.png 700w, https:\/\/pasateaserrano.com\/elcolorestaenelinterior\/wp-content\/uploads\/2024\/09\/finas-lonchas-trufado-300x300.png 300w, https:\/\/pasateaserrano.com\/elcolorestaenelinterior\/wp-content\/uploads\/2024\/09\/finas-lonchas-trufado-150x150.png 150w\" sizes=\"(max-width: 700px) 100vw, 700px\" \/>\t\t\t\t\t\t\t\t<\/a>\n\t\t\t\t\t\t\t\t\t\t\t\t\t\t\t<\/div>\n\t\t\t\t<\/div>\n\t\t\t\t<\/div>\n\t\t\t\t<\/div>\n\t\t\t\t<\/div>\n\t\t\t\t<\/div>\n\t\t","protected":false},"excerpt":{"rendered":"<p>Tostas con Nectarina y Pavo Trufado Finas Lonchas Ver Receta Ingredientes 2 tostas de pan de semillas Queso crema para untar 1 nectarina Un poco de r\u00facula o similar Aceite de oliva virgen extra 1 pack de Pavo Trufado Finas Lonchas de Serrano Elaboraci\u00f3n Tuesta el pan y roc\u00edalo con un chorrito de aceite de [&hellip;]<\/p>\n","protected":false},"author":2,"featured_media":0,"parent":0,"menu_order":0,"comment_status":"closed","ping_status":"closed","template":"","meta":{"footnotes":""},"class_list":["post-558","page","type-page","status-publish","hentry"],"_links":{"self":[{"href":"https:\/\/pasateaserrano.com\/elcolorestaenelinterior\/wp-json\/wp\/v2\/pages\/558","targetHints":{"allow":["GET"]}}],"collection":[{"href":"https:\/\/pasateaserrano.com\/elcolorestaenelinterior\/wp-json\/wp\/v2\/pages"}],"about":[{"href":"https:\/\/pasateaserrano.com\/elcolorestaenelinterior\/wp-json\/wp\/v2\/types\/page"}],"author":[{"embeddable":true,"href":"https:\/\/pasateaserrano.com\/elcolorestaenelinterior\/wp-json\/wp\/v2\/users\/2"}],"replies":[{"embeddable":true,"href":"https:\/\/pasateaserrano.com\/elcolorestaenelinterior\/wp-json\/wp\/v2\/comments?post=558"}],"version-history":[{"count":37,"href":"https:\/\/pasateaserrano.com\/elcolorestaenelinterior\/wp-json\/wp\/v2\/pages\/558\/revisions"}],"predecessor-version":[{"id":1192,"href":"https:\/\/pasateaserrano.com\/elcolorestaenelinterior\/wp-json\/wp\/v2\/pages\/558\/revisions\/1192"}],"wp:attachment":[{"href":"https:\/\/pasateaserrano.com\/elcolorestaenelinterior\/wp-json\/wp\/v2\/media?parent=558"}],"curies":[{"name":"wp","href":"https:\/\/api.w.org\/{rel}","templated":true}]}}