{"id":626,"date":"2024-09-12T17:04:36","date_gmt":"2024-09-12T15:04:36","guid":{"rendered":"https:\/\/pasateaserrano.com\/elcolorestaenelinterior\/?page_id=626"},"modified":"2024-09-25T09:52:53","modified_gmt":"2024-09-25T07:52:53","slug":"ensalada-toppings-vinagreta","status":"publish","type":"page","link":"https:\/\/pasateaserrano.com\/elcolorestaenelinterior\/ensalada-toppings-vinagreta\/","title":{"rendered":"Ensalada con Toppings de Pollo al Horno y Vinagreta de Mostaza y Lim\u00f3n"},"content":{"rendered":"\t\t<div data-elementor-type=\"wp-page\" data-elementor-id=\"626\" class=\"elementor elementor-626\" data-elementor-post-type=\"page\">\n\t\t\t\t<div class=\"elementor-element elementor-element-dbb8139 e-con-full e-flex e-con e-parent\" data-id=\"dbb8139\" data-element_type=\"container\">\n\t\t<div class=\"elementor-element elementor-element-e70fd92 e-con-full e-flex e-con e-child\" data-id=\"e70fd92\" data-element_type=\"container\" data-settings=\"{&quot;background_background&quot;:&quot;classic&quot;}\">\n\t\t\t\t<div class=\"elementor-element elementor-element-2fb15a6 elementor-invisible elementor-widget elementor-widget-heading\" data-id=\"2fb15a6\" data-element_type=\"widget\" data-settings=\"{&quot;_animation&quot;:&quot;fadeInUp&quot;}\" data-widget_type=\"heading.default\">\n\t\t\t\t<div class=\"elementor-widget-container\">\n\t\t\t\t\t<h2 class=\"elementor-heading-title elementor-size-default\">Ensalada con Toppings de Pollo al Horno y Vinagreta de Mostaza y Lim\u00f3n<\/h2>\t\t\t\t<\/div>\n\t\t\t\t<\/div>\n\t\t\t\t<div class=\"elementor-element elementor-element-0d2d35b e-transform elementor-invisible elementor-widget elementor-widget-button\" data-id=\"0d2d35b\" data-element_type=\"widget\" data-settings=\"{&quot;_animation&quot;:&quot;fadeInLeft&quot;,&quot;_transform_rotateZ_effect&quot;:{&quot;unit&quot;:&quot;px&quot;,&quot;size&quot;:5,&quot;sizes&quot;:[]},&quot;_transform_rotateZ_effect_tablet&quot;:{&quot;unit&quot;:&quot;deg&quot;,&quot;size&quot;:&quot;&quot;,&quot;sizes&quot;:[]},&quot;_transform_rotateZ_effect_mobile&quot;:{&quot;unit&quot;:&quot;deg&quot;,&quot;size&quot;:&quot;&quot;,&quot;sizes&quot;:[]}}\" data-widget_type=\"button.default\">\n\t\t\t\t<div class=\"elementor-widget-container\">\n\t\t\t\t\t\t\t\t\t<div class=\"elementor-button-wrapper\">\n\t\t\t\t\t<a class=\"elementor-button elementor-button-link elementor-size-sm\" href=\"#receta-5\">\n\t\t\t\t\t\t<span class=\"elementor-button-content-wrapper\">\n\t\t\t\t\t\t\t\t\t<span class=\"elementor-button-text\">Ver Receta<\/span>\n\t\t\t\t\t<\/span>\n\t\t\t\t\t<\/a>\n\t\t\t\t<\/div>\n\t\t\t\t\t\t\t\t<\/div>\n\t\t\t\t<\/div>\n\t\t\t\t<\/div>\n\t\t<div class=\"elementor-element elementor-element-d8ac37c e-flex e-con-boxed e-con e-child\" data-id=\"d8ac37c\" data-element_type=\"container\">\n\t\t\t\t\t<div class=\"e-con-inner\">\n\t\t\t\t<div class=\"elementor-element elementor-element-32c6d34 elementor-widget elementor-widget-image\" data-id=\"32c6d34\" data-element_type=\"widget\" data-widget_type=\"image.default\">\n\t\t\t\t<div class=\"elementor-widget-container\">\n\t\t\t\t\t\t\t\t\t\t\t\t\t\t\t<img fetchpriority=\"high\" decoding=\"async\" width=\"1080\" height=\"1350\" src=\"https:\/\/pasateaserrano.com\/elcolorestaenelinterior\/wp-content\/uploads\/2024\/09\/ensalad.jpg\" class=\"attachment-full size-full wp-image-76\" alt=\"\" srcset=\"https:\/\/pasateaserrano.com\/elcolorestaenelinterior\/wp-content\/uploads\/2024\/09\/ensalad.jpg 1080w, https:\/\/pasateaserrano.com\/elcolorestaenelinterior\/wp-content\/uploads\/2024\/09\/ensalad-240x300.jpg 240w, https:\/\/pasateaserrano.com\/elcolorestaenelinterior\/wp-content\/uploads\/2024\/09\/ensalad-819x1024.jpg 819w, https:\/\/pasateaserrano.com\/elcolorestaenelinterior\/wp-content\/uploads\/2024\/09\/ensalad-768x960.jpg 768w\" sizes=\"(max-width: 1080px) 100vw, 1080px\" \/>\t\t\t\t\t\t\t\t\t\t\t\t\t\t\t<\/div>\n\t\t\t\t<\/div>\n\t\t\t\t\t<\/div>\n\t\t\t\t<\/div>\n\t\t\t\t<\/div>\n\t\t<div class=\"elementor-element elementor-element-85a3483 e-con-full e-flex e-con e-parent\" data-id=\"85a3483\" data-element_type=\"container\" id=\"receta-5\" data-settings=\"{&quot;background_background&quot;:&quot;classic&quot;}\">\n\t\t<div class=\"elementor-element elementor-element-5c4163a e-con-full e-flex e-con e-child\" data-id=\"5c4163a\" data-element_type=\"container\">\n\t\t<div class=\"elementor-element elementor-element-38321ec e-con-full e-flex e-con e-child\" data-id=\"38321ec\" data-element_type=\"container\">\n\t\t\t\t<div class=\"elementor-element elementor-element-6dd95b2 elementor-widget elementor-widget-heading\" data-id=\"6dd95b2\" data-element_type=\"widget\" data-widget_type=\"heading.default\">\n\t\t\t\t<div class=\"elementor-widget-container\">\n\t\t\t\t\t<h2 class=\"elementor-heading-title elementor-size-default\">Ingredientes<\/h2>\t\t\t\t<\/div>\n\t\t\t\t<\/div>\n\t\t\t\t<div class=\"elementor-element elementor-element-2ac96a3 elementor-widget elementor-widget-text-editor\" data-id=\"2ac96a3\" data-element_type=\"widget\" data-widget_type=\"text-editor.default\">\n\t\t\t\t<div class=\"elementor-widget-container\">\n\t\t\t\t\t\t\t\t\t<p>Brotes verdes al gusto<\/p>\n<p>Medio aguacate<\/p>\n<p>40 g de pepino<\/p>\n<p>Rabanitos al gusto<\/p>\n<p>Olivas negras sin hueso<\/p>\n<p>1 pack de Toppings de Pollo al Horno de Serrano<\/p>\t\t\t\t\t\t\t\t<\/div>\n\t\t\t\t<\/div>\n\t\t\t\t<div class=\"elementor-element elementor-element-03ac4a4 elementor-widget elementor-widget-heading\" data-id=\"03ac4a4\" data-element_type=\"widget\" data-widget_type=\"heading.default\">\n\t\t\t\t<div class=\"elementor-widget-container\">\n\t\t\t\t\t<h2 class=\"elementor-heading-title elementor-size-default\">Para la cobertura:<\/h2>\t\t\t\t<\/div>\n\t\t\t\t<\/div>\n\t\t\t\t<div class=\"elementor-element elementor-element-07018f9 elementor-widget elementor-widget-text-editor\" data-id=\"07018f9\" data-element_type=\"widget\" data-widget_type=\"text-editor.default\">\n\t\t\t\t<div class=\"elementor-widget-container\">\n\t\t\t\t\t\t\t\t\t<p>20 ml de vinagre de manzana<\/p><p>1 cucharadita de mostaza<\/p><p>Zumo de medio lim\u00f3n<\/p><p>1 cucharadita de az\u00facar moreno o agave<\/p><p>Una pizca de sal<\/p><p>80 ml de aceite de oliva virgen extra<\/p>\t\t\t\t\t\t\t\t<\/div>\n\t\t\t\t<\/div>\n\t\t\t\t<\/div>\n\t\t<div class=\"elementor-element elementor-element-40169fa e-con-full e-flex e-con e-child\" data-id=\"40169fa\" data-element_type=\"container\" data-settings=\"{&quot;background_background&quot;:&quot;classic&quot;}\">\n\t\t\t\t<div class=\"elementor-element elementor-element-8fbb09f elementor-widget elementor-widget-heading\" data-id=\"8fbb09f\" data-element_type=\"widget\" data-widget_type=\"heading.default\">\n\t\t\t\t<div class=\"elementor-widget-container\">\n\t\t\t\t\t<h2 class=\"elementor-heading-title elementor-size-default\">Elaboraci\u00f3n<\/h2>\t\t\t\t<\/div>\n\t\t\t\t<\/div>\n\t\t\t\t<div class=\"elementor-element elementor-element-4bbced0 elementor-widget elementor-widget-text-editor\" data-id=\"4bbced0\" data-element_type=\"widget\" data-widget_type=\"text-editor.default\">\n\t\t\t\t<div class=\"elementor-widget-container\">\n\t\t\t\t\t\t\t\t\t<ol>\n<li>Deshidrata las olivas cort\u00e1ndolas en rodajas y poni\u00e9ndolas en el microondas con la funci\u00f3n de descongelar durante unos 3 minutos.<\/li>\n<li>Prepara la vinagreta: mezcla en un bote el vinagre de manzana, la mostaza, el zumo de lim\u00f3n, el az\u00facar, la sal y el aceite de oliva. Agita bien y reserva.<\/li>\n<li>Remoja los brotes verdes en un bol con hielo durante unos minutos, luego esc\u00farrelos bien y s\u00e9calos con papel absorbente.<\/li>\n<li>Lamina el aguacate y el pepino y corta los rabanitos en rodajas o gajos.<\/li>\n<li>Monta la ensalada con los brotes verdes, el aguacate, el pepino y los rabanitos. Cor\u00f3nala con los toppings de pollo y las olivas deshidratadas.<\/li>\n<li>Roc\u00eda la ensalada con la vinagreta antes de servir.<\/li>\n<\/ol>\t\t\t\t\t\t\t\t<\/div>\n\t\t\t\t<\/div>\n\t\t\t\t<\/div>\n\t\t\t\t<\/div>\n\t\t<div class=\"elementor-element elementor-element-1c97ad8 e-con-full e-flex e-con e-child\" data-id=\"1c97ad8\" data-element_type=\"container\" data-settings=\"{&quot;sticky&quot;:&quot;top&quot;,&quot;sticky_offset&quot;:50,&quot;sticky_parent&quot;:&quot;yes&quot;,&quot;sticky_on&quot;:[&quot;desktop&quot;,&quot;tablet&quot;,&quot;mobile&quot;],&quot;sticky_effects_offset&quot;:0}\">\n\t\t<div class=\"elementor-element elementor-element-44b626d e-con-full e-flex e-con e-child\" data-id=\"44b626d\" data-element_type=\"container\">\n\t\t\t\t<div class=\"elementor-element elementor-element-e8e4700 e-transform e-transform e-transform e-transform elementor-widget elementor-widget-image\" data-id=\"e8e4700\" data-element_type=\"widget\" data-settings=\"{&quot;_transform_rotateZ_effect&quot;:{&quot;unit&quot;:&quot;px&quot;,&quot;size&quot;:10,&quot;sizes&quot;:[]},&quot;_transform_scale_effect&quot;:{&quot;unit&quot;:&quot;px&quot;,&quot;size&quot;:0.8,&quot;sizes&quot;:[]},&quot;_transform_rotateZ_effect_hover&quot;:{&quot;unit&quot;:&quot;px&quot;,&quot;size&quot;:-15,&quot;sizes&quot;:[]},&quot;_transform_scale_effect_hover&quot;:{&quot;unit&quot;:&quot;px&quot;,&quot;size&quot;:1,&quot;sizes&quot;:[]},&quot;_transform_rotateZ_effect_tablet&quot;:{&quot;unit&quot;:&quot;deg&quot;,&quot;size&quot;:&quot;&quot;,&quot;sizes&quot;:[]},&quot;_transform_rotateZ_effect_mobile&quot;:{&quot;unit&quot;:&quot;deg&quot;,&quot;size&quot;:&quot;&quot;,&quot;sizes&quot;:[]},&quot;_transform_scale_effect_tablet&quot;:{&quot;unit&quot;:&quot;px&quot;,&quot;size&quot;:&quot;&quot;,&quot;sizes&quot;:[]},&quot;_transform_scale_effect_mobile&quot;:{&quot;unit&quot;:&quot;px&quot;,&quot;size&quot;:&quot;&quot;,&quot;sizes&quot;:[]},&quot;_transform_rotateZ_effect_hover_tablet&quot;:{&quot;unit&quot;:&quot;deg&quot;,&quot;size&quot;:&quot;&quot;,&quot;sizes&quot;:[]},&quot;_transform_rotateZ_effect_hover_mobile&quot;:{&quot;unit&quot;:&quot;deg&quot;,&quot;size&quot;:&quot;&quot;,&quot;sizes&quot;:[]},&quot;_transform_scale_effect_hover_tablet&quot;:{&quot;unit&quot;:&quot;px&quot;,&quot;size&quot;:&quot;&quot;,&quot;sizes&quot;:[]},&quot;_transform_scale_effect_hover_mobile&quot;:{&quot;unit&quot;:&quot;px&quot;,&quot;size&quot;:&quot;&quot;,&quot;sizes&quot;:[]}}\" data-widget_type=\"image.default\">\n\t\t\t\t<div class=\"elementor-widget-container\">\n\t\t\t\t\t\t\t\t\t\t\t\t\t\t\t\t<a href=\"https:\/\/pasateaserrano.com\/producto\/pechuga-de-pollo-al-horno\/\">\n\t\t\t\t\t\t\t<img decoding=\"async\" width=\"700\" height=\"700\" src=\"https:\/\/pasateaserrano.com\/elcolorestaenelinterior\/wp-content\/uploads\/2024\/09\/toppings-pechuga-de-pollo-al-horno.png\" class=\"attachment-large size-large wp-image-474\" alt=\"\" srcset=\"https:\/\/pasateaserrano.com\/elcolorestaenelinterior\/wp-content\/uploads\/2024\/09\/toppings-pechuga-de-pollo-al-horno.png 700w, https:\/\/pasateaserrano.com\/elcolorestaenelinterior\/wp-content\/uploads\/2024\/09\/toppings-pechuga-de-pollo-al-horno-300x300.png 300w, https:\/\/pasateaserrano.com\/elcolorestaenelinterior\/wp-content\/uploads\/2024\/09\/toppings-pechuga-de-pollo-al-horno-150x150.png 150w\" sizes=\"(max-width: 700px) 100vw, 700px\" \/>\t\t\t\t\t\t\t\t<\/a>\n\t\t\t\t\t\t\t\t\t\t\t\t\t\t\t<\/div>\n\t\t\t\t<\/div>\n\t\t\t\t<\/div>\n\t\t\t\t<\/div>\n\t\t\t\t<\/div>\n\t\t\t\t<\/div>\n\t\t","protected":false},"excerpt":{"rendered":"<p>Ensalada con Toppings de Pollo al Horno y Vinagreta de Mostaza y Lim\u00f3n Ver Receta Ingredientes Brotes verdes al gusto Medio aguacate 40 g de pepino Rabanitos al gusto Olivas negras sin hueso 1 pack de Toppings de Pollo al Horno de Serrano Para la cobertura: 20 ml de vinagre de manzana 1 cucharadita de [&hellip;]<\/p>\n","protected":false},"author":2,"featured_media":0,"parent":0,"menu_order":0,"comment_status":"closed","ping_status":"closed","template":"","meta":{"footnotes":""},"class_list":["post-626","page","type-page","status-publish","hentry"],"_links":{"self":[{"href":"https:\/\/pasateaserrano.com\/elcolorestaenelinterior\/wp-json\/wp\/v2\/pages\/626","targetHints":{"allow":["GET"]}}],"collection":[{"href":"https:\/\/pasateaserrano.com\/elcolorestaenelinterior\/wp-json\/wp\/v2\/pages"}],"about":[{"href":"https:\/\/pasateaserrano.com\/elcolorestaenelinterior\/wp-json\/wp\/v2\/types\/page"}],"author":[{"embeddable":true,"href":"https:\/\/pasateaserrano.com\/elcolorestaenelinterior\/wp-json\/wp\/v2\/users\/2"}],"replies":[{"embeddable":true,"href":"https:\/\/pasateaserrano.com\/elcolorestaenelinterior\/wp-json\/wp\/v2\/comments?post=626"}],"version-history":[{"count":46,"href":"https:\/\/pasateaserrano.com\/elcolorestaenelinterior\/wp-json\/wp\/v2\/pages\/626\/revisions"}],"predecessor-version":[{"id":1178,"href":"https:\/\/pasateaserrano.com\/elcolorestaenelinterior\/wp-json\/wp\/v2\/pages\/626\/revisions\/1178"}],"wp:attachment":[{"href":"https:\/\/pasateaserrano.com\/elcolorestaenelinterior\/wp-json\/wp\/v2\/media?parent=626"}],"curies":[{"name":"wp","href":"https:\/\/api.w.org\/{rel}","templated":true}]}}