{"id":11199,"date":"2025-12-30T01:57:45","date_gmt":"2025-12-29T23:57:45","guid":{"rendered":"https:\/\/pasateaserrano.com\/?page_id=11199"},"modified":"2025-12-30T02:04:58","modified_gmt":"2025-12-30T00:04:58","slug":"our-recipes","status":"publish","type":"page","link":"https:\/\/pasateaserrano.com\/en\/serrano-moments\/our-recipes\/","title":{"rendered":"Our recipes"},"content":{"rendered":"","protected":false},"excerpt":{"rendered":"","protected":false},"author":3,"featured_media":0,"parent":2544,"menu_order":0,"comment_status":"closed","ping_status":"closed","template":"page-featured-items-4col.php","meta":{"_acf_changed":false,"footnotes":""},"class_list":["post-11199","page","type-page","status-publish","hentry"],"acf":[],"yoast_head":"<!-- This site is optimized with the Yoast SEO plugin v27.3 - https:\/\/yoast.com\/product\/yoast-seo-wordpress\/ -->\n<title>Deliciosas y f\u00e1ciles recetas para sorprender a los tuyos. #ComeBienYQu\u00e9dateEnCasa<\/title>\n<meta name=\"description\" content=\"Si eres un amante de la cocina saludable \u00e9ste es tu lugar. Conoce nuestras recetas saludables hechas con productos de Serrano. \u00a1 Disfr\u00fatalas !\" \/>\n<meta name=\"robots\" content=\"index, follow, max-snippet:-1, max-image-preview:large, max-video-preview:-1\" \/>\n<link rel=\"canonical\" href=\"https:\/\/pasateaserrano.com\/en\/serrano-moments\/our-recipes\/\" \/>\n<meta property=\"og:locale\" content=\"en_US\" \/>\n<meta property=\"og:type\" content=\"article\" \/>\n<meta property=\"og:title\" content=\"Deliciosas y f\u00e1ciles recetas para sorprender a los tuyos. #ComeBienYQu\u00e9dateEnCasa\" \/>\n<meta property=\"og:description\" content=\"Si eres un amante de la cocina saludable \u00e9ste es tu lugar. Conoce nuestras recetas saludables hechas con productos de Serrano. \u00a1 Disfr\u00fatalas !\" \/>\n<meta property=\"og:url\" content=\"https:\/\/pasateaserrano.com\/en\/serrano-moments\/our-recipes\/\" \/>\n<meta property=\"og:site_name\" content=\"P\u00e1sate a Serrano\" \/>\n<meta property=\"article:publisher\" content=\"https:\/\/es-es.facebook.com\/pasateaserrano\/\" \/>\n<meta property=\"article:modified_time\" content=\"2025-12-30T00:04:58+00:00\" \/>\n<meta property=\"og:image\" content=\"https:\/\/pasateaserrano.com\/wp-content\/uploads\/2020\/04\/recetas-og.jpg\" \/>\n\t<meta property=\"og:image:width\" content=\"796\" \/>\n\t<meta property=\"og:image:height\" content=\"531\" \/>\n\t<meta property=\"og:image:type\" content=\"image\/jpeg\" \/>\n<meta name=\"twitter:card\" content=\"summary_large_image\" \/>\n<meta name=\"twitter:image\" content=\"https:\/\/pasateaserrano.com\/wp-content\/uploads\/2020\/04\/recetas-og.jpg\" \/>\n<meta name=\"twitter:site\" content=\"@serranocarnicas\" \/>\n<script type=\"application\/ld+json\" class=\"yoast-schema-graph\">{\"@context\":\"https:\\\/\\\/schema.org\",\"@graph\":[{\"@type\":\"WebPage\",\"@id\":\"https:\\\/\\\/pasateaserrano.com\\\/en\\\/serrano-moments\\\/our-recipes\\\/\",\"url\":\"https:\\\/\\\/pasateaserrano.com\\\/en\\\/serrano-moments\\\/our-recipes\\\/\",\"name\":\"Deliciosas y f\u00e1ciles recetas para sorprender a los tuyos. #ComeBienYQu\u00e9dateEnCasa\",\"isPartOf\":{\"@id\":\"https:\\\/\\\/pasateaserrano.com\\\/en\\\/#website\"},\"datePublished\":\"2025-12-29T23:57:45+00:00\",\"dateModified\":\"2025-12-30T00:04:58+00:00\",\"description\":\"Si eres un amante de la cocina saludable \u00e9ste es tu lugar. Conoce nuestras recetas saludables hechas con productos de Serrano. \u00a1 Disfr\u00fatalas !\",\"breadcrumb\":{\"@id\":\"https:\\\/\\\/pasateaserrano.com\\\/en\\\/serrano-moments\\\/our-recipes\\\/#breadcrumb\"},\"inLanguage\":\"en-US\",\"potentialAction\":[{\"@type\":\"ReadAction\",\"target\":[\"https:\\\/\\\/pasateaserrano.com\\\/en\\\/serrano-moments\\\/our-recipes\\\/\"]}]},{\"@type\":\"BreadcrumbList\",\"@id\":\"https:\\\/\\\/pasateaserrano.com\\\/en\\\/serrano-moments\\\/our-recipes\\\/#breadcrumb\",\"itemListElement\":[{\"@type\":\"ListItem\",\"position\":1,\"name\":\"Home\",\"item\":\"https:\\\/\\\/pasateaserrano.com\\\/en\\\/\"},{\"@type\":\"ListItem\",\"position\":2,\"name\":\"Serrano moments\",\"item\":\"https:\\\/\\\/pasateaserrano.com\\\/en\\\/serrano-moments\\\/\"},{\"@type\":\"ListItem\",\"position\":3,\"name\":\"Our recipes\"}]},{\"@type\":\"WebSite\",\"@id\":\"https:\\\/\\\/pasateaserrano.com\\\/en\\\/#website\",\"url\":\"https:\\\/\\\/pasateaserrano.com\\\/en\\\/\",\"name\":\"Pasate a Serrano\",\"description\":\"\",\"publisher\":{\"@id\":\"https:\\\/\\\/pasateaserrano.com\\\/en\\\/#organization\"},\"potentialAction\":[{\"@type\":\"SearchAction\",\"target\":{\"@type\":\"EntryPoint\",\"urlTemplate\":\"https:\\\/\\\/pasateaserrano.com\\\/en\\\/?s={search_term_string}\"},\"query-input\":{\"@type\":\"PropertyValueSpecification\",\"valueRequired\":true,\"valueName\":\"search_term_string\"}}],\"inLanguage\":\"en-US\"},{\"@type\":\"Organization\",\"@id\":\"https:\\\/\\\/pasateaserrano.com\\\/en\\\/#organization\",\"name\":\"C\u00e1rnicas Serrano, S.A.\",\"url\":\"https:\\\/\\\/pasateaserrano.com\\\/en\\\/\",\"logo\":{\"@type\":\"ImageObject\",\"inLanguage\":\"en-US\",\"@id\":\"https:\\\/\\\/pasateaserrano.com\\\/en\\\/#\\\/schema\\\/logo\\\/image\\\/\",\"url\":\"https:\\\/\\\/pasateaserrano.com\\\/wp-content\\\/uploads\\\/2019\\\/04\\\/serrano-logo.png\",\"contentUrl\":\"https:\\\/\\\/pasateaserrano.com\\\/wp-content\\\/uploads\\\/2019\\\/04\\\/serrano-logo.png\",\"width\":350,\"height\":190,\"caption\":\"C\u00e1rnicas Serrano, S.A.\"},\"image\":{\"@id\":\"https:\\\/\\\/pasateaserrano.com\\\/en\\\/#\\\/schema\\\/logo\\\/image\\\/\"},\"sameAs\":[\"https:\\\/\\\/es-es.facebook.com\\\/pasateaserrano\\\/\",\"https:\\\/\\\/x.com\\\/serranocarnicas\",\"https:\\\/\\\/www.instagram.com\\\/serrano_carnicas\\\/\",\"https:\\\/\\\/www.youtube.com\\\/channel\\\/UCqaAEc2UX5H9u6jsQq5yHdA\"]}]}<\/script>\n<!-- \/ Yoast SEO plugin. -->","yoast_head_json":{"title":"Deliciosas y f\u00e1ciles recetas para sorprender a los tuyos. #ComeBienYQu\u00e9dateEnCasa","description":"Si eres un amante de la cocina saludable \u00e9ste es tu lugar. Conoce nuestras recetas saludables hechas con productos de Serrano. \u00a1 Disfr\u00fatalas !","robots":{"index":"index","follow":"follow","max-snippet":"max-snippet:-1","max-image-preview":"max-image-preview:large","max-video-preview":"max-video-preview:-1"},"canonical":"https:\/\/pasateaserrano.com\/en\/serrano-moments\/our-recipes\/","og_locale":"en_US","og_type":"article","og_title":"Deliciosas y f\u00e1ciles recetas para sorprender a los tuyos. #ComeBienYQu\u00e9dateEnCasa","og_description":"Si eres un amante de la cocina saludable \u00e9ste es tu lugar. Conoce nuestras recetas saludables hechas con productos de Serrano. \u00a1 Disfr\u00fatalas !","og_url":"https:\/\/pasateaserrano.com\/en\/serrano-moments\/our-recipes\/","og_site_name":"P\u00e1sate a Serrano","article_publisher":"https:\/\/es-es.facebook.com\/pasateaserrano\/","article_modified_time":"2025-12-30T00:04:58+00:00","og_image":[{"width":796,"height":531,"url":"https:\/\/pasateaserrano.com\/wp-content\/uploads\/2020\/04\/recetas-og.jpg","type":"image\/jpeg"}],"twitter_card":"summary_large_image","twitter_image":"https:\/\/pasateaserrano.com\/wp-content\/uploads\/2020\/04\/recetas-og.jpg","twitter_site":"@serranocarnicas","schema":{"@context":"https:\/\/schema.org","@graph":[{"@type":"WebPage","@id":"https:\/\/pasateaserrano.com\/en\/serrano-moments\/our-recipes\/","url":"https:\/\/pasateaserrano.com\/en\/serrano-moments\/our-recipes\/","name":"Deliciosas y f\u00e1ciles recetas para sorprender a los tuyos. #ComeBienYQu\u00e9dateEnCasa","isPartOf":{"@id":"https:\/\/pasateaserrano.com\/en\/#website"},"datePublished":"2025-12-29T23:57:45+00:00","dateModified":"2025-12-30T00:04:58+00:00","description":"Si eres un amante de la cocina saludable \u00e9ste es tu lugar. Conoce nuestras recetas saludables hechas con productos de Serrano. \u00a1 Disfr\u00fatalas !","breadcrumb":{"@id":"https:\/\/pasateaserrano.com\/en\/serrano-moments\/our-recipes\/#breadcrumb"},"inLanguage":"en-US","potentialAction":[{"@type":"ReadAction","target":["https:\/\/pasateaserrano.com\/en\/serrano-moments\/our-recipes\/"]}]},{"@type":"BreadcrumbList","@id":"https:\/\/pasateaserrano.com\/en\/serrano-moments\/our-recipes\/#breadcrumb","itemListElement":[{"@type":"ListItem","position":1,"name":"Home","item":"https:\/\/pasateaserrano.com\/en\/"},{"@type":"ListItem","position":2,"name":"Serrano moments","item":"https:\/\/pasateaserrano.com\/en\/serrano-moments\/"},{"@type":"ListItem","position":3,"name":"Our recipes"}]},{"@type":"WebSite","@id":"https:\/\/pasateaserrano.com\/en\/#website","url":"https:\/\/pasateaserrano.com\/en\/","name":"Pasate a Serrano","description":"","publisher":{"@id":"https:\/\/pasateaserrano.com\/en\/#organization"},"potentialAction":[{"@type":"SearchAction","target":{"@type":"EntryPoint","urlTemplate":"https:\/\/pasateaserrano.com\/en\/?s={search_term_string}"},"query-input":{"@type":"PropertyValueSpecification","valueRequired":true,"valueName":"search_term_string"}}],"inLanguage":"en-US"},{"@type":"Organization","@id":"https:\/\/pasateaserrano.com\/en\/#organization","name":"C\u00e1rnicas Serrano, S.A.","url":"https:\/\/pasateaserrano.com\/en\/","logo":{"@type":"ImageObject","inLanguage":"en-US","@id":"https:\/\/pasateaserrano.com\/en\/#\/schema\/logo\/image\/","url":"https:\/\/pasateaserrano.com\/wp-content\/uploads\/2019\/04\/serrano-logo.png","contentUrl":"https:\/\/pasateaserrano.com\/wp-content\/uploads\/2019\/04\/serrano-logo.png","width":350,"height":190,"caption":"C\u00e1rnicas Serrano, S.A."},"image":{"@id":"https:\/\/pasateaserrano.com\/en\/#\/schema\/logo\/image\/"},"sameAs":["https:\/\/es-es.facebook.com\/pasateaserrano\/","https:\/\/x.com\/serranocarnicas","https:\/\/www.instagram.com\/serrano_carnicas\/","https:\/\/www.youtube.com\/channel\/UCqaAEc2UX5H9u6jsQq5yHdA"]}]}},"_links":{"self":[{"href":"https:\/\/pasateaserrano.com\/en\/wp-json\/wp\/v2\/pages\/11199","targetHints":{"allow":["GET"]}}],"collection":[{"href":"https:\/\/pasateaserrano.com\/en\/wp-json\/wp\/v2\/pages"}],"about":[{"href":"https:\/\/pasateaserrano.com\/en\/wp-json\/wp\/v2\/types\/page"}],"author":[{"embeddable":true,"href":"https:\/\/pasateaserrano.com\/en\/wp-json\/wp\/v2\/users\/3"}],"replies":[{"embeddable":true,"href":"https:\/\/pasateaserrano.com\/en\/wp-json\/wp\/v2\/comments?post=11199"}],"version-history":[{"count":2,"href":"https:\/\/pasateaserrano.com\/en\/wp-json\/wp\/v2\/pages\/11199\/revisions"}],"predecessor-version":[{"id":11205,"href":"https:\/\/pasateaserrano.com\/en\/wp-json\/wp\/v2\/pages\/11199\/revisions\/11205"}],"up":[{"embeddable":true,"href":"https:\/\/pasateaserrano.com\/en\/wp-json\/wp\/v2\/pages\/2544"}],"wp:attachment":[{"href":"https:\/\/pasateaserrano.com\/en\/wp-json\/wp\/v2\/media?parent=11199"}],"curies":[{"name":"wp","href":"https:\/\/api.w.org\/{rel}","templated":true}]}}