{"id":2561,"date":"2020-09-21T14:02:31","date_gmt":"2020-09-21T12:02:31","guid":{"rendered":"https:\/\/pasateaserrano.com\/?page_id=2561"},"modified":"2020-09-21T14:02:34","modified_gmt":"2020-09-21T12:02:34","slug":"privacy-policy","status":"publish","type":"page","link":"https:\/\/pasateaserrano.com\/en\/privacy-policy\/","title":{"rendered":"Privacy Policy"},"content":{"rendered":"\n\t<section class=\"section\" id=\"section_1449297525\">\n\t\t<div class=\"section-bg fill\" >\n\t\t\t<img fetchpriority=\"high\" decoding=\"async\" width=\"1920\" height=\"1281\" src=\"https:\/\/pasateaserrano.com\/wp-content\/uploads\/2019\/05\/legal-header.jpg\" class=\"bg attachment- size-\" alt=\"Textos legales\" \/>\t\t\t\t\t\t\n\t\t\t\n\n\t\t<\/div>\n\n\t\t\n\n\t\t<div class=\"section-content relative\">\n\t\t\t\n\t\t<\/div>\n\n\t\t\n<style>\n#section_1449297525 {\n  padding-top: 30px;\n  padding-bottom: 30px;\n  min-height: 60vh;\n}\n#section_1449297525 .section-bg img {\n  object-position: 53% 54%;\n}\n<\/style>\n\t<\/section>\n\t\n<div class=\"row\"  id=\"row-1164742096\">\n\n\t<div id=\"col-900653690\" class=\"col small-12 large-12\"  >\n\t\t\t\t<div class=\"col-inner\"  >\n\t\t\t\n\t\t\t\n<h1><strong>POL\u00cdTICA DE PRIVACIDAD<\/strong><\/h1>\n<p>Fecha de \u00faltima actualizaci\u00f3n: 25\/04\/2019<\/p>\n<p><strong>\u00bfQUI\u00c9N ES EL RESPONSABLE DEL TRATAMIENTO?<\/strong><\/p>\n<ul>\n<li>Identidad del responsable: C\u00c1RNICAS SERRANO, S.L. (CIF: B46114724)<\/li>\n<li>Direcci\u00f3n f\u00edsica: C\/VILLA DE MADRID N\u00ba45 &#8211; 46988 PATERNA (VALENCIA)<\/li>\n<li>Correo electr\u00f3nico: rgpd@serrano.es<\/li>\n<li>Tel\u00e9fono: 961 34 11 12<\/li>\n<\/ul>\n<p><strong>\u00bfCON QU\u00c9 FINALIDAD TRATAMOS LOS DATOS PERSONALES?<\/strong><\/p>\n<p>En SERRANO se tratan los datos personales con las siguientes finalidades:<\/p>\n<ul>\n<li>Contacto: responder a las solicitudes de informaci\u00f3n recibidas sobre los productos que se ofrecen, as\u00ed como dar respuesta a cualquier otro tipo de pregunta que env\u00eden los usuarios.<\/li>\n<li>Empleo: Realizar procesos internos de selecci\u00f3n de personal, tanto actuales como futuros.<\/li>\n<\/ul>\n<p><strong>\u00bfDURANTE CU\u00c1NTO TRATAMOS LOS DATOS PERSONALES?<\/strong><\/p>\n<p>En SERRANO se tratan los datos personales durante los siguientes plazos:<\/p>\n<ul>\n<li>Contacto: el plazo de conservaci\u00f3n de los datos ser\u00e1 mientras el usuario no manifieste su derecho de supresi\u00f3n<\/li>\n<li>Empleo: Los datos se conservar\u00e1n mientras el candidato no manifieste su derecho de cancelaci\u00f3n. El plazo m\u00e1ximo de conservaci\u00f3n de informaci\u00f3n curricular por parte de nuestra empresa ser\u00e1 de un a\u00f1o.<\/li>\n<\/ul>\n<p><strong>\u00bfCU\u00c1L ES LA LEGITIMACI\u00d3N PARA EL TRATAMIENTO DE LOS DATOS?<\/strong><\/p>\n<p>Al acceder a nuestra web y rellenar los formularios o enviarnos datos a trav\u00e9s de los medios de contacto electr\u00f3nicos indicados, aceptas esta Pol\u00edtica de Privacidad. Es por ello, que nos basamos en el consentimiento del usuario para el tratamiento de sus datos. Adicionalmente, te informamos que s\u00f3lo usaremos la informaci\u00f3n de car\u00e1cter personal en virtud de esta Pol\u00edtica de Privacidad y, con car\u00e1cter general, solicitaremos tu consentimiento para usos con fines distintos de aqu\u00e9llos para los cuales los otorgaste inicialmente. Finalmente, te informamos que puedes retirar el consentimiento en cualquier momento, solo tendr\u00e1s que ponerte en contacto con nosotros a trav\u00e9s de los medios indicados en esta pol\u00edtica de privacidad<\/p>\n<p><strong>\u00bfCON QUI\u00c9N COMPARTIMOS LOS DATOS PERSONALES?<\/strong><\/p>\n<p>Los datos personales recabados no ser\u00e1n en ning\u00fan caso cedidos a terceros ni hechos p\u00fablicos, salvo en los supuestos en que lo consienta, participe voluntariamente o por obligaciones legales expresas.<\/p>\n<p>\u00danicamente compartimos informaci\u00f3n personal con ciertas empresas que prestan servicios, proporcionando \u00fanicamente aquellos datos necesarios para estos fines. Exigimos a cualquier empresa con la que pudi\u00e9ramos compartir informaci\u00f3n personal que proteja esos datos de conformidad con la presente pol\u00edtica, limite el uso de la informaci\u00f3n personal a la prestaci\u00f3n de servicios, adem\u00e1s de firmar los correspondientes contratos de acceso a datos conforme a la normativa vigente de protecci\u00f3n de datos. Tambi\u00e9n le informamos de que en el caso de que se realicen transferencias internacionales fuera del Espacio Econ\u00f3mico Europeo exigimos que estas empresas dispongan de \u201cseguros\u201d mediante acuerdos internacionales, o adhesi\u00f3n el Escudo de Privacidad UE-EE.UU ( EU- US Privacy Shield)<\/p>\n<p>No se comunicar\u00e1n los datos a terceros, salvo obligaci\u00f3n legal. Tambi\u00e9n compartimos Informaci\u00f3n personal con ciertas empresas que prestan servicios a nuestra empresa (soporte y desarrollo web, email marketing). Solo compartimos la Informaci\u00f3n personal necesaria para que puedan prestar dichos servicios. Exigimos a cualquier empresa con la que pudi\u00e9ramos compartir Informaci\u00f3n personal que proteja esos datos de una forma que cumpla con las disposiciones de esta pol\u00edtica y que limite el uso de dicha Informaci\u00f3n personal a la prestaci\u00f3n de servicios, adem\u00e1s de firmar los correspondientes contratos de acceso a datos conforme la normativa de protecci\u00f3n de datos exige en estos casos. Del mismo modo, informamos que no se realizan transferencias internacionales fuera del Espacio Econ\u00f3mico Europeo.<\/p>\n<p><strong>\u00bfQU\u00c9 DERECHOS PUEDES EJERCER?<\/strong><\/p>\n<p>El interesado podr\u00e1 ejercitar sus derechos sobre protecci\u00f3n de datos (acceso, rectificaci\u00f3n, oposici\u00f3n, supresi\u00f3n, decisiones automatizadas, limitaci\u00f3n del tratamiento, portabilidad) por correo electr\u00f3nico en rgpd@serrano.es, o por correo postal en C\/ Villa de Madrid, 45 \u2013 46988, Paterna (Valencia). Deber\u00e1 aportarse documentaci\u00f3n que acredite la identidad del solicitante (copia del anverso del Documento Nacional de Identidad, o equivalente). El plazo de respuesta m\u00e1ximo ser\u00e1 de 30 d\u00edas desde su recepci\u00f3n, pudiendo prorrogarse como m\u00e1ximo por un plazo de 2 meses siempre que sea necesario.<\/p>\n<p>En cualquier caso, puede solicitar la tutela de la Agencia Espa\u00f1ola de Protecci\u00f3n de Datos a trav\u00e9s de su p\u00e1gina web.<\/p>\n\t\t<\/div>\n\t\t\t\t\t<\/div>\n\n\t\n<\/div>\n","protected":false},"excerpt":{"rendered":"","protected":false},"author":4,"featured_media":0,"parent":0,"menu_order":0,"comment_status":"closed","ping_status":"closed","template":"page-transparent-header.php","meta":{"_acf_changed":false,"footnotes":""},"class_list":["post-2561","page","type-page","status-publish","hentry"],"acf":[],"yoast_head":"<!-- This site is optimized with the Yoast SEO plugin v27.3 - https:\/\/yoast.com\/product\/yoast-seo-wordpress\/ -->\n<title>Privacy Policy - P\u00e1sate a Serrano<\/title>\n<meta name=\"robots\" content=\"index, follow, max-snippet:-1, max-image-preview:large, max-video-preview:-1\" \/>\n<link rel=\"canonical\" href=\"https:\/\/pasateaserrano.com\/en\/privacy-policy\/\" \/>\n<meta property=\"og:locale\" content=\"en_US\" \/>\n<meta property=\"og:type\" content=\"article\" \/>\n<meta property=\"og:title\" content=\"Privacy Policy - P\u00e1sate a Serrano\" \/>\n<meta property=\"og:url\" content=\"https:\/\/pasateaserrano.com\/en\/privacy-policy\/\" \/>\n<meta property=\"og:site_name\" content=\"P\u00e1sate a Serrano\" \/>\n<meta property=\"article:publisher\" content=\"https:\/\/es-es.facebook.com\/pasateaserrano\/\" \/>\n<meta property=\"article:modified_time\" content=\"2020-09-21T12:02:34+00:00\" \/>\n<meta name=\"twitter:card\" content=\"summary_large_image\" \/>\n<meta name=\"twitter:site\" content=\"@serranocarnicas\" \/>\n<meta name=\"twitter:label1\" content=\"Est. reading time\" \/>\n\t<meta name=\"twitter:data1\" content=\"4 minutes\" \/>\n<script type=\"application\/ld+json\" class=\"yoast-schema-graph\">{\"@context\":\"https:\\\/\\\/schema.org\",\"@graph\":[{\"@type\":\"WebPage\",\"@id\":\"https:\\\/\\\/pasateaserrano.com\\\/en\\\/privacy-policy\\\/\",\"url\":\"https:\\\/\\\/pasateaserrano.com\\\/en\\\/privacy-policy\\\/\",\"name\":\"Privacy Policy - P\u00e1sate a Serrano\",\"isPartOf\":{\"@id\":\"https:\\\/\\\/pasateaserrano.com\\\/en\\\/#website\"},\"datePublished\":\"2020-09-21T12:02:31+00:00\",\"dateModified\":\"2020-09-21T12:02:34+00:00\",\"breadcrumb\":{\"@id\":\"https:\\\/\\\/pasateaserrano.com\\\/en\\\/privacy-policy\\\/#breadcrumb\"},\"inLanguage\":\"en-US\",\"potentialAction\":[{\"@type\":\"ReadAction\",\"target\":[\"https:\\\/\\\/pasateaserrano.com\\\/en\\\/privacy-policy\\\/\"]}]},{\"@type\":\"BreadcrumbList\",\"@id\":\"https:\\\/\\\/pasateaserrano.com\\\/en\\\/privacy-policy\\\/#breadcrumb\",\"itemListElement\":[{\"@type\":\"ListItem\",\"position\":1,\"name\":\"Home\",\"item\":\"https:\\\/\\\/pasateaserrano.com\\\/en\\\/\"},{\"@type\":\"ListItem\",\"position\":2,\"name\":\"Privacy Policy\"}]},{\"@type\":\"WebSite\",\"@id\":\"https:\\\/\\\/pasateaserrano.com\\\/en\\\/#website\",\"url\":\"https:\\\/\\\/pasateaserrano.com\\\/en\\\/\",\"name\":\"Pasate a Serrano\",\"description\":\"\",\"publisher\":{\"@id\":\"https:\\\/\\\/pasateaserrano.com\\\/en\\\/#organization\"},\"potentialAction\":[{\"@type\":\"SearchAction\",\"target\":{\"@type\":\"EntryPoint\",\"urlTemplate\":\"https:\\\/\\\/pasateaserrano.com\\\/en\\\/?s={search_term_string}\"},\"query-input\":{\"@type\":\"PropertyValueSpecification\",\"valueRequired\":true,\"valueName\":\"search_term_string\"}}],\"inLanguage\":\"en-US\"},{\"@type\":\"Organization\",\"@id\":\"https:\\\/\\\/pasateaserrano.com\\\/en\\\/#organization\",\"name\":\"C\u00e1rnicas Serrano, S.A.\",\"url\":\"https:\\\/\\\/pasateaserrano.com\\\/en\\\/\",\"logo\":{\"@type\":\"ImageObject\",\"inLanguage\":\"en-US\",\"@id\":\"https:\\\/\\\/pasateaserrano.com\\\/en\\\/#\\\/schema\\\/logo\\\/image\\\/\",\"url\":\"https:\\\/\\\/pasateaserrano.com\\\/wp-content\\\/uploads\\\/2019\\\/04\\\/serrano-logo.png\",\"contentUrl\":\"https:\\\/\\\/pasateaserrano.com\\\/wp-content\\\/uploads\\\/2019\\\/04\\\/serrano-logo.png\",\"width\":350,\"height\":190,\"caption\":\"C\u00e1rnicas Serrano, S.A.\"},\"image\":{\"@id\":\"https:\\\/\\\/pasateaserrano.com\\\/en\\\/#\\\/schema\\\/logo\\\/image\\\/\"},\"sameAs\":[\"https:\\\/\\\/es-es.facebook.com\\\/pasateaserrano\\\/\",\"https:\\\/\\\/x.com\\\/serranocarnicas\",\"https:\\\/\\\/www.instagram.com\\\/serrano_carnicas\\\/\",\"https:\\\/\\\/www.youtube.com\\\/channel\\\/UCqaAEc2UX5H9u6jsQq5yHdA\"]}]}<\/script>\n<!-- \/ Yoast SEO plugin. -->","yoast_head_json":{"title":"Privacy Policy - P\u00e1sate a Serrano","robots":{"index":"index","follow":"follow","max-snippet":"max-snippet:-1","max-image-preview":"max-image-preview:large","max-video-preview":"max-video-preview:-1"},"canonical":"https:\/\/pasateaserrano.com\/en\/privacy-policy\/","og_locale":"en_US","og_type":"article","og_title":"Privacy Policy - P\u00e1sate a Serrano","og_url":"https:\/\/pasateaserrano.com\/en\/privacy-policy\/","og_site_name":"P\u00e1sate a Serrano","article_publisher":"https:\/\/es-es.facebook.com\/pasateaserrano\/","article_modified_time":"2020-09-21T12:02:34+00:00","twitter_card":"summary_large_image","twitter_site":"@serranocarnicas","twitter_misc":{"Est. reading time":"4 minutes"},"schema":{"@context":"https:\/\/schema.org","@graph":[{"@type":"WebPage","@id":"https:\/\/pasateaserrano.com\/en\/privacy-policy\/","url":"https:\/\/pasateaserrano.com\/en\/privacy-policy\/","name":"Privacy Policy - P\u00e1sate a Serrano","isPartOf":{"@id":"https:\/\/pasateaserrano.com\/en\/#website"},"datePublished":"2020-09-21T12:02:31+00:00","dateModified":"2020-09-21T12:02:34+00:00","breadcrumb":{"@id":"https:\/\/pasateaserrano.com\/en\/privacy-policy\/#breadcrumb"},"inLanguage":"en-US","potentialAction":[{"@type":"ReadAction","target":["https:\/\/pasateaserrano.com\/en\/privacy-policy\/"]}]},{"@type":"BreadcrumbList","@id":"https:\/\/pasateaserrano.com\/en\/privacy-policy\/#breadcrumb","itemListElement":[{"@type":"ListItem","position":1,"name":"Home","item":"https:\/\/pasateaserrano.com\/en\/"},{"@type":"ListItem","position":2,"name":"Privacy Policy"}]},{"@type":"WebSite","@id":"https:\/\/pasateaserrano.com\/en\/#website","url":"https:\/\/pasateaserrano.com\/en\/","name":"Pasate a Serrano","description":"","publisher":{"@id":"https:\/\/pasateaserrano.com\/en\/#organization"},"potentialAction":[{"@type":"SearchAction","target":{"@type":"EntryPoint","urlTemplate":"https:\/\/pasateaserrano.com\/en\/?s={search_term_string}"},"query-input":{"@type":"PropertyValueSpecification","valueRequired":true,"valueName":"search_term_string"}}],"inLanguage":"en-US"},{"@type":"Organization","@id":"https:\/\/pasateaserrano.com\/en\/#organization","name":"C\u00e1rnicas Serrano, S.A.","url":"https:\/\/pasateaserrano.com\/en\/","logo":{"@type":"ImageObject","inLanguage":"en-US","@id":"https:\/\/pasateaserrano.com\/en\/#\/schema\/logo\/image\/","url":"https:\/\/pasateaserrano.com\/wp-content\/uploads\/2019\/04\/serrano-logo.png","contentUrl":"https:\/\/pasateaserrano.com\/wp-content\/uploads\/2019\/04\/serrano-logo.png","width":350,"height":190,"caption":"C\u00e1rnicas Serrano, S.A."},"image":{"@id":"https:\/\/pasateaserrano.com\/en\/#\/schema\/logo\/image\/"},"sameAs":["https:\/\/es-es.facebook.com\/pasateaserrano\/","https:\/\/x.com\/serranocarnicas","https:\/\/www.instagram.com\/serrano_carnicas\/","https:\/\/www.youtube.com\/channel\/UCqaAEc2UX5H9u6jsQq5yHdA"]}]}},"_links":{"self":[{"href":"https:\/\/pasateaserrano.com\/en\/wp-json\/wp\/v2\/pages\/2561","targetHints":{"allow":["GET"]}}],"collection":[{"href":"https:\/\/pasateaserrano.com\/en\/wp-json\/wp\/v2\/pages"}],"about":[{"href":"https:\/\/pasateaserrano.com\/en\/wp-json\/wp\/v2\/types\/page"}],"author":[{"embeddable":true,"href":"https:\/\/pasateaserrano.com\/en\/wp-json\/wp\/v2\/users\/4"}],"replies":[{"embeddable":true,"href":"https:\/\/pasateaserrano.com\/en\/wp-json\/wp\/v2\/comments?post=2561"}],"version-history":[{"count":1,"href":"https:\/\/pasateaserrano.com\/en\/wp-json\/wp\/v2\/pages\/2561\/revisions"}],"predecessor-version":[{"id":2562,"href":"https:\/\/pasateaserrano.com\/en\/wp-json\/wp\/v2\/pages\/2561\/revisions\/2562"}],"wp:attachment":[{"href":"https:\/\/pasateaserrano.com\/en\/wp-json\/wp\/v2\/media?parent=2561"}],"curies":[{"name":"wp","href":"https:\/\/api.w.org\/{rel}","templated":true}]}}