{"id":14,"date":"2023-08-14T10:46:27","date_gmt":"2023-08-14T10:46:27","guid":{"rendered":"https:\/\/pasateaserrano.com\/fluye\/?page_id=14"},"modified":"2023-09-11T09:32:17","modified_gmt":"2023-09-11T09:32:17","slug":"ronda","status":"publish","type":"page","link":"https:\/\/pasateaserrano.com\/fluye\/ronda\/","title":{"rendered":"Ronda"},"content":{"rendered":"\t<section class=\"section header-poblacion\" id=\"section_655274448\">\n\t\t<div class=\"bg section-bg fill bg-fill  \" >\n\n\t\t\t\n\t\t\t\n\t\t\t\n\n\t\t<\/div>\n\n\t\t\n\n\t\t<div class=\"section-content relative\">\n\t\t\t\n\t\t<\/div>\n\n\t\t\n<style>\n#section_655274448 {\n  padding-top: 30px;\n  padding-bottom: 30px;\n  min-height: 85vh;\n}\n#section_655274448 .section-bg.bg-loaded {\n  background-image: url(https:\/\/pasateaserrano.com\/fluye\/wp-content\/uploads\/2023\/08\/ronda-principal.jpg);\n}\n#section_655274448 .section-bg {\n  background-position: 50% 50%;\n}\n@media (min-width:550px) {\n  #section_655274448 {\n    min-height: 56.25vw;\n  }\n}\n<\/style>\n\t<\/section>\n\t\n\t<section class=\"section bgamarilloblanco\" id=\"section_1122310869\">\n\t\t<div class=\"bg section-bg fill bg-fill  bg-loaded\" >\n\n\t\t\t\n\t\t\t\n\t\t\t\n\n\t\t<\/div>\n\n\t\t\n\n\t\t<div class=\"section-content relative\">\n\t\t\t\n<div class=\"row row-collapse align-center\"  id=\"row-1714327385\">\n\n\t<div id=\"col-210086795\" class=\"col medium-8 small-12 large-8\"  >\n\t\t\t\t<div class=\"col-inner\"  >\n\t\t\t\n\t\t\t\n\t<div id=\"text-2581594411\" class=\"text fs46 verde2\">\n\t\t\n<h1 class=\"helio fs117 light verde2\" style=\"margin-top: 2vw;\">Ronda<\/h1>\n<p class=\"lh12\">Una ciudad hermosa y pintoresca en M\u00e1laga llena de historia y paisajes impresionantes.<\/p>\n\t\t\n<style>\n#text-2581594411 {\n  text-align: center;\n}\n<\/style>\n\t<\/div>\n\t\n\t\t<\/div>\n\t\t\t\t\t<\/div>\n\n\t\n<\/div>\n\t\t<\/div>\n\n\t\t\n<style>\n#section_1122310869 {\n  padding-top: 10vw;\n  padding-bottom: 10vw;\n}\n@media (min-width:550px) {\n  #section_1122310869 {\n    padding-top: 4vw;\n    padding-bottom: 4vw;\n  }\n}\n<\/style>\n\t<\/section>\n\t\n\t<section class=\"section\" id=\"section_1007632380\">\n\t\t<div class=\"bg section-bg fill bg-fill  bg-loaded\" >\n\n\t\t\t\n\t\t\t\n\t\t\t\n\n\t\t<\/div>\n\n\t\t\n\n\t\t<div class=\"section-content relative\">\n\t\t\t\n<div class=\"row row-collapse align-center\"  id=\"row-1958371382\">\n\n\t<div id=\"col-1352531711\" class=\"col medium-8 small-12 large-8\"  >\n\t\t\t\t<div class=\"col-inner\"  >\n\t\t\t\n\t\t\t\n\t<div id=\"text-555026856\" class=\"text blanco\">\n\t\t\n<div class=\"fs117 helio\">dejarse llevar<\/div>\n<div class=\"fs46\" style=\"margin-top: 0.7vw;\">con estas actividades y experiencias<\/div>\n\t\t\n<style>\n#text-555026856 {\n  text-align: center;\n}\n<\/style>\n\t<\/div>\n\t\n\t\t<\/div>\n\t\t\t\t\t<\/div>\n\n\t\n<\/div>\n\t<div id=\"gap-133265409\" class=\"gap-element clearfix\" style=\"display:block; height:auto;\">\n\t\t\n<style>\n#gap-133265409 {\n  padding-top: 13vw;\n}\n@media (min-width:550px) {\n  #gap-133265409 {\n    padding-top: 3vw;\n  }\n}\n<\/style>\n\t<\/div>\n\t\n<div class=\"row align-center\"  id=\"row-1453520994\">\n\n\t<div id=\"col-777752104\" class=\"col adorno-ron-01 medium-5 small-12 large-5\"  >\n\t\t\t\t<div class=\"col-inner\"  >\n\t\t\t\n\t\t\t\n\t<div class=\"img has-hover rad20 x md-x lg-x y md-y lg-y\" id=\"image_1388427617\">\n\t\t\t\t\t\t\t\t<div class=\"img-inner dark\" >\n\t\t\t<img loading=\"lazy\" decoding=\"async\" width=\"1020\" height=\"800\" src=\"https:\/\/pasateaserrano.com\/fluye\/wp-content\/uploads\/2023\/08\/ronda-01.jpg\" class=\"attachment-large size-large\" alt=\"\" srcset=\"https:\/\/pasateaserrano.com\/fluye\/wp-content\/uploads\/2023\/08\/ronda-01.jpg 1020w, https:\/\/pasateaserrano.com\/fluye\/wp-content\/uploads\/2023\/08\/ronda-01-300x235.jpg 300w, https:\/\/pasateaserrano.com\/fluye\/wp-content\/uploads\/2023\/08\/ronda-01-768x602.jpg 768w\" sizes=\"auto, (max-width: 1020px) 100vw, 1020px\" \/>\t\t\t\t\t\t\n\t\t\t\t\t<\/div>\n\t\t\t\t\t\t\t\t\n<style>\n#image_1388427617 {\n  width: 100%;\n}\n<\/style>\n\t<\/div>\n\t\n\t<div id=\"text-2186425739\" class=\"text verde2 bold fs35\">\n\t\t\n<p style=\"margin: 0 2vw;\">Haz el camino de los molinos para disfrutar de la mejor panor\u00e1mica del Puente Nuevo. <\/p>\n\t\t\n<style>\n#text-2186425739 {\n  text-align: center;\n}\n<\/style>\n\t<\/div>\n\t\n\t\t<\/div>\n\t\t\t\t\n<style>\n#col-777752104 > .col-inner {\n  margin: 0px 0px 30px 0px;\n}\n<\/style>\n\t<\/div>\n\n\t\n\n\t<div id=\"col-1888158940\" class=\"col hide-for-medium medium-1 small-12 large-1\"  >\n\t\t\t\t<div class=\"col-inner\"  >\n\t\t\t\n\t\t\t\n\t\t<\/div>\n\t\t\t\t\t<\/div>\n\n\t\n\n\t<div id=\"col-1849828951\" class=\"col adorno-ron-02 medium-5 small-12 large-5\"  >\n\t\t\t\t<div class=\"col-inner\"  >\n\t\t\t\n\t\t\t\n\t<div class=\"img has-hover rad20 x md-x lg-x y md-y lg-y\" id=\"image_664560713\">\n\t\t\t\t\t\t\t\t<div class=\"img-inner dark\" >\n\t\t\t<img loading=\"lazy\" decoding=\"async\" width=\"1020\" height=\"800\" src=\"https:\/\/pasateaserrano.com\/fluye\/wp-content\/uploads\/2023\/08\/ronda-02.jpg\" class=\"attachment-large size-large\" alt=\"\" srcset=\"https:\/\/pasateaserrano.com\/fluye\/wp-content\/uploads\/2023\/08\/ronda-02.jpg 1020w, https:\/\/pasateaserrano.com\/fluye\/wp-content\/uploads\/2023\/08\/ronda-02-300x235.jpg 300w, https:\/\/pasateaserrano.com\/fluye\/wp-content\/uploads\/2023\/08\/ronda-02-768x602.jpg 768w\" sizes=\"auto, (max-width: 1020px) 100vw, 1020px\" \/>\t\t\t\t\t\t\n\t\t\t\t\t<\/div>\n\t\t\t\t\t\t\t\t\n<style>\n#image_664560713 {\n  width: 100%;\n}\n<\/style>\n\t<\/div>\n\t\n\t<div id=\"text-2735114277\" class=\"text verde2 bold fs35\">\n\t\t\n<p style=\"margin: 0 1.4vw;\">Explora el casco antiguo de Ronda, con calles adoquinadas, casas encaladas y plazas llenas de encanto.<\/p>\n\t\t\n<style>\n#text-2735114277 {\n  text-align: center;\n}\n<\/style>\n\t<\/div>\n\t\n\t\t<\/div>\n\t\t\t\t\n<style>\n#col-1849828951 > .col-inner {\n  margin: 0px 0px 30px 0px;\n}\n<\/style>\n\t<\/div>\n\n\t\n<\/div>\n<div class=\"row align-center\"  id=\"row-2038245344\">\n\n\t<div id=\"col-2048252038\" class=\"col adorno-ron-03 medium-5 small-12 large-5\"  >\n\t\t\t\t<div class=\"col-inner\"  >\n\t\t\t\n\t\t\t\n\t<div class=\"img has-hover rad20 x md-x lg-x y md-y lg-y\" id=\"image_1546148905\">\n\t\t\t\t\t\t\t\t<div class=\"img-inner dark\" >\n\t\t\t<img loading=\"lazy\" decoding=\"async\" width=\"1020\" height=\"800\" src=\"https:\/\/pasateaserrano.com\/fluye\/wp-content\/uploads\/2023\/08\/ronda-03.jpg\" class=\"attachment-large size-large\" alt=\"\" srcset=\"https:\/\/pasateaserrano.com\/fluye\/wp-content\/uploads\/2023\/08\/ronda-03.jpg 1020w, https:\/\/pasateaserrano.com\/fluye\/wp-content\/uploads\/2023\/08\/ronda-03-300x235.jpg 300w, https:\/\/pasateaserrano.com\/fluye\/wp-content\/uploads\/2023\/08\/ronda-03-768x602.jpg 768w\" sizes=\"auto, (max-width: 1020px) 100vw, 1020px\" \/>\t\t\t\t\t\t\n\t\t\t\t\t<\/div>\n\t\t\t\t\t\t\t\t\n<style>\n#image_1546148905 {\n  width: 100%;\n}\n<\/style>\n\t<\/div>\n\t\n\t<div id=\"text-218382750\" class=\"text verde2 bold fs35\">\n\t\t\n<p style=\"margin: 0 2vw;\">Rel\u00e1jate en los Ba\u00f1os \u00c1rabes, una experiencia que te transportar\u00e1 a la \u00e9poca musulmana de la ciudad.<\/p>\n\t\t\n<style>\n#text-218382750 {\n  text-align: center;\n}\n<\/style>\n\t<\/div>\n\t\n\t\t<\/div>\n\t\t\t\t\t<\/div>\n\n\t\n\n\t<div id=\"col-1551938314\" class=\"col hide-for-medium medium-1 small-12 large-1\"  >\n\t\t\t\t<div class=\"col-inner\"  >\n\t\t\t\n\t\t\t\n\t\t<\/div>\n\t\t\t\t\t<\/div>\n\n\t\n\n\t<div id=\"col-1619211914\" class=\"col adorno-ron-04 medium-5 small-12 large-5\"  >\n\t\t\t\t<div class=\"col-inner\"  >\n\t\t\t\n\t\t\t\n\t<div class=\"img has-hover rad20 x md-x lg-x y md-y lg-y\" id=\"image_271811156\">\n\t\t\t\t\t\t\t\t<div class=\"img-inner dark\" >\n\t\t\t<img loading=\"lazy\" decoding=\"async\" width=\"1020\" height=\"800\" src=\"https:\/\/pasateaserrano.com\/fluye\/wp-content\/uploads\/2023\/08\/ronda-04.jpg\" class=\"attachment-large size-large\" alt=\"\" srcset=\"https:\/\/pasateaserrano.com\/fluye\/wp-content\/uploads\/2023\/08\/ronda-04.jpg 1020w, https:\/\/pasateaserrano.com\/fluye\/wp-content\/uploads\/2023\/08\/ronda-04-300x235.jpg 300w, https:\/\/pasateaserrano.com\/fluye\/wp-content\/uploads\/2023\/08\/ronda-04-768x602.jpg 768w\" sizes=\"auto, (max-width: 1020px) 100vw, 1020px\" \/>\t\t\t\t\t\t\n\t\t\t\t\t<\/div>\n\t\t\t\t\t\t\t\t\n<style>\n#image_271811156 {\n  width: 100%;\n}\n<\/style>\n\t<\/div>\n\t\n\t<div id=\"text-758343042\" class=\"text verde2 bold fs35\">\n\t\t\n<p style=\"margin: 0 4vw;\">Visita el mirador de Ronda, recr\u00e9ate con las vistas y calma tu mente.<\/p>\n\t\t\n<style>\n#text-758343042 {\n  text-align: center;\n}\n<\/style>\n\t<\/div>\n\t\n\t\t<\/div>\n\t\t\t\t\t<\/div>\n\n\t\n<\/div>\n\t\t<\/div>\n\n\t\t\n<style>\n#section_1007632380 {\n  padding-top: 10vw;\n  padding-bottom: 10vw;\n  background-color: rgb(168, 177, 145);\n}\n@media (min-width:550px) {\n  #section_1007632380 {\n    padding-top: 5vw;\n    padding-bottom: 5vw;\n  }\n}\n<\/style>\n\t<\/section>\n\t\n\t<section class=\"section bgamarilloblanco\" id=\"section_2052667456\">\n\t\t<div class=\"bg section-bg fill bg-fill  bg-loaded\" >\n\n\t\t\t\n\t\t\t\n\t\t\t\n\n\t\t<\/div>\n\n\t\t\n\n\t\t<div class=\"section-content relative\">\n\t\t\t\n<div class=\"row align-center\"  id=\"row-166839782\">\n\n\t<div id=\"col-1642664509\" class=\"col medium-6 small-12 large-6\"  >\n\t\t\t\t<div class=\"col-inner\"  >\n\t\t\t\n\t\t\t\n\t<div id=\"gap-920788715\" class=\"gap-element clearfix\" style=\"display:block; height:auto;\">\n\t\t\n<style>\n#gap-920788715 {\n  padding-top: 4vw;\n}\n<\/style>\n\t<\/div>\n\t\n\t<div id=\"text-1992615468\" class=\"text fs40 naranja\">\n\t\t\n<p class=\"helvetica lh12\">\u00a1Quillo! Te recomendamos una<br \/>\nreceta con mucho arte<\/p>\n<h2 class=\"helio fs190 light\" style=\"margin-top: 2vw; color:#D8C894;\"><span class=\"restora fs40 naranja bold\">Sopas Perotas con<\/span><br \/>Toppings<br \/><span class=\"restora fs40 naranja bold\">Pechuga de Pollo al horno<\/span><\/h2>\n\t\t\n<style>\n#text-1992615468 {\n  text-align: center;\n}\n<\/style>\n\t<\/div>\n\t\n\t\t<\/div>\n\t\t\t\t\n<style>\n#col-1642664509 > .col-inner {\n  padding: 30px 0px 0px 0px;\n}\n<\/style>\n\t<\/div>\n\n\t\n<\/div>\n\t\t<\/div>\n\n\t\t\n<style>\n#section_2052667456 {\n  padding-top: 0px;\n  padding-bottom: 0px;\n}\n<\/style>\n\t<\/section>\n\t\n\t<section class=\"section\" id=\"section_465610958\">\n\t\t<div class=\"bg section-bg fill bg-fill  bg-loaded\" >\n\n\t\t\t\n\t\t\t\n\t\t\t\n\n\t\t<\/div>\n\n\t\t\n\n\t\t<div class=\"section-content relative\">\n\t\t\t\n<div class=\"row row-small align-center\"  id=\"row-900169038\">\n\n\t<div id=\"col-1149493688\" class=\"col small-12 large-12\"  >\n\t\t\t\t<div class=\"col-inner\"  >\n\t\t\t\n\t\t\t\n\t<div class=\"img has-hover rad20 x md-x lg-x y md-y lg-y\" id=\"image_2083596220\">\n\t\t\t\t\t\t\t\t<div class=\"img-inner dark\" >\n\t\t\t<img loading=\"lazy\" decoding=\"async\" width=\"1920\" height=\"1187\" src=\"https:\/\/pasateaserrano.com\/fluye\/wp-content\/uploads\/2023\/08\/ensalada-toppings.jpg\" class=\"attachment-original size-original\" alt=\"\" srcset=\"https:\/\/pasateaserrano.com\/fluye\/wp-content\/uploads\/2023\/08\/ensalada-toppings.jpg 1920w, https:\/\/pasateaserrano.com\/fluye\/wp-content\/uploads\/2023\/08\/ensalada-toppings-300x185.jpg 300w, https:\/\/pasateaserrano.com\/fluye\/wp-content\/uploads\/2023\/08\/ensalada-toppings-1024x633.jpg 1024w, https:\/\/pasateaserrano.com\/fluye\/wp-content\/uploads\/2023\/08\/ensalada-toppings-768x475.jpg 768w, https:\/\/pasateaserrano.com\/fluye\/wp-content\/uploads\/2023\/08\/ensalada-toppings-1536x950.jpg 1536w\" sizes=\"auto, (max-width: 1920px) 100vw, 1920px\" \/>\t\t\t\t\t\t\n\t\t\t\t\t<\/div>\n\t\t\t\t\t\t\t\t\n<style>\n#image_2083596220 {\n  width: 100%;\n}\n<\/style>\n\t<\/div>\n\t\n\t\t<\/div>\n\t\t\t\t\n<style>\n#col-1149493688 > .col-inner {\n  margin: 0px 0px 50px 0px;\n}\n<\/style>\n\t<\/div>\n\n\t\n\n\t<div id=\"col-1151050969\" class=\"col medium-4 small-12 large-4\"  >\n\t\t\t\t<div class=\"col-inner\"  >\n\t\t\t\n\t\t\t\n\t<div id=\"text-617812228\" class=\"text fs30 helvetica\">\n\t\t\n<div class=\"bocadilloazul bgazul blanco\" style=\"line-height: 2.5; border-radius: 30px;\">Ingredientes<br \/>\n(para 2 personas):<\/p>\n<p>\u00b7 1 pack de Toppings de Pechuga de Pollo al horno<br \/>\n\u00b7 100g de pan cateto<br \/>\n\u00b7 1 tomate maduro<br \/>\n\u00b7 1 cebolla tierna<br \/>\n\u00b7 1 pimiento verde<br \/>\n\u00b7 1\/2 manojo esp\u00e1rragos verdes<br \/>\n\u00b7 1 patata cocida<br \/>\n\u00b7 1 pepino<br \/>\n\u00b7 1 naranja<br \/>\n\u00b7 Aceitunas partidas<br \/>\n\u00b7 Sal y aceite oliva<\/p>\n<\/div>\n\t\t\t<\/div>\n\t\n\t\t<\/div>\n\t\t\t\t\t<\/div>\n\n\t\n\n\t<div id=\"col-1509537831\" class=\"col hide-for-small medium-1 small-12 large-1\"  >\n\t\t\t\t<div class=\"col-inner\"  >\n\t\t\t\n\t\t\t\n\t\t<\/div>\n\t\t\t\t\t<\/div>\n\n\t\n\n\t<div id=\"col-463017695\" class=\"col medium-7 small-12 large-7\"  >\n\t\t\t\t<div class=\"col-inner\"  >\n\t\t\t\n\t\t\t\n\t<div class=\"img has-hover x md-x lg-x y md-y lg-y\" id=\"image_1573046808\">\n\t\t\t\t\t\t\t\t<div class=\"img-inner dark\" style=\"margin:0px 0px 50px 0px;\">\n\t\t\t<img loading=\"lazy\" decoding=\"async\" width=\"752\" height=\"815\" src=\"https:\/\/pasateaserrano.com\/fluye\/wp-content\/uploads\/2023\/08\/toppings-pollo-horno.png\" class=\"attachment-large size-large\" alt=\"\" srcset=\"https:\/\/pasateaserrano.com\/fluye\/wp-content\/uploads\/2023\/08\/toppings-pollo-horno.png 752w, https:\/\/pasateaserrano.com\/fluye\/wp-content\/uploads\/2023\/08\/toppings-pollo-horno-277x300.png 277w\" sizes=\"auto, (max-width: 752px) 100vw, 752px\" \/>\t\t\t\t\t\t\n\t\t\t\t\t<\/div>\n\t\t\t\t\t\t\t\t\n<style>\n#image_1573046808 {\n  width: 90%;\n}\n@media (min-width:550px) {\n  #image_1573046808 {\n    width: 50%;\n  }\n}\n<\/style>\n\t<\/div>\n\t\n\t<div id=\"text-2461975559\" class=\"text fs30 helvetica\">\n\t\t\n<div class=\"bocadillodorado verde2\" style=\"background-color: #d8c894; border-radius: 30px;\">\n<p>1. Desmenuzamos el pan y lo reservamos.<\/p>\n<p>2. Troceamos el tomate, la cebolla, el pimiento y lo sofre\u00edmos en un poco de aceite.<\/p>\n<p>3. Cuando empieza a colorearse, cubrimos las verduras con agua y a\u00f1adimos las patatas troceadas.<\/p>\n<p>4. Cocinamos hasta que las patatas est\u00e1n blandas y vertemos todo sobre el pan.<\/p>\n<p>5. Dejamos reposar en el frigor\u00edfico y servimos.<\/p>\n<p>6. Acompa\u00f1amos con aceitunas partidas, rodajas de naranja, pepino y Toppings de Pechuga de Pollo al horno.<\/p>\n<\/div>\n\t\t\t<\/div>\n\t\n\t\t<\/div>\n\t\t\t\t\t<\/div>\n\n\t\n<\/div>\n\t<div id=\"gap-91462621\" class=\"gap-element clearfix\" style=\"display:block; height:auto;\">\n\t\t\n<style>\n#gap-91462621 {\n  padding-top: 4vw;\n}\n<\/style>\n\t<\/div>\n\t\n\t\t<\/div>\n\n\t\t\n<style>\n#section_465610958 {\n  padding-top: 0px;\n  padding-bottom: 0px;\n}\n<\/style>\n\t<\/section>\n\t\n<\/p><\/div>\n","protected":false},"excerpt":{"rendered":"","protected":false},"author":2,"featured_media":0,"parent":0,"menu_order":0,"comment_status":"closed","ping_status":"closed","template":"","meta":{"footnotes":""},"class_list":["post-14","page","type-page","status-publish","hentry"],"_links":{"self":[{"href":"https:\/\/pasateaserrano.com\/fluye\/wp-json\/wp\/v2\/pages\/14","targetHints":{"allow":["GET"]}}],"collection":[{"href":"https:\/\/pasateaserrano.com\/fluye\/wp-json\/wp\/v2\/pages"}],"about":[{"href":"https:\/\/pasateaserrano.com\/fluye\/wp-json\/wp\/v2\/types\/page"}],"author":[{"embeddable":true,"href":"https:\/\/pasateaserrano.com\/fluye\/wp-json\/wp\/v2\/users\/2"}],"replies":[{"embeddable":true,"href":"https:\/\/pasateaserrano.com\/fluye\/wp-json\/wp\/v2\/comments?post=14"}],"version-history":[{"count":8,"href":"https:\/\/pasateaserrano.com\/fluye\/wp-json\/wp\/v2\/pages\/14\/revisions"}],"predecessor-version":[{"id":258,"href":"https:\/\/pasateaserrano.com\/fluye\/wp-json\/wp\/v2\/pages\/14\/revisions\/258"}],"wp:attachment":[{"href":"https:\/\/pasateaserrano.com\/fluye\/wp-json\/wp\/v2\/media?parent=14"}],"curies":[{"name":"wp","href":"https:\/\/api.w.org\/{rel}","templated":true}]}}