{"id":16,"date":"2023-08-14T10:46:41","date_gmt":"2023-08-14T10:46:41","guid":{"rendered":"https:\/\/pasateaserrano.com\/fluye\/?page_id=16"},"modified":"2023-09-11T09:30:38","modified_gmt":"2023-09-11T09:30:38","slug":"cabra-de-mora","status":"publish","type":"page","link":"https:\/\/pasateaserrano.com\/fluye\/cabra-de-mora\/","title":{"rendered":"Cabra de Mora"},"content":{"rendered":"\t<section class=\"section header-poblacion\" id=\"section_1072215544\">\n\t\t<div class=\"bg section-bg fill bg-fill  \" >\n\n\t\t\t\n\t\t\t\n\t\t\t\n\n\t\t<\/div>\n\n\t\t\n\n\t\t<div class=\"section-content relative\">\n\t\t\t\n\t\t<\/div>\n\n\t\t\n<style>\n#section_1072215544 {\n  padding-top: 30px;\n  padding-bottom: 30px;\n  min-height: 85vh;\n}\n#section_1072215544 .section-bg.bg-loaded {\n  background-image: url(https:\/\/pasateaserrano.com\/fluye\/wp-content\/uploads\/2023\/08\/cabra-de-mora-principal.jpg);\n}\n#section_1072215544 .section-bg {\n  background-position: 50% 50%;\n}\n@media (min-width:550px) {\n  #section_1072215544 {\n    min-height: 56.25vw;\n  }\n}\n<\/style>\n\t<\/section>\n\t\n\t<section class=\"section bgamarilloblanco\" id=\"section_1625640770\">\n\t\t<div class=\"bg section-bg fill bg-fill  bg-loaded\" >\n\n\t\t\t\n\t\t\t\n\t\t\t\n\n\t\t<\/div>\n\n\t\t\n\n\t\t<div class=\"section-content relative\">\n\t\t\t\n<div class=\"row row-collapse align-center\"  id=\"row-1463838615\">\n\n\t<div id=\"col-522560097\" class=\"col medium-8 small-12 large-8\"  >\n\t\t\t\t<div class=\"col-inner\"  >\n\t\t\t\n\t\t\t\n\t<div id=\"text-25124622\" class=\"text fs46 verde2\">\n\t\t\n<h1 class=\"helio fs117 light verde2\" style=\"margin-top: 2vw;\">Cabra de Mora<\/h1>\n<p class=\"lh12\">Peque\u00f1o pueblo en la provincia de Teruel perfecto para conectar con la naturaleza y la calma.<\/p>\n\t\t\n<style>\n#text-25124622 {\n  text-align: center;\n}\n<\/style>\n\t<\/div>\n\t\n\t\t<\/div>\n\t\t\t\t\t<\/div>\n\n\t\n<\/div>\n\t\t<\/div>\n\n\t\t\n<style>\n#section_1625640770 {\n  padding-top: 10vw;\n  padding-bottom: 10vw;\n}\n@media (min-width:550px) {\n  #section_1625640770 {\n    padding-top: 4vw;\n    padding-bottom: 4vw;\n  }\n}\n<\/style>\n\t<\/section>\n\t\n\t<section class=\"section\" id=\"section_1867127776\">\n\t\t<div class=\"bg section-bg fill bg-fill  bg-loaded\" >\n\n\t\t\t\n\t\t\t\n\t\t\t\n\n\t\t<\/div>\n\n\t\t\n\n\t\t<div class=\"section-content relative\">\n\t\t\t\n<div class=\"row row-collapse align-center\"  id=\"row-92756215\">\n\n\t<div id=\"col-1838638229\" class=\"col medium-8 small-12 large-8\"  >\n\t\t\t\t<div class=\"col-inner\"  >\n\t\t\t\n\t\t\t\n\t<div id=\"text-723014982\" class=\"text blanco\">\n\t\t\n<div class=\"fs117 helio\">dejarse llevar<\/div>\n<div class=\"fs46\" style=\"margin-top: 0.7vw;\">con estas actividades y experiencias<\/div>\n\t\t\n<style>\n#text-723014982 {\n  text-align: center;\n}\n<\/style>\n\t<\/div>\n\t\n\t\t<\/div>\n\t\t\t\t\t<\/div>\n\n\t\n<\/div>\n\t<div id=\"gap-1402726742\" class=\"gap-element clearfix\" style=\"display:block; height:auto;\">\n\t\t\n<style>\n#gap-1402726742 {\n  padding-top: 13vw;\n}\n@media (min-width:550px) {\n  #gap-1402726742 {\n    padding-top: 3vw;\n  }\n}\n<\/style>\n\t<\/div>\n\t\n<div class=\"row align-center\"  id=\"row-275658484\">\n\n\t<div id=\"col-818430268\" class=\"col adorno-mor-01 medium-5 small-12 large-5\"  >\n\t\t\t\t<div class=\"col-inner\"  >\n\t\t\t\n\t\t\t\n\t<div class=\"img has-hover rad20 x md-x lg-x y md-y lg-y\" id=\"image_932115364\">\n\t\t\t\t\t\t\t\t<div class=\"img-inner dark\" >\n\t\t\t<img loading=\"lazy\" decoding=\"async\" width=\"1020\" height=\"800\" src=\"https:\/\/pasateaserrano.com\/fluye\/wp-content\/uploads\/2023\/08\/cabra-de-mora-01.jpg\" class=\"attachment-large size-large\" alt=\"\" srcset=\"https:\/\/pasateaserrano.com\/fluye\/wp-content\/uploads\/2023\/08\/cabra-de-mora-01.jpg 1020w, https:\/\/pasateaserrano.com\/fluye\/wp-content\/uploads\/2023\/08\/cabra-de-mora-01-300x235.jpg 300w, https:\/\/pasateaserrano.com\/fluye\/wp-content\/uploads\/2023\/08\/cabra-de-mora-01-768x602.jpg 768w\" sizes=\"auto, (max-width: 1020px) 100vw, 1020px\" \/>\t\t\t\t\t\t\n\t\t\t\t\t<\/div>\n\t\t\t\t\t\t\t\t\n<style>\n#image_932115364 {\n  width: 100%;\n}\n<\/style>\n\t<\/div>\n\t\n\t<div id=\"text-2738524676\" class=\"text verde2 bold fs35\">\n\t\t\n<p style=\"margin: 0 1.4vw;\">Aprovecha para hacer senderismo por las rutas cercanas y disfrutar de la tranquilidad del entorno natural.<\/p>\n\t\t\n<style>\n#text-2738524676 {\n  text-align: center;\n}\n<\/style>\n\t<\/div>\n\t\n\t\t<\/div>\n\t\t\t\t\n<style>\n#col-818430268 > .col-inner {\n  margin: 0px 0px 30px 0px;\n}\n<\/style>\n\t<\/div>\n\n\t\n\n\t<div id=\"col-1047011953\" class=\"col hide-for-medium medium-1 small-12 large-1\"  >\n\t\t\t\t<div class=\"col-inner\"  >\n\t\t\t\n\t\t\t\n\t\t<\/div>\n\t\t\t\t\t<\/div>\n\n\t\n\n\t<div id=\"col-21180566\" class=\"col adorno-mor-02 medium-5 small-12 large-5\"  >\n\t\t\t\t<div class=\"col-inner\"  >\n\t\t\t\n\t\t\t\n\t<div class=\"img has-hover rad20 x md-x lg-x y md-y lg-y\" id=\"image_1396480433\">\n\t\t\t\t\t\t\t\t<div class=\"img-inner dark\" >\n\t\t\t<img loading=\"lazy\" decoding=\"async\" width=\"1020\" height=\"800\" src=\"https:\/\/pasateaserrano.com\/fluye\/wp-content\/uploads\/2023\/08\/cabra-de-mora-02.jpg\" class=\"attachment-large size-large\" alt=\"\" srcset=\"https:\/\/pasateaserrano.com\/fluye\/wp-content\/uploads\/2023\/08\/cabra-de-mora-02.jpg 1020w, https:\/\/pasateaserrano.com\/fluye\/wp-content\/uploads\/2023\/08\/cabra-de-mora-02-300x235.jpg 300w, https:\/\/pasateaserrano.com\/fluye\/wp-content\/uploads\/2023\/08\/cabra-de-mora-02-768x602.jpg 768w\" sizes=\"auto, (max-width: 1020px) 100vw, 1020px\" \/>\t\t\t\t\t\t\n\t\t\t\t\t<\/div>\n\t\t\t\t\t\t\t\t\n<style>\n#image_1396480433 {\n  width: 100%;\n}\n<\/style>\n\t<\/div>\n\t\n\t<div id=\"text-819669012\" class=\"text verde2 bold fs35\">\n\t\t\n<p style=\"margin: 0 1.4vw;\">Explora el encantador casco antiguo del pueblo, con calles estrechas, casas de piedra y plazas pintorescas. <\/p>\n\t\t\n<style>\n#text-819669012 {\n  text-align: center;\n}\n<\/style>\n\t<\/div>\n\t\n\t\t<\/div>\n\t\t\t\t\n<style>\n#col-21180566 > .col-inner {\n  margin: 0px 0px 30px 0px;\n}\n<\/style>\n\t<\/div>\n\n\t\n<\/div>\n<div class=\"row align-center\"  id=\"row-296693436\">\n\n\t<div id=\"col-1919574988\" class=\"col adorno-mor-03 medium-5 small-12 large-5\"  >\n\t\t\t\t<div class=\"col-inner\"  >\n\t\t\t\n\t\t\t\n\t<div class=\"img has-hover rad20 x md-x lg-x y md-y lg-y\" id=\"image_121563077\">\n\t\t\t\t\t\t\t\t<div class=\"img-inner dark\" >\n\t\t\t<img loading=\"lazy\" decoding=\"async\" width=\"1020\" height=\"800\" src=\"https:\/\/pasateaserrano.com\/fluye\/wp-content\/uploads\/2023\/08\/cabra-de-mora-03.jpg\" class=\"attachment-large size-large\" alt=\"\" srcset=\"https:\/\/pasateaserrano.com\/fluye\/wp-content\/uploads\/2023\/08\/cabra-de-mora-03.jpg 1020w, https:\/\/pasateaserrano.com\/fluye\/wp-content\/uploads\/2023\/08\/cabra-de-mora-03-300x235.jpg 300w, https:\/\/pasateaserrano.com\/fluye\/wp-content\/uploads\/2023\/08\/cabra-de-mora-03-768x602.jpg 768w\" sizes=\"auto, (max-width: 1020px) 100vw, 1020px\" \/>\t\t\t\t\t\t\n\t\t\t\t\t<\/div>\n\t\t\t\t\t\t\t\t\n<style>\n#image_121563077 {\n  width: 100%;\n}\n<\/style>\n\t<\/div>\n\t\n\t<div id=\"text-1055352219\" class=\"text verde2 bold fs35\">\n\t\t\n<p style=\"margin: 0;\">Si lo visitas en un fin de semana con cielos despejados, disfruta del espect\u00e1culo astron\u00f3mico que ofrece.<\/p>\n\t\t\n<style>\n#text-1055352219 {\n  text-align: center;\n}\n<\/style>\n\t<\/div>\n\t\n\t\t<\/div>\n\t\t\t\t\t<\/div>\n\n\t\n\n\t<div id=\"col-174584188\" class=\"col hide-for-medium medium-1 small-12 large-1\"  >\n\t\t\t\t<div class=\"col-inner\"  >\n\t\t\t\n\t\t\t\n\t\t<\/div>\n\t\t\t\t\t<\/div>\n\n\t\n\n\t<div id=\"col-274934839\" class=\"col adorno-mor-04 medium-5 small-12 large-5\"  >\n\t\t\t\t<div class=\"col-inner\"  >\n\t\t\t\n\t\t\t\n\t<div class=\"img has-hover rad20 x md-x lg-x y md-y lg-y\" id=\"image_1516193174\">\n\t\t\t\t\t\t\t\t<div class=\"img-inner dark\" >\n\t\t\t<img loading=\"lazy\" decoding=\"async\" width=\"1020\" height=\"800\" src=\"https:\/\/pasateaserrano.com\/fluye\/wp-content\/uploads\/2023\/08\/cabra-de-mora-04.jpg\" class=\"attachment-large size-large\" alt=\"\" srcset=\"https:\/\/pasateaserrano.com\/fluye\/wp-content\/uploads\/2023\/08\/cabra-de-mora-04.jpg 1020w, https:\/\/pasateaserrano.com\/fluye\/wp-content\/uploads\/2023\/08\/cabra-de-mora-04-300x235.jpg 300w, https:\/\/pasateaserrano.com\/fluye\/wp-content\/uploads\/2023\/08\/cabra-de-mora-04-768x602.jpg 768w\" sizes=\"auto, (max-width: 1020px) 100vw, 1020px\" \/>\t\t\t\t\t\t\n\t\t\t\t\t<\/div>\n\t\t\t\t\t\t\t\t\n<style>\n#image_1516193174 {\n  width: 100%;\n}\n<\/style>\n\t<\/div>\n\t\n\t<div id=\"text-982428732\" class=\"text verde2 bold fs35\">\n\t\t\n<p style=\"margin: 0;\">A\u00f1ade el ba\u00f1ador a tu maleta y refr\u00e9scate en las pozas naturales que encontrar\u00e1s alrededor del pueblo.<\/p>\n\t\t\n<style>\n#text-982428732 {\n  text-align: center;\n}\n<\/style>\n\t<\/div>\n\t\n\t\t<\/div>\n\t\t\t\t\t<\/div>\n\n\t\n<\/div>\n\t\t<\/div>\n\n\t\t\n<style>\n#section_1867127776 {\n  padding-top: 10vw;\n  padding-bottom: 10vw;\n  background-color: rgb(216, 200, 148);\n}\n@media (min-width:550px) {\n  #section_1867127776 {\n    padding-top: 5vw;\n    padding-bottom: 5vw;\n  }\n}\n<\/style>\n\t<\/section>\n\t\n\t<section class=\"section bgamarilloblanco\" id=\"section_752394658\">\n\t\t<div class=\"bg section-bg fill bg-fill  bg-loaded\" >\n\n\t\t\t\n\t\t\t\n\t\t\t\n\n\t\t<\/div>\n\n\t\t\n\n\t\t<div class=\"section-content relative\">\n\t\t\t\n<div class=\"row align-center\"  id=\"row-861868067\">\n\n\t<div id=\"col-2010350775\" class=\"col medium-8 small-12 large-8\"  >\n\t\t\t\t<div class=\"col-inner\"  >\n\t\t\t\n\t\t\t\n\t<div id=\"gap-1837376215\" class=\"gap-element clearfix\" style=\"display:block; height:auto;\">\n\t\t\n<style>\n#gap-1837376215 {\n  padding-top: 4vw;\n}\n<\/style>\n\t<\/div>\n\t\n\t<div id=\"text-1660982583\" class=\"text fs40 naranja\">\n\t\t\n<p class=\"helvetica lh12\">Te recomendamos una receta para recuperarte despu\u00e9s de una buena excursi\u00f3n por la monta\u00f1a<\/p>\n<h2 class=\"helio fs190 light verde2\" style=\"margin-top: 2vw;\"><span class=\"restora fs40 naranja bold\">Ensalada verde con carpaccio de trufa y<\/span><br \/><span style=\"font-size:90%;\">Pechuga de Pavo<\/span><br \/><span class=\"restora fs40 naranja bold\">Un momento y listo<\/span><\/h2>\n\t\t\n<style>\n#text-1660982583 {\n  text-align: center;\n}\n<\/style>\n\t<\/div>\n\t\n\t\t<\/div>\n\t\t\t\t\n<style>\n#col-2010350775 > .col-inner {\n  padding: 30px 0px 0px 0px;\n}\n<\/style>\n\t<\/div>\n\n\t\n<\/div>\n\t\t<\/div>\n\n\t\t\n<style>\n#section_752394658 {\n  padding-top: 0px;\n  padding-bottom: 0px;\n}\n<\/style>\n\t<\/section>\n\t\n\t<section class=\"section\" id=\"section_2044097806\">\n\t\t<div class=\"bg section-bg fill bg-fill  bg-loaded\" >\n\n\t\t\t\n\t\t\t\n\t\t\t\n\n\t\t<\/div>\n\n\t\t\n\n\t\t<div class=\"section-content relative\">\n\t\t\t\n<div class=\"row row-small align-center\"  id=\"row-1091243492\">\n\n\t<div id=\"col-522819565\" class=\"col small-12 large-12\"  >\n\t\t\t\t<div class=\"col-inner\"  >\n\t\t\t\n\t\t\t\n\t<div class=\"img has-hover rad20 x md-x lg-x y md-y lg-y\" id=\"image_312647934\">\n\t\t\t\t\t\t\t\t<div class=\"img-inner dark\" >\n\t\t\t<img loading=\"lazy\" decoding=\"async\" width=\"1920\" height=\"1187\" src=\"https:\/\/pasateaserrano.com\/fluye\/wp-content\/uploads\/2023\/08\/momento-y-listo-pechuga-pavo.jpg\" class=\"attachment-original size-original\" alt=\"\" srcset=\"https:\/\/pasateaserrano.com\/fluye\/wp-content\/uploads\/2023\/08\/momento-y-listo-pechuga-pavo.jpg 1920w, https:\/\/pasateaserrano.com\/fluye\/wp-content\/uploads\/2023\/08\/momento-y-listo-pechuga-pavo-300x185.jpg 300w, https:\/\/pasateaserrano.com\/fluye\/wp-content\/uploads\/2023\/08\/momento-y-listo-pechuga-pavo-1024x633.jpg 1024w, https:\/\/pasateaserrano.com\/fluye\/wp-content\/uploads\/2023\/08\/momento-y-listo-pechuga-pavo-768x475.jpg 768w, https:\/\/pasateaserrano.com\/fluye\/wp-content\/uploads\/2023\/08\/momento-y-listo-pechuga-pavo-1536x950.jpg 1536w\" sizes=\"auto, (max-width: 1920px) 100vw, 1920px\" \/>\t\t\t\t\t\t\n\t\t\t\t\t<\/div>\n\t\t\t\t\t\t\t\t\n<style>\n#image_312647934 {\n  width: 100%;\n}\n<\/style>\n\t<\/div>\n\t\n\t\t<\/div>\n\t\t\t\t\n<style>\n#col-522819565 > .col-inner {\n  margin: 0px 0px 50px 0px;\n}\n<\/style>\n\t<\/div>\n\n\t\n\n\t<div id=\"col-972523890\" class=\"col medium-4 small-12 large-4\"  >\n\t\t\t\t<div class=\"col-inner\"  >\n\t\t\t\n\t\t\t\n\t<div id=\"text-4287417160\" class=\"text fs30 helvetica\">\n\t\t\n<div class=\"bocadilloazul bgazul blanco\" style=\"line-height: 2.5; border-radius: 30px;\">Ingredientes<br \/>\n(para 2 personas):<\/p>\n<p>\u00b7 100g de brotes de ensalada a tu gusto<br \/>\n\u00b7 Carpaccio de trufa: trufa fresca rallada y aceite de oliva virgen<br \/>\n\u00b7 6 lonchas de Pechuga de Pavo Un Momento y Listo<br \/>\n\u00b7 200g de mini patatas<br \/>\n\u00b7 Sal y pimienta<\/p>\n<\/div>\n\t\t\t<\/div>\n\t\n\t\t<\/div>\n\t\t\t\t\t<\/div>\n\n\t\n\n\t<div id=\"col-1396065694\" class=\"col hide-for-small medium-1 small-12 large-1\"  >\n\t\t\t\t<div class=\"col-inner\"  >\n\t\t\t\n\t\t\t\n\t\t<\/div>\n\t\t\t\t\t<\/div>\n\n\t\n\n\t<div id=\"col-1937722043\" class=\"col medium-7 small-12 large-7\"  >\n\t\t\t\t<div class=\"col-inner\"  >\n\t\t\t\n\t\t\t\n\t<div class=\"img has-hover x md-x lg-x y md-y lg-y\" id=\"image_1988563522\">\n\t\t\t\t\t\t\t\t<div class=\"img-inner dark\" style=\"margin:0px 0px 50px 0px;\">\n\t\t\t<img loading=\"lazy\" decoding=\"async\" width=\"800\" height=\"560\" src=\"https:\/\/pasateaserrano.com\/fluye\/wp-content\/uploads\/2023\/08\/pechuga-pavo-un-momento-y-listo.png\" class=\"attachment-large size-large\" alt=\"\" srcset=\"https:\/\/pasateaserrano.com\/fluye\/wp-content\/uploads\/2023\/08\/pechuga-pavo-un-momento-y-listo.png 800w, https:\/\/pasateaserrano.com\/fluye\/wp-content\/uploads\/2023\/08\/pechuga-pavo-un-momento-y-listo-300x210.png 300w, https:\/\/pasateaserrano.com\/fluye\/wp-content\/uploads\/2023\/08\/pechuga-pavo-un-momento-y-listo-768x538.png 768w\" sizes=\"auto, (max-width: 800px) 100vw, 800px\" \/>\t\t\t\t\t\t\n\t\t\t\t\t<\/div>\n\t\t\t\t\t\t\t\t\n<style>\n#image_1988563522 {\n  width: 90%;\n}\n@media (min-width:550px) {\n  #image_1988563522 {\n    width: 50%;\n  }\n}\n<\/style>\n\t<\/div>\n\t\n\t<div id=\"text-2973679067\" class=\"text fs30 helvetica\">\n\t\t\n<div class=\"bocadillodorado verde2\" style=\"background-color: #d8c894; border-radius: 30px;\">\n<p>1. Cocemos las mini patatas en abundante agua con sal.<\/p>\n<p>2. Cuando est\u00e1n blandas, las escurrimos y fre\u00edmos cortadas en aceite de oliva caliente.<\/p>\n<p>3. Retiramos el exceso de aceite  y salpimentamos.<\/p>\n<p>4. Pasamos las lonchas de Un Momento y Listo por una sart\u00e9n o plancha.<\/p>\n<p>5. Preparamos un carpaccio de trufa para utilizar como ali\u00f1o.<\/p>\n<p>6. Sazonamos los brotes verdes y salamos al gusto.<\/p>\n<\/div>\n\t\t\t<\/div>\n\t\n\t\t<\/div>\n\t\t\t\t\t<\/div>\n\n\t\n<\/div>\n\t<div id=\"gap-1140452053\" class=\"gap-element clearfix\" style=\"display:block; height:auto;\">\n\t\t\n<style>\n#gap-1140452053 {\n  padding-top: 4vw;\n}\n<\/style>\n\t<\/div>\n\t\n\t\t<\/div>\n\n\t\t\n<style>\n#section_2044097806 {\n  padding-top: 0px;\n  padding-bottom: 0px;\n}\n<\/style>\n\t<\/section>\n\t\n<\/p><\/div>\n","protected":false},"excerpt":{"rendered":"","protected":false},"author":2,"featured_media":0,"parent":0,"menu_order":0,"comment_status":"closed","ping_status":"closed","template":"","meta":{"footnotes":""},"class_list":["post-16","page","type-page","status-publish","hentry"],"_links":{"self":[{"href":"https:\/\/pasateaserrano.com\/fluye\/wp-json\/wp\/v2\/pages\/16","targetHints":{"allow":["GET"]}}],"collection":[{"href":"https:\/\/pasateaserrano.com\/fluye\/wp-json\/wp\/v2\/pages"}],"about":[{"href":"https:\/\/pasateaserrano.com\/fluye\/wp-json\/wp\/v2\/types\/page"}],"author":[{"embeddable":true,"href":"https:\/\/pasateaserrano.com\/fluye\/wp-json\/wp\/v2\/users\/2"}],"replies":[{"embeddable":true,"href":"https:\/\/pasateaserrano.com\/fluye\/wp-json\/wp\/v2\/comments?post=16"}],"version-history":[{"count":8,"href":"https:\/\/pasateaserrano.com\/fluye\/wp-json\/wp\/v2\/pages\/16\/revisions"}],"predecessor-version":[{"id":254,"href":"https:\/\/pasateaserrano.com\/fluye\/wp-json\/wp\/v2\/pages\/16\/revisions\/254"}],"wp:attachment":[{"href":"https:\/\/pasateaserrano.com\/fluye\/wp-json\/wp\/v2\/media?parent=16"}],"curies":[{"name":"wp","href":"https:\/\/api.w.org\/{rel}","templated":true}]}}