{"id":20,"date":"2023-08-14T10:47:08","date_gmt":"2023-08-14T10:47:08","guid":{"rendered":"https:\/\/pasateaserrano.com\/fluye\/?page_id=20"},"modified":"2023-09-11T09:30:12","modified_gmt":"2023-09-11T09:30:12","slug":"bocairent","status":"publish","type":"page","link":"https:\/\/pasateaserrano.com\/fluye\/bocairent\/","title":{"rendered":"Bocairent"},"content":{"rendered":"\t<section class=\"section header-poblacion\" id=\"section_1307974155\">\n\t\t<div class=\"bg section-bg fill bg-fill  \" >\n\n\t\t\t\n\t\t\t\n\t\t\t\n\n\t\t<\/div>\n\n\t\t\n\n\t\t<div class=\"section-content relative\">\n\t\t\t\n\t\t<\/div>\n\n\t\t\n<style>\n#section_1307974155 {\n  padding-top: 30px;\n  padding-bottom: 30px;\n  min-height: 85vh;\n}\n#section_1307974155 .section-bg.bg-loaded {\n  background-image: url(https:\/\/pasateaserrano.com\/fluye\/wp-content\/uploads\/2023\/08\/bocairent-principal.jpg);\n}\n#section_1307974155 .section-bg {\n  background-position: 50% 50%;\n}\n@media (min-width:550px) {\n  #section_1307974155 {\n    min-height: 56.25vw;\n  }\n}\n<\/style>\n\t<\/section>\n\t\n\t<section class=\"section bgamarilloblanco\" id=\"section_298649967\">\n\t\t<div class=\"bg section-bg fill bg-fill  bg-loaded\" >\n\n\t\t\t\n\t\t\t\n\t\t\t\n\n\t\t<\/div>\n\n\t\t\n\n\t\t<div class=\"section-content relative\">\n\t\t\t\n<div class=\"row row-collapse align-center\"  id=\"row-1415674263\">\n\n\t<div id=\"col-758551262\" class=\"col medium-9 small-12 large-9\"  >\n\t\t\t\t<div class=\"col-inner\"  >\n\t\t\t\n\t\t\t\n\t<div id=\"text-2037141540\" class=\"text fs46 verde2\">\n\t\t\n<h1 class=\"helio fs117 light verde2\" style=\"margin-top: 2vw;\">Bocairent<\/h1>\n<p class=\"lh12\">Peque\u00f1o pueblo de origen medieval ubicado en el interior de la provincia de Valencia y con mucha historia. <\/p>\n\t\t\n<style>\n#text-2037141540 {\n  text-align: center;\n}\n<\/style>\n\t<\/div>\n\t\n\t\t<\/div>\n\t\t\t\t\t<\/div>\n\n\t\n<\/div>\n\t\t<\/div>\n\n\t\t\n<style>\n#section_298649967 {\n  padding-top: 10vw;\n  padding-bottom: 10vw;\n}\n@media (min-width:550px) {\n  #section_298649967 {\n    padding-top: 4vw;\n    padding-bottom: 4vw;\n  }\n}\n<\/style>\n\t<\/section>\n\t\n\t<section class=\"section\" id=\"section_889179742\">\n\t\t<div class=\"bg section-bg fill bg-fill  bg-loaded\" >\n\n\t\t\t\n\t\t\t\n\t\t\t\n\n\t\t<\/div>\n\n\t\t\n\n\t\t<div class=\"section-content relative\">\n\t\t\t\n<div class=\"row row-collapse align-center\"  id=\"row-1741441287\">\n\n\t<div id=\"col-1622838436\" class=\"col medium-8 small-12 large-8\"  >\n\t\t\t\t<div class=\"col-inner\"  >\n\t\t\t\n\t\t\t\n\t<div id=\"text-892629624\" class=\"text blanco\">\n\t\t\n<div class=\"fs117 helio\">dejarse llevar<\/div>\n<div class=\"fs46\" style=\"margin-top: 0.7vw;\">con estas actividades y experiencias<\/div>\n\t\t\n<style>\n#text-892629624 {\n  text-align: center;\n}\n<\/style>\n\t<\/div>\n\t\n\t\t<\/div>\n\t\t\t\t\t<\/div>\n\n\t\n<\/div>\n\t<div id=\"gap-1843967863\" class=\"gap-element clearfix\" style=\"display:block; height:auto;\">\n\t\t\n<style>\n#gap-1843967863 {\n  padding-top: 13vw;\n}\n@media (min-width:550px) {\n  #gap-1843967863 {\n    padding-top: 3vw;\n  }\n}\n<\/style>\n\t<\/div>\n\t\n<div class=\"row align-center\"  id=\"row-1682688287\">\n\n\t<div id=\"col-1929537094\" class=\"col adorno-boc-01 medium-5 small-12 large-5\"  >\n\t\t\t\t<div class=\"col-inner\"  >\n\t\t\t\n\t\t\t\n\t<div class=\"img has-hover rad20 x md-x lg-x y md-y lg-y\" id=\"image_632512542\">\n\t\t\t\t\t\t\t\t<div class=\"img-inner dark\" >\n\t\t\t<img loading=\"lazy\" decoding=\"async\" width=\"1020\" height=\"800\" src=\"https:\/\/pasateaserrano.com\/fluye\/wp-content\/uploads\/2023\/08\/bocairent-01.jpg\" class=\"attachment-large size-large\" alt=\"\" srcset=\"https:\/\/pasateaserrano.com\/fluye\/wp-content\/uploads\/2023\/08\/bocairent-01.jpg 1020w, https:\/\/pasateaserrano.com\/fluye\/wp-content\/uploads\/2023\/08\/bocairent-01-300x235.jpg 300w, https:\/\/pasateaserrano.com\/fluye\/wp-content\/uploads\/2023\/08\/bocairent-01-768x602.jpg 768w\" sizes=\"auto, (max-width: 1020px) 100vw, 1020px\" \/>\t\t\t\t\t\t\n\t\t\t\t\t<\/div>\n\t\t\t\t\t\t\t\t\n<style>\n#image_632512542 {\n  width: 100%;\n}\n<\/style>\n\t<\/div>\n\t\n\t<div id=\"text-1915258044\" class=\"text verde2 bold fs35\">\n\t\t\n<p style=\"margin: 0 1.4vw;\">Realiza una caminata por el barranco de la Encantada para disfrutar de la naturaleza y las vistas panor\u00e1micas.<\/p>\n\t\t\n<style>\n#text-1915258044 {\n  text-align: center;\n}\n<\/style>\n\t<\/div>\n\t\n\t\t<\/div>\n\t\t\t\t\n<style>\n#col-1929537094 > .col-inner {\n  margin: 0px 0px 30px 0px;\n}\n<\/style>\n\t<\/div>\n\n\t\n\n\t<div id=\"col-1738253099\" class=\"col hide-for-medium medium-1 small-12 large-1\"  >\n\t\t\t\t<div class=\"col-inner\"  >\n\t\t\t\n\t\t\t\n\t\t<\/div>\n\t\t\t\t\t<\/div>\n\n\t\n\n\t<div id=\"col-650203549\" class=\"col adorno-boc-02 medium-5 small-12 large-5\"  >\n\t\t\t\t<div class=\"col-inner\"  >\n\t\t\t\n\t\t\t\n\t<div class=\"img has-hover rad20 x md-x lg-x y md-y lg-y\" id=\"image_995489931\">\n\t\t\t\t\t\t\t\t<div class=\"img-inner dark\" >\n\t\t\t<img loading=\"lazy\" decoding=\"async\" width=\"1020\" height=\"800\" src=\"https:\/\/pasateaserrano.com\/fluye\/wp-content\/uploads\/2023\/08\/bocairent-02.jpg\" class=\"attachment-large size-large\" alt=\"\" srcset=\"https:\/\/pasateaserrano.com\/fluye\/wp-content\/uploads\/2023\/08\/bocairent-02.jpg 1020w, https:\/\/pasateaserrano.com\/fluye\/wp-content\/uploads\/2023\/08\/bocairent-02-300x235.jpg 300w, https:\/\/pasateaserrano.com\/fluye\/wp-content\/uploads\/2023\/08\/bocairent-02-768x602.jpg 768w\" sizes=\"auto, (max-width: 1020px) 100vw, 1020px\" \/>\t\t\t\t\t\t\n\t\t\t\t\t<\/div>\n\t\t\t\t\t\t\t\t\n<style>\n#image_995489931 {\n  width: 100%;\n}\n<\/style>\n\t<\/div>\n\t\n\t<div id=\"text-1673556905\" class=\"text verde2 bold fs35\">\n\t\t\n<p style=\"margin: 0 1.4vw;\">Bocairent cuenta con varias cuevas interesantes que puedes visitar, como la Cueva de los Moros.<\/p>\n\t\t\n<style>\n#text-1673556905 {\n  text-align: center;\n}\n<\/style>\n\t<\/div>\n\t\n\t\t<\/div>\n\t\t\t\t\n<style>\n#col-650203549 > .col-inner {\n  margin: 0px 0px 30px 0px;\n}\n<\/style>\n\t<\/div>\n\n\t\n<\/div>\n<div class=\"row align-center\"  id=\"row-890459564\">\n\n\t<div id=\"col-1187065142\" class=\"col adorno-boc-03 medium-5 small-12 large-5\"  >\n\t\t\t\t<div class=\"col-inner\"  >\n\t\t\t\n\t\t\t\n\t<div class=\"img has-hover rad20 x md-x lg-x y md-y lg-y\" id=\"image_2020886859\">\n\t\t\t\t\t\t\t\t<div class=\"img-inner dark\" >\n\t\t\t<img loading=\"lazy\" decoding=\"async\" width=\"1020\" height=\"800\" src=\"https:\/\/pasateaserrano.com\/fluye\/wp-content\/uploads\/2023\/08\/bocairent-03.jpg\" class=\"attachment-large size-large\" alt=\"\" srcset=\"https:\/\/pasateaserrano.com\/fluye\/wp-content\/uploads\/2023\/08\/bocairent-03.jpg 1020w, https:\/\/pasateaserrano.com\/fluye\/wp-content\/uploads\/2023\/08\/bocairent-03-300x235.jpg 300w, https:\/\/pasateaserrano.com\/fluye\/wp-content\/uploads\/2023\/08\/bocairent-03-768x602.jpg 768w\" sizes=\"auto, (max-width: 1020px) 100vw, 1020px\" \/>\t\t\t\t\t\t\n\t\t\t\t\t<\/div>\n\t\t\t\t\t\t\t\t\n<style>\n#image_2020886859 {\n  width: 100%;\n}\n<\/style>\n\t<\/div>\n\t\n\t<div id=\"text-836388432\" class=\"text verde2 bold fs35\">\n\t\t\n<p style=\"margin: 0;\">Visita la iglesia g\u00f3tica y admira su arquitectura. Desde aqu\u00ed, tambi\u00e9n tendr\u00e1s unas bellas vistas del pueblo.<\/p>\n\t\t\n<style>\n#text-836388432 {\n  text-align: center;\n}\n<\/style>\n\t<\/div>\n\t\n\t\t<\/div>\n\t\t\t\t\t<\/div>\n\n\t\n\n\t<div id=\"col-1582992381\" class=\"col hide-for-medium medium-1 small-12 large-1\"  >\n\t\t\t\t<div class=\"col-inner\"  >\n\t\t\t\n\t\t\t\n\t\t<\/div>\n\t\t\t\t\t<\/div>\n\n\t\n\n\t<div id=\"col-942782132\" class=\"col adorno-boc-04 medium-5 small-12 large-5\"  >\n\t\t\t\t<div class=\"col-inner\"  >\n\t\t\t\n\t\t\t\n\t<div class=\"img has-hover rad20 x md-x lg-x y md-y lg-y\" id=\"image_552722037\">\n\t\t\t\t\t\t\t\t<div class=\"img-inner dark\" >\n\t\t\t<img loading=\"lazy\" decoding=\"async\" width=\"1020\" height=\"800\" src=\"https:\/\/pasateaserrano.com\/fluye\/wp-content\/uploads\/2023\/08\/bocairent-04.jpg\" class=\"attachment-large size-large\" alt=\"\" srcset=\"https:\/\/pasateaserrano.com\/fluye\/wp-content\/uploads\/2023\/08\/bocairent-04.jpg 1020w, https:\/\/pasateaserrano.com\/fluye\/wp-content\/uploads\/2023\/08\/bocairent-04-300x235.jpg 300w, https:\/\/pasateaserrano.com\/fluye\/wp-content\/uploads\/2023\/08\/bocairent-04-768x602.jpg 768w\" sizes=\"auto, (max-width: 1020px) 100vw, 1020px\" \/>\t\t\t\t\t\t\n\t\t\t\t\t<\/div>\n\t\t\t\t\t\t\t\t\n<style>\n#image_552722037 {\n  width: 100%;\n}\n<\/style>\n\t<\/div>\n\t\n\t<div id=\"text-1115314181\" class=\"text verde2 bold fs35\">\n\t\t\n<p style=\"margin: 0;\">Intenta ir en fechas festivas, como la celebraci\u00f3n de \u201cMoros y Cristianos\u201d y sus \u201cCorrefocs\u201d.<\/p>\n\t\t\n<style>\n#text-1115314181 {\n  text-align: center;\n}\n<\/style>\n\t<\/div>\n\t\n\t\t<\/div>\n\t\t\t\t\t<\/div>\n\n\t\n<\/div>\n\t\t<\/div>\n\n\t\t\n<style>\n#section_889179742 {\n  padding-top: 10vw;\n  padding-bottom: 10vw;\n  background-color: rgb(168, 177, 145);\n}\n@media (min-width:550px) {\n  #section_889179742 {\n    padding-top: 5vw;\n    padding-bottom: 5vw;\n  }\n}\n<\/style>\n\t<\/section>\n\t\n\t<section class=\"section bgamarilloblanco\" id=\"section_1032427140\">\n\t\t<div class=\"bg section-bg fill bg-fill  bg-loaded\" >\n\n\t\t\t\n\t\t\t\n\t\t\t\n\n\t\t<\/div>\n\n\t\t\n\n\t\t<div class=\"section-content relative\">\n\t\t\t\n<div class=\"row align-center\"  id=\"row-896576813\">\n\n\t<div id=\"col-1309187201\" class=\"col medium-7 small-12 large-7\"  >\n\t\t\t\t<div class=\"col-inner\"  >\n\t\t\t\n\t\t\t\n\t<div id=\"gap-179597691\" class=\"gap-element clearfix\" style=\"display:block; height:auto;\">\n\t\t\n<style>\n#gap-179597691 {\n  padding-top: 4vw;\n}\n<\/style>\n\t<\/div>\n\t\n\t<div id=\"text-3220315536\" class=\"text fs40 naranja\">\n\t\t\n<p class=\"helvetica lh12\">Te recomendamos una receta para<br \/>\nhacerte el mejor \u201cesmorzaret\u201d<\/p>\n<h2 class=\"helio fs190 light verde3\" style=\"margin-top: 2vw;\"><span class=\"restora fs40 naranja bold lh12\" style=\"display:inline-block;\">Bocadillo de patatas, pimiento verde frito y<\/span><br \/><span style=\"font-size:83%;\">Chorizo BBQ<\/span><\/h2>\n\t\t\n<style>\n#text-3220315536 {\n  text-align: center;\n}\n<\/style>\n\t<\/div>\n\t\n\t\t<\/div>\n\t\t\t\t\n<style>\n#col-1309187201 > .col-inner {\n  padding: 30px 0px 0px 0px;\n}\n<\/style>\n\t<\/div>\n\n\t\n<\/div>\n\t\t<\/div>\n\n\t\t\n<style>\n#section_1032427140 {\n  padding-top: 0px;\n  padding-bottom: 0px;\n}\n<\/style>\n\t<\/section>\n\t\n\t<section class=\"section\" id=\"section_1871041098\">\n\t\t<div class=\"bg section-bg fill bg-fill  bg-loaded\" >\n\n\t\t\t\n\t\t\t\n\t\t\t\n\n\t\t<\/div>\n\n\t\t\n\n\t\t<div class=\"section-content relative\">\n\t\t\t\n<div class=\"row row-small align-center\"  id=\"row-2048202071\">\n\n\t<div id=\"col-1121090575\" class=\"col small-12 large-12\"  >\n\t\t\t\t<div class=\"col-inner\"  >\n\t\t\t\n\t\t\t\n\t<div class=\"img has-hover rad20 x md-x lg-x y md-y lg-y\" id=\"image_193771605\">\n\t\t\t\t\t\t\t\t<div class=\"img-inner dark\" >\n\t\t\t<img loading=\"lazy\" decoding=\"async\" width=\"1920\" height=\"1187\" src=\"https:\/\/pasateaserrano.com\/fluye\/wp-content\/uploads\/2023\/08\/bocadillo-chorizo-bbq-patatas-pimiento.jpg\" class=\"attachment-original size-original\" alt=\"\" srcset=\"https:\/\/pasateaserrano.com\/fluye\/wp-content\/uploads\/2023\/08\/bocadillo-chorizo-bbq-patatas-pimiento.jpg 1920w, https:\/\/pasateaserrano.com\/fluye\/wp-content\/uploads\/2023\/08\/bocadillo-chorizo-bbq-patatas-pimiento-300x185.jpg 300w, https:\/\/pasateaserrano.com\/fluye\/wp-content\/uploads\/2023\/08\/bocadillo-chorizo-bbq-patatas-pimiento-1024x633.jpg 1024w, https:\/\/pasateaserrano.com\/fluye\/wp-content\/uploads\/2023\/08\/bocadillo-chorizo-bbq-patatas-pimiento-768x475.jpg 768w, https:\/\/pasateaserrano.com\/fluye\/wp-content\/uploads\/2023\/08\/bocadillo-chorizo-bbq-patatas-pimiento-1536x950.jpg 1536w\" sizes=\"auto, (max-width: 1920px) 100vw, 1920px\" \/>\t\t\t\t\t\t\n\t\t\t\t\t<\/div>\n\t\t\t\t\t\t\t\t\n<style>\n#image_193771605 {\n  width: 100%;\n}\n<\/style>\n\t<\/div>\n\t\n\t\t<\/div>\n\t\t\t\t\n<style>\n#col-1121090575 > .col-inner {\n  margin: 0px 0px 50px 0px;\n}\n<\/style>\n\t<\/div>\n\n\t\n\n\t<div id=\"col-2134261972\" class=\"col medium-4 small-12 large-4\"  >\n\t\t\t\t<div class=\"col-inner\"  >\n\t\t\t\n\t\t\t\n\t<div id=\"text-2702355911\" class=\"text fs30 helvetica\">\n\t\t\n<div class=\"bocadilloazul bgazul blanco\" style=\"line-height: 2.5; border-radius: 30px;\">Ingredientes<br \/>\n(Por persona):<\/p>\n<p>\u00b7 2\/3 Chorizos Criollos BBQ<br \/>\n\u00b7 1 pan de bocadillo al gusto<br \/>\n\u00b7 1 patata nueva<br \/>\n\u00b7 Un par de ajos<br \/>\n\u00b7 1 pimiento verde italiano<br \/>\n\u00b7 Un poco de all i oli para untar el pan<br \/>\n\u00b7 Aceite de oliva<\/p>\n<\/div>\n\t\t\t<\/div>\n\t\n\t\t<\/div>\n\t\t\t\t\t<\/div>\n\n\t\n\n\t<div id=\"col-193053878\" class=\"col hide-for-small medium-1 small-12 large-1\"  >\n\t\t\t\t<div class=\"col-inner\"  >\n\t\t\t\n\t\t\t\n\t\t<\/div>\n\t\t\t\t\t<\/div>\n\n\t\n\n\t<div id=\"col-1100130653\" class=\"col medium-7 small-12 large-7\"  >\n\t\t\t\t<div class=\"col-inner\"  >\n\t\t\t\n\t\t\t\n\t<div class=\"img has-hover x md-x lg-x y md-y lg-y\" id=\"image_1791603673\">\n\t\t\t\t\t\t\t\t<div class=\"img-inner dark\" style=\"margin:0px 0px 50px 0px;\">\n\t\t\t<img loading=\"lazy\" decoding=\"async\" width=\"960\" height=\"674\" src=\"https:\/\/pasateaserrano.com\/fluye\/wp-content\/uploads\/2023\/08\/chorizos-criollos-bbq.png\" class=\"attachment-large size-large\" alt=\"\" srcset=\"https:\/\/pasateaserrano.com\/fluye\/wp-content\/uploads\/2023\/08\/chorizos-criollos-bbq.png 960w, https:\/\/pasateaserrano.com\/fluye\/wp-content\/uploads\/2023\/08\/chorizos-criollos-bbq-300x211.png 300w, https:\/\/pasateaserrano.com\/fluye\/wp-content\/uploads\/2023\/08\/chorizos-criollos-bbq-768x539.png 768w\" sizes=\"auto, (max-width: 960px) 100vw, 960px\" \/>\t\t\t\t\t\t\n\t\t\t\t\t<\/div>\n\t\t\t\t\t\t\t\t\n<style>\n#image_1791603673 {\n  width: 90%;\n}\n@media (min-width:550px) {\n  #image_1791603673 {\n    width: 50%;\n  }\n}\n<\/style>\n\t<\/div>\n\t\n\t<div id=\"text-519048352\" class=\"text fs30 helvetica\">\n\t\t\n<div class=\"bocadillodorado verde2\" style=\"background-color: #d8c894; border-radius: 30px;\">\n<p>1. Pelamos y cortamos la patata.<\/p>\n<p>2. Fre\u00edmos las patatas en aceite de oliva suave con unos ajos partidos hasta que empiecen a dorarse y est\u00e9n blandas. <\/p>\n<p>3. Reservamos en un plato y, en ese mismo aceite, fre\u00edmos el pimiento verde. <\/p>\n<p>4. Retiramos el aceite sobrante y cocinamos los chorizos unos minutos por cada lado.<\/p>\n<p>5. Tostamos el pan ligeramente.<\/p>\n<p>6. Untamos con all i oli y rellenamos con las patatas, el pimiento y el embutido.<\/p>\n<\/div>\n\t\t\t<\/div>\n\t\n\t\t<\/div>\n\t\t\t\t\t<\/div>\n\n\t\n<\/div>\n\t<div id=\"gap-2097396205\" class=\"gap-element clearfix\" style=\"display:block; height:auto;\">\n\t\t\n<style>\n#gap-2097396205 {\n  padding-top: 4vw;\n}\n<\/style>\n\t<\/div>\n\t\n\t\t<\/div>\n\n\t\t\n<style>\n#section_1871041098 {\n  padding-top: 0px;\n  padding-bottom: 0px;\n}\n<\/style>\n\t<\/section>\n\t\n<\/p><\/div>\n","protected":false},"excerpt":{"rendered":"","protected":false},"author":2,"featured_media":0,"parent":0,"menu_order":0,"comment_status":"closed","ping_status":"closed","template":"","meta":{"footnotes":""},"class_list":["post-20","page","type-page","status-publish","hentry"],"_links":{"self":[{"href":"https:\/\/pasateaserrano.com\/fluye\/wp-json\/wp\/v2\/pages\/20","targetHints":{"allow":["GET"]}}],"collection":[{"href":"https:\/\/pasateaserrano.com\/fluye\/wp-json\/wp\/v2\/pages"}],"about":[{"href":"https:\/\/pasateaserrano.com\/fluye\/wp-json\/wp\/v2\/types\/page"}],"author":[{"embeddable":true,"href":"https:\/\/pasateaserrano.com\/fluye\/wp-json\/wp\/v2\/users\/2"}],"replies":[{"embeddable":true,"href":"https:\/\/pasateaserrano.com\/fluye\/wp-json\/wp\/v2\/comments?post=20"}],"version-history":[{"count":8,"href":"https:\/\/pasateaserrano.com\/fluye\/wp-json\/wp\/v2\/pages\/20\/revisions"}],"predecessor-version":[{"id":253,"href":"https:\/\/pasateaserrano.com\/fluye\/wp-json\/wp\/v2\/pages\/20\/revisions\/253"}],"wp:attachment":[{"href":"https:\/\/pasateaserrano.com\/fluye\/wp-json\/wp\/v2\/media?parent=20"}],"curies":[{"name":"wp","href":"https:\/\/api.w.org\/{rel}","templated":true}]}}