{"id":4368,"date":"2020-09-21T10:14:25","date_gmt":"2020-09-21T08:14:25","guid":{"rendered":"https:\/\/pasateaserrano.com\/serrano\/mission\/"},"modified":"2020-10-15T08:30:13","modified_gmt":"2020-10-15T06:30:13","slug":"mission","status":"publish","type":"page","link":"https:\/\/pasateaserrano.com\/fr\/serrano\/mission\/","title":{"rendered":"Mission"},"content":{"rendered":"\n\t<section class=\"section title-transparente\" id=\"section_841478703\">\n\t\t<div class=\"section-bg fill\" >\n\t\t\t<img fetchpriority=\"high\" decoding=\"async\" width=\"1920\" height=\"1056\" src=\"https:\/\/pasateaserrano.com\/wp-content\/uploads\/2019\/04\/nuestra-mision.jpg\" class=\"bg attachment- size-\" alt=\"Nuestra misi\u00f3n\" \/>\t\t\t\t\t\t\n\t\t\t\n\n\t\t<\/div>\n\n\t\t\n\n\t\t<div class=\"section-content relative\">\n\t\t\t\n<div class=\"row row-collapse row-full-width align-equal\"  id=\"row-1816374850\">\n\n\t<div id=\"col-1027340806\" class=\"col cabecera-nosotros-titulo medium-6 small-12 large-6\"  >\n\t\t\t\t<div class=\"col-inner text-right\"  >\n\t\t\t\n\t\t\t\n<h1 style=\"color: #ed2f32; font-size: 270%; line-height: 110%;\">NOTRE<br \/><strong>MISSION<\/strong><\/h1>\n\t\t<\/div>\n\t\t\t\t\n<style>\n#col-1027340806 > .col-inner {\n  padding: 50px 0px 0px 0px;\n}\n<\/style>\n\t<\/div>\n\n\t\n\n\t<div id=\"col-1341666054\" class=\"col pad_130_0_50_20 medium-6 small-12 large-6\"  >\n\t\t\t\t<div class=\"col-inner text-left\"  >\n\t\t\t\n\t\t\t\n<div style=\"max-width: 320px;\">\n<p>\u00a0<\/p>\n<p>\u00a0<\/p>\n<p>Inciter les consommateurs \u00e0 adopter un mode de vie sain, bas\u00e9 sur un bon \u00e9quilibre entre une alimentation raisonn\u00e9e et l\u2019exercice physique.<\/p>\n<\/div>\n\t\t<\/div>\n\t\t\t\t\t<\/div>\n\n\t\n\n<style>\n#row-1816374850 > .col > .col-inner {\n  padding: 0px 0px 30px 0px;\n  background-color: rgba(255, 255, 255, 0.85);\n}\n<\/style>\n<\/div>\n\t\t<\/div>\n\n\t\t\n<style>\n#section_841478703 {\n  padding-top: 0px;\n  padding-bottom: 0px;\n  min-height: 80vh;\n}\n#section_841478703 .section-bg img {\n  object-position: 51% 56%;\n}\n<\/style>\n\t<\/section>\n\t\n\t<div id=\"gap-1995343084\" class=\"gap-element clearfix gap100\" style=\"display:block; height:auto;\">\n\t\t\n<style>\n#gap-1995343084 {\n  padding-top: 100px;\n}\n<\/style>\n\t<\/div>\n\t\n<div class=\"row row-collapse\"  id=\"row-404625083\">\n\n\t<div id=\"col-1349804696\" class=\"col hide-for-medium medium-2 small-12 large-2\"  >\n\t\t\t\t<div class=\"col-inner\"  >\n\t\t\t\n\t\t\t\n\t\t<\/div>\n\t\t\t\t\t<\/div>\n\n\t\n\n\t<div id=\"col-649628056\" class=\"col medium-6 small-12 large-4\"  >\n\t\t\t\t<div class=\"col-inner\"  >\n\t\t\t\n\t\t\t\n<div class=\"nosotros-left\">\n<h2 style=\"color: #ed2f32; font-size: 240%; line-height: 110%;\">UNE BONNE ALIMENTATION<\/h2>\n<p>C\u2019est une alimentation vari\u00e9e, saine et \u00e9quilibr\u00e9e qui va bien au-del\u00e0 du simple fait de se nourrir. Nous sommes des \u00eatres sociaux qui, au-del\u00e0 de nos besoins nutritionnels, concevons l\u2019alimentation comme une de nos coutumes et le fait de manger comme un acte social.<\/p>\n<p>Profiter de la nourriture avec les cinq sens. S\u2019assoir autour d\u2019une table entour\u00e9e d\u2019amis pour partager des plats d\u00e9licieux. Parcourir le monde au travers des saveurs. Voyager \u00e0 travers les souvenirs en pensant aux recettes de toujours. L\u2019alimentation c\u2019est tout cela et bien plus encore.<\/p>\n<\/div>\n\t\t<\/div>\n\t\t\t\t\t<\/div>\n\n\t\n\n\t<div id=\"col-641394774\" class=\"col medium-6 small-12 large-4\"  >\n\t\t\t\t<div class=\"col-inner\"  >\n\t\t\t\n\t\t\t\n\t<div class=\"img has-hover x md-x lg-x y md-y lg-y\" id=\"image_1156293041\">\n\t\t\t\t\t\t\t\t<div class=\"img-inner dark\" style=\"margin:80px 0px 0px 0px;\">\n\t\t\t<img decoding=\"async\" width=\"576\" height=\"672\" src=\"https:\/\/pasateaserrano.com\/wp-content\/uploads\/2019\/04\/nuestra-mision-01.jpg\" class=\"attachment-large size-large\" alt=\"Nuestra misi\u00f3n\" srcset=\"https:\/\/pasateaserrano.com\/wp-content\/uploads\/2019\/04\/nuestra-mision-01.jpg 576w, https:\/\/pasateaserrano.com\/wp-content\/uploads\/2019\/04\/nuestra-mision-01-257x300.jpg 257w\" sizes=\"(max-width: 576px) 100vw, 576px\" \/>\t\t\t\t\t\t\n\t\t\t\t\t<\/div>\n\t\t\t\t\t\t\t\t\n<style>\n#image_1156293041 {\n  width: 100%;\n}\n<\/style>\n\t<\/div>\n\t\n\t\t<\/div>\n\t\t\t\t\t<\/div>\n\n\t\n\n\t<div id=\"col-550317078\" class=\"col hide-for-medium medium-2 small-12 large-2\"  >\n\t\t\t\t<div class=\"col-inner\"  >\n\t\t\t\n\t\t\t\n\t\t<\/div>\n\t\t\t\t\t<\/div>\n\n\t\n\n<style>\n#row-404625083 > .col > .col-inner {\n  padding: 80px 0px 0px 0px;\n}\n<\/style>\n<\/div>\n<div class=\"row row-collapse\"  id=\"row-1160706017\">\n\n\t<div id=\"col-1856064933\" class=\"col hide-for-medium medium-2 small-12 large-2\"  >\n\t\t\t\t<div class=\"col-inner\"  >\n\t\t\t\n\t\t\t\n\t\t<\/div>\n\t\t\t\t\t<\/div>\n\n\t\n\n\t<div id=\"col-219514514\" class=\"col medium-6 small-12 large-4\"  >\n\t\t\t\t<div class=\"col-inner\"  >\n\t\t\t\n\t\t\t\n\t<div class=\"img has-hover x md-x lg-x y md-y lg-y\" id=\"image_1284107332\">\n\t\t\t\t\t\t\t\t<div class=\"img-inner dark\" >\n\t\t\t<img decoding=\"async\" width=\"576\" height=\"672\" src=\"https:\/\/pasateaserrano.com\/wp-content\/uploads\/2019\/04\/nuestra-mision-02.jpg\" class=\"attachment-large size-large\" alt=\"Nuestra misi\u00f3n\" srcset=\"https:\/\/pasateaserrano.com\/wp-content\/uploads\/2019\/04\/nuestra-mision-02.jpg 576w, https:\/\/pasateaserrano.com\/wp-content\/uploads\/2019\/04\/nuestra-mision-02-257x300.jpg 257w\" sizes=\"(max-width: 576px) 100vw, 576px\" \/>\t\t\t\t\t\t\n\t\t\t\t\t<\/div>\n\t\t\t\t\t\t\t\t\n<style>\n#image_1284107332 {\n  width: 100%;\n}\n<\/style>\n\t<\/div>\n\t\n\t\t<\/div>\n\t\t\t\t\t<\/div>\n\n\t\n\n\t<div id=\"col-121273837\" class=\"col medium-6 small-12 large-4\"  >\n\t\t\t\t<div class=\"col-inner\"  >\n\t\t\t\n\t\t\t\n<div class=\"nosotros-right\">\n<h2 style=\"color: #ed2f32; font-size: 240%; line-height: 110%;\">L\u2019EXERCICE PHYSIQUE<\/h2>\n<p>Pratiquer un exercice physique r\u00e9gulier est le meilleur moyen d\u2019adopter un mode de vie actif et sain. Cet \u00ab \u00e9tat de bien-\u00eatre complet, physique, mental et social \u00bb, tel que le d\u00e9finit l\u2019organisation Mondiale de la Sant\u00e9, est le meilleur des cadeaux pour vivre une vie pleine et heureuse.<\/p>\n<p>Bonne alimentation et bon exercice physique pour atteindre un parfait bilan \u00e9nerg\u00e9tique, l\u2019\u00e9quilibre entre les calories ing\u00e9r\u00e9es et celles d\u00e9pens\u00e9es.<\/p>\n<\/div>\n\t\t<\/div>\n\t\t\t\t\n<style>\n#col-121273837 > .col-inner {\n  padding: 70px 0px 0px 0px;\n}\n<\/style>\n\t<\/div>\n\n\t\n\n\t<div id=\"col-1123887391\" class=\"col hide-for-medium medium-2 small-12 large-2\"  >\n\t\t\t\t<div class=\"col-inner\"  >\n\t\t\t\n\t\t\t\n\t\t<\/div>\n\t\t\t\t\t<\/div>\n\n\t\n<\/div>\n<div class=\"row row-collapse\"  id=\"row-985591815\">\n\n\t<div id=\"col-771466875\" class=\"col hide-for-medium medium-2 small-12 large-2\"  >\n\t\t\t\t<div class=\"col-inner\"  >\n\t\t\t\n\t\t\t\n\t\t<\/div>\n\t\t\t\t\t<\/div>\n\n\t\n\n\t<div id=\"col-2090130535\" class=\"col medium-6 small-12 large-4\"  >\n\t\t\t\t<div class=\"col-inner\"  >\n\t\t\t\n\t\t\t\n<div class=\"nosotros-left\">\n<h2 style=\"color: #ed2f32; font-size: 240%; line-height: 110%;\">MANGEZ BIEN ET COURREZ<\/h2>\n<p>Certains disent que nous sommes ce que nous mangeons mais nous sommes aussi un condens\u00e9 de nos valeurs, nos passions, nos habitudes &#8230; le reflet fid\u00e8le d\u2019un mode de vie.<\/p>\n<p>Pour nous, l\u2019athl\u00e9tisme et la course \u00e0 pied sont les disciplines sportives qui synth\u00e9tisent le mieux ce mode de vie qui fait partie de notre ADN depuis plus de 30 ans.<\/p>\n<\/div>\n\t\t<\/div>\n\t\t\t\t\n<style>\n#col-2090130535 > .col-inner {\n  padding: 70px 0px 0px 0px;\n}\n<\/style>\n\t<\/div>\n\n\t\n\n\t<div id=\"col-662587718\" class=\"col medium-6 small-12 large-4\"  >\n\t\t\t\t<div class=\"col-inner\"  >\n\t\t\t\n\t\t\t\n\t<div class=\"img has-hover x md-x lg-x y md-y lg-y\" id=\"image_1647650992\">\n\t\t\t\t\t\t\t\t<div class=\"img-inner dark\" >\n\t\t\t<img loading=\"lazy\" decoding=\"async\" width=\"576\" height=\"672\" src=\"https:\/\/pasateaserrano.com\/wp-content\/uploads\/2019\/04\/nuestra-mision-03.jpg\" class=\"attachment-large size-large\" alt=\"Nuestra misi\u00f3n\" srcset=\"https:\/\/pasateaserrano.com\/wp-content\/uploads\/2019\/04\/nuestra-mision-03.jpg 576w, https:\/\/pasateaserrano.com\/wp-content\/uploads\/2019\/04\/nuestra-mision-03-257x300.jpg 257w\" sizes=\"(max-width: 576px) 100vw, 576px\" \/>\t\t\t\t\t\t\n\t\t\t\t\t<\/div>\n\t\t\t\t\t\t\t\t\n<style>\n#image_1647650992 {\n  width: 100%;\n}\n<\/style>\n\t<\/div>\n\t\n\t\t<\/div>\n\t\t\t\t\t<\/div>\n\n\t\n\n\t<div id=\"col-1441601922\" class=\"col hide-for-medium medium-2 small-12 large-2\"  >\n\t\t\t\t<div class=\"col-inner\"  >\n\t\t\t\n\t\t\t\n\t\t<\/div>\n\t\t\t\t\t<\/div>\n\n\t\n\n<style>\n#row-985591815 > .col > .col-inner {\n  padding: 0px 0px 80px 0px;\n}\n<\/style>\n<\/div>\n<\/p><\/div>\n","protected":false},"excerpt":{"rendered":"","protected":false},"author":4,"featured_media":0,"parent":4361,"menu_order":0,"comment_status":"closed","ping_status":"closed","template":"page-transparent-header-blanco.php","meta":{"_acf_changed":false,"footnotes":""},"class_list":["post-4368","page","type-page","status-publish","hentry"],"acf":[],"yoast_head":"<!-- This site is optimized with the Yoast SEO plugin v27.3 - https:\/\/yoast.com\/product\/yoast-seo-wordpress\/ -->\n<title>Mission - P\u00e1sate a Serrano<\/title>\n<meta name=\"robots\" content=\"index, follow, max-snippet:-1, max-image-preview:large, max-video-preview:-1\" \/>\n<link rel=\"canonical\" href=\"https:\/\/pasateaserrano.com\/fr\/serrano\/mission\/\" \/>\n<meta property=\"og:locale\" content=\"fr_FR\" \/>\n<meta property=\"og:type\" content=\"article\" \/>\n<meta property=\"og:title\" content=\"Mission - P\u00e1sate a Serrano\" \/>\n<meta property=\"og:url\" content=\"https:\/\/pasateaserrano.com\/fr\/serrano\/mission\/\" \/>\n<meta property=\"og:site_name\" content=\"P\u00e1sate a Serrano\" \/>\n<meta property=\"article:publisher\" content=\"https:\/\/es-es.facebook.com\/pasateaserrano\/\" \/>\n<meta property=\"article:modified_time\" content=\"2020-10-15T06:30:13+00:00\" \/>\n<meta name=\"twitter:card\" content=\"summary_large_image\" \/>\n<meta name=\"twitter:site\" content=\"@serranocarnicas\" \/>\n<meta name=\"twitter:label1\" content=\"Dur\u00e9e de lecture estim\u00e9e\" \/>\n\t<meta name=\"twitter:data1\" content=\"2 minutes\" \/>\n<script type=\"application\/ld+json\" class=\"yoast-schema-graph\">{\"@context\":\"https:\\\/\\\/schema.org\",\"@graph\":[{\"@type\":\"WebPage\",\"@id\":\"https:\\\/\\\/pasateaserrano.com\\\/fr\\\/serrano\\\/mission\\\/\",\"url\":\"https:\\\/\\\/pasateaserrano.com\\\/fr\\\/serrano\\\/mission\\\/\",\"name\":\"Mission - P\u00e1sate a Serrano\",\"isPartOf\":{\"@id\":\"https:\\\/\\\/pasateaserrano.com\\\/fr\\\/#website\"},\"datePublished\":\"2020-09-21T08:14:25+00:00\",\"dateModified\":\"2020-10-15T06:30:13+00:00\",\"breadcrumb\":{\"@id\":\"https:\\\/\\\/pasateaserrano.com\\\/fr\\\/serrano\\\/mission\\\/#breadcrumb\"},\"inLanguage\":\"fr-FR\",\"potentialAction\":[{\"@type\":\"ReadAction\",\"target\":[\"https:\\\/\\\/pasateaserrano.com\\\/fr\\\/serrano\\\/mission\\\/\"]}]},{\"@type\":\"BreadcrumbList\",\"@id\":\"https:\\\/\\\/pasateaserrano.com\\\/fr\\\/serrano\\\/mission\\\/#breadcrumb\",\"itemListElement\":[{\"@type\":\"ListItem\",\"position\":1,\"name\":\"Home\",\"item\":\"https:\\\/\\\/pasateaserrano.com\\\/fr\\\/\"},{\"@type\":\"ListItem\",\"position\":2,\"name\":\"Serrano\",\"item\":\"https:\\\/\\\/pasateaserrano.com\\\/fr\\\/serrano\\\/\"},{\"@type\":\"ListItem\",\"position\":3,\"name\":\"Mission\"}]},{\"@type\":\"WebSite\",\"@id\":\"https:\\\/\\\/pasateaserrano.com\\\/fr\\\/#website\",\"url\":\"https:\\\/\\\/pasateaserrano.com\\\/fr\\\/\",\"name\":\"Pasate a Serrano\",\"description\":\"\",\"publisher\":{\"@id\":\"https:\\\/\\\/pasateaserrano.com\\\/fr\\\/#organization\"},\"potentialAction\":[{\"@type\":\"SearchAction\",\"target\":{\"@type\":\"EntryPoint\",\"urlTemplate\":\"https:\\\/\\\/pasateaserrano.com\\\/fr\\\/?s={search_term_string}\"},\"query-input\":{\"@type\":\"PropertyValueSpecification\",\"valueRequired\":true,\"valueName\":\"search_term_string\"}}],\"inLanguage\":\"fr-FR\"},{\"@type\":\"Organization\",\"@id\":\"https:\\\/\\\/pasateaserrano.com\\\/fr\\\/#organization\",\"name\":\"C\u00e1rnicas Serrano, S.A.\",\"url\":\"https:\\\/\\\/pasateaserrano.com\\\/fr\\\/\",\"logo\":{\"@type\":\"ImageObject\",\"inLanguage\":\"fr-FR\",\"@id\":\"https:\\\/\\\/pasateaserrano.com\\\/fr\\\/#\\\/schema\\\/logo\\\/image\\\/\",\"url\":\"https:\\\/\\\/pasateaserrano.com\\\/wp-content\\\/uploads\\\/2019\\\/04\\\/serrano-logo.png\",\"contentUrl\":\"https:\\\/\\\/pasateaserrano.com\\\/wp-content\\\/uploads\\\/2019\\\/04\\\/serrano-logo.png\",\"width\":350,\"height\":190,\"caption\":\"C\u00e1rnicas Serrano, S.A.\"},\"image\":{\"@id\":\"https:\\\/\\\/pasateaserrano.com\\\/fr\\\/#\\\/schema\\\/logo\\\/image\\\/\"},\"sameAs\":[\"https:\\\/\\\/es-es.facebook.com\\\/pasateaserrano\\\/\",\"https:\\\/\\\/x.com\\\/serranocarnicas\",\"https:\\\/\\\/www.instagram.com\\\/serrano_carnicas\\\/\",\"https:\\\/\\\/www.youtube.com\\\/channel\\\/UCqaAEc2UX5H9u6jsQq5yHdA\"]}]}<\/script>\n<!-- \/ Yoast SEO plugin. -->","yoast_head_json":{"title":"Mission - P\u00e1sate a Serrano","robots":{"index":"index","follow":"follow","max-snippet":"max-snippet:-1","max-image-preview":"max-image-preview:large","max-video-preview":"max-video-preview:-1"},"canonical":"https:\/\/pasateaserrano.com\/fr\/serrano\/mission\/","og_locale":"fr_FR","og_type":"article","og_title":"Mission - P\u00e1sate a Serrano","og_url":"https:\/\/pasateaserrano.com\/fr\/serrano\/mission\/","og_site_name":"P\u00e1sate a Serrano","article_publisher":"https:\/\/es-es.facebook.com\/pasateaserrano\/","article_modified_time":"2020-10-15T06:30:13+00:00","twitter_card":"summary_large_image","twitter_site":"@serranocarnicas","twitter_misc":{"Dur\u00e9e de lecture estim\u00e9e":"2 minutes"},"schema":{"@context":"https:\/\/schema.org","@graph":[{"@type":"WebPage","@id":"https:\/\/pasateaserrano.com\/fr\/serrano\/mission\/","url":"https:\/\/pasateaserrano.com\/fr\/serrano\/mission\/","name":"Mission - P\u00e1sate a Serrano","isPartOf":{"@id":"https:\/\/pasateaserrano.com\/fr\/#website"},"datePublished":"2020-09-21T08:14:25+00:00","dateModified":"2020-10-15T06:30:13+00:00","breadcrumb":{"@id":"https:\/\/pasateaserrano.com\/fr\/serrano\/mission\/#breadcrumb"},"inLanguage":"fr-FR","potentialAction":[{"@type":"ReadAction","target":["https:\/\/pasateaserrano.com\/fr\/serrano\/mission\/"]}]},{"@type":"BreadcrumbList","@id":"https:\/\/pasateaserrano.com\/fr\/serrano\/mission\/#breadcrumb","itemListElement":[{"@type":"ListItem","position":1,"name":"Home","item":"https:\/\/pasateaserrano.com\/fr\/"},{"@type":"ListItem","position":2,"name":"Serrano","item":"https:\/\/pasateaserrano.com\/fr\/serrano\/"},{"@type":"ListItem","position":3,"name":"Mission"}]},{"@type":"WebSite","@id":"https:\/\/pasateaserrano.com\/fr\/#website","url":"https:\/\/pasateaserrano.com\/fr\/","name":"Pasate a Serrano","description":"","publisher":{"@id":"https:\/\/pasateaserrano.com\/fr\/#organization"},"potentialAction":[{"@type":"SearchAction","target":{"@type":"EntryPoint","urlTemplate":"https:\/\/pasateaserrano.com\/fr\/?s={search_term_string}"},"query-input":{"@type":"PropertyValueSpecification","valueRequired":true,"valueName":"search_term_string"}}],"inLanguage":"fr-FR"},{"@type":"Organization","@id":"https:\/\/pasateaserrano.com\/fr\/#organization","name":"C\u00e1rnicas Serrano, S.A.","url":"https:\/\/pasateaserrano.com\/fr\/","logo":{"@type":"ImageObject","inLanguage":"fr-FR","@id":"https:\/\/pasateaserrano.com\/fr\/#\/schema\/logo\/image\/","url":"https:\/\/pasateaserrano.com\/wp-content\/uploads\/2019\/04\/serrano-logo.png","contentUrl":"https:\/\/pasateaserrano.com\/wp-content\/uploads\/2019\/04\/serrano-logo.png","width":350,"height":190,"caption":"C\u00e1rnicas Serrano, S.A."},"image":{"@id":"https:\/\/pasateaserrano.com\/fr\/#\/schema\/logo\/image\/"},"sameAs":["https:\/\/es-es.facebook.com\/pasateaserrano\/","https:\/\/x.com\/serranocarnicas","https:\/\/www.instagram.com\/serrano_carnicas\/","https:\/\/www.youtube.com\/channel\/UCqaAEc2UX5H9u6jsQq5yHdA"]}]}},"_links":{"self":[{"href":"https:\/\/pasateaserrano.com\/fr\/wp-json\/wp\/v2\/pages\/4368","targetHints":{"allow":["GET"]}}],"collection":[{"href":"https:\/\/pasateaserrano.com\/fr\/wp-json\/wp\/v2\/pages"}],"about":[{"href":"https:\/\/pasateaserrano.com\/fr\/wp-json\/wp\/v2\/types\/page"}],"author":[{"embeddable":true,"href":"https:\/\/pasateaserrano.com\/fr\/wp-json\/wp\/v2\/users\/4"}],"replies":[{"embeddable":true,"href":"https:\/\/pasateaserrano.com\/fr\/wp-json\/wp\/v2\/comments?post=4368"}],"version-history":[{"count":2,"href":"https:\/\/pasateaserrano.com\/fr\/wp-json\/wp\/v2\/pages\/4368\/revisions"}],"predecessor-version":[{"id":4370,"href":"https:\/\/pasateaserrano.com\/fr\/wp-json\/wp\/v2\/pages\/4368\/revisions\/4370"}],"up":[{"embeddable":true,"href":"https:\/\/pasateaserrano.com\/fr\/wp-json\/wp\/v2\/pages\/4361"}],"wp:attachment":[{"href":"https:\/\/pasateaserrano.com\/fr\/wp-json\/wp\/v2\/media?parent=4368"}],"curies":[{"name":"wp","href":"https:\/\/api.w.org\/{rel}","templated":true}]}}