{"id":4386,"date":"2020-09-21T14:01:37","date_gmt":"2020-09-21T12:01:37","guid":{"rendered":"https:\/\/pasateaserrano.com\/cookies-policy\/"},"modified":"2020-10-16T07:45:20","modified_gmt":"2020-10-16T05:45:20","slug":"politique-de-cookies","status":"publish","type":"page","link":"https:\/\/pasateaserrano.com\/fr\/politique-de-cookies\/","title":{"rendered":"Politique de Cookies"},"content":{"rendered":"\n\t<section class=\"section\" id=\"section_1493609950\">\n\t\t<div class=\"section-bg fill\" >\n\t\t\t<img fetchpriority=\"high\" decoding=\"async\" width=\"1920\" height=\"1281\" src=\"https:\/\/pasateaserrano.com\/wp-content\/uploads\/2019\/05\/legal-header.jpg\" class=\"bg attachment- size-\" alt=\"Textos legales\" \/>\t\t\t\t\t\t\n\t\t\t\n\n\t\t<\/div>\n\n\t\t\n\n\t\t<div class=\"section-content relative\">\n\t\t\t\n\t\t<\/div>\n\n\t\t\n<style>\n#section_1493609950 {\n  padding-top: 30px;\n  padding-bottom: 30px;\n  min-height: 60vh;\n}\n#section_1493609950 .section-bg img {\n  object-position: 53% 54%;\n}\n<\/style>\n\t<\/section>\n\t\n<div class=\"row\"  id=\"row-1425454548\">\n\n\t<div id=\"col-590226597\" class=\"col small-12 large-12\"  >\n\t\t\t\t<div class=\"col-inner\"  >\n\t\t\t\n\t\t\t\n<h1><strong>POLITIQUE DE COOKIES<\/strong><\/h1>\n<p>Date de la derni\u00e8re mise \u00e0 jour : 25 \/04 \/2019<\/p>\n<p><strong>QUE SONT LES COOKIES ?<\/strong><\/p>\n<p>Les cookies sont de petits fichiers qui sont enregistr\u00e9s sur le disque dur ou dans le navigateur de l\u2019ordinateur, de la tablette, du smartphone ou d\u2019un dispositif \u00e9quivalent, disposant de fonctions de navigation Internet et qui aident, entre autres : \u00e0 personnaliser les services offerts par le propri\u00e9taire du site Web, \u00e0 faciliter la navigation et la convivialit\u00e9 \u00e0 travers celui-ci, \u00e0 obtenir des informations transmises par les visiteurs du site Web, \u00e0 permettre la reproduction et l\u2019affichage de contenus multim\u00e9dias sur le site Web lui-m\u00eame, \u00e0 permettre des \u00e9l\u00e9ments d\u2019interaction entre l\u2019utilisateur et le site Web, \u00e0 activer des outils de s\u00e9curit\u00e9, etc.<\/p>\n<p>\u00a0<\/p>\n<p><strong>TERMINOLOGIES UTILIS\u00c9ES DANS LA PR\u00c9SENTE POLITIQUE DE COOKIES<\/strong><\/p>\n<ul>\n<li>Utilisabilit\u00e9 Web : peut \u00eatre d\u00e9finie comme l\u2019exp\u00e9rience v\u00e9cue par l\u2019utilisateur lors de la navigation, l\u2019utilisation et l\u2019interaction avec une page Web.<\/li>\n<li>Information transmise : information non nominale, typiquement num\u00e9rique et destin\u00e9es \u00e0 fournir des informations statistiques.<\/li>\n<li>\u00c9quipement terminal : \u00e9quipement (ordinateur, smartphone, tablette, etc.) de l\u2019utilisateur qui navigue sur Internet.<\/li>\n<li>\u00c9diteur : responsable ou propri\u00e9taire du site.<\/li>\n<li>Tiers : entit\u00e9 externe, collaboratrice, prestataire de services ou en relation avec l\u2019\u00e9diteur, impliqu\u00e9 dans la gestion de certains cookies.<\/li>\n<li>Responsable du cookie : l\u2019\u00e9diteur, le gestionnaire, le propri\u00e9taire du site ou m\u00eame le tiers dans certains cas.<\/li>\n<li>Habitudes de navigation : usages que l\u2019utilisateur affiche lors de sa navigation sur une page Web, telles que, par exemple, le temps de visite de la page, les parties visit\u00e9es, les sections les plus fr\u00e9quent\u00e9es, l\u2019origine de la visite, la destination de la visite entre d\u2019autres utilisateurs et le propre site Web, activer des outils de s\u00e9curit\u00e9, etc.<\/li>\n<\/ul>\n<p>\u00a0<\/p>\n<p><strong>QUEL TYPE DE COOKIES EXISTE-T-IL ?<\/strong><\/p>\n<p>Selon l\u2019entit\u00e9 qui le g\u00e8re :<\/p>\n<p><u>Cookies propres :<\/u> ils sont envoy\u00e9s \u00e0 l\u2019\u00e9quipement terminal de l\u2019utilisateur \u00e0 partir d\u2019un ordinateur ou d\u2019un domaine g\u00e9r\u00e9 par l\u2019\u00e9diteur lui-m\u00eame et depuis lequel le service demand\u00e9 par l\u2019utilisateur est fourni.<\/p>\n<p><u>Cookies de tiers :<\/u> ils sont envoy\u00e9s \u00e0 l\u2019\u00e9quipement terminal de l\u2019utilisateur \u00e0 partir d\u2019un ordinateur ou d\u2019un domaine non g\u00e9r\u00e9 par l\u2019\u00e9diteur, mais par une autre entit\u00e9 qui traite les donn\u00e9es obtenues par leur biais.<\/p>\n<p>En fonction de la dur\u00e9e pendant laquelle ils restent actifs dans l\u2019\u00e9quipement terminal :<\/p>\n<p><u>Cookies de session :<\/u> il s\u2019agit d\u2019un type de cookies con\u00e7us pour collecter et stocker des donn\u00e9es pendant que l\u2019utilisateur acc\u00e8de \u00e0 une page Web.<\/p>\n<p><u>Cookies persistants :<\/u> il s\u2019agit d\u2019un type de cookies gr\u00e2ce auxquels les donn\u00e9es sont toujours stock\u00e9es dans le terminal et peuvent \u00eatre consult\u00e9es et trait\u00e9es pendant une p\u00e9riode d\u00e9finie par le responsable du cookie, qui peut aller de quelques minutes \u00e0 plusieurs ann\u00e9es.<\/p>\n<p>Selon la finalit\u00e9 pour laquelle les donn\u00e9es obtenues via les cookies sont trait\u00e9es :<\/p>\n<p><u>Cookies techniques :<\/u> ils permettent \u00e0 l\u2019utilisateur de naviguer \u00e0 travers un site Web, une plate-forme ou une application et l\u2019utilisation des diff\u00e9rentes options ou services que celles-ci int\u00e8grent, tels que, par exemple, contr\u00f4ler le trafic et la communication de donn\u00e9es, identifier la session, acc\u00e9der \u00e0 des parties d\u2019acc\u00e8s restreint, se souvenir des \u00e9l\u00e9ments qui composent une commande, effectuer le processus d\u2019achat d\u2019une commande, faire une demande d\u2019inscription ou de participation \u00e0 un \u00e9v\u00e9nement, utiliser des \u00e9l\u00e9ments de s\u00e9curit\u00e9 lors de la navigation, stocker des contenus pour la diffusion de vid\u00e9os ou de sons, ou de partager des contenus via les r\u00e9seaux sociaux.<\/p>\n<p><u>Cookies de personnalisation :<\/u> ils permettent \u00e0 l\u2019utilisateur d\u2019acc\u00e9der au service avec certaines caract\u00e9ristiques g\u00e9n\u00e9rales pr\u00e9d\u00e9finies en fonction d\u2019une s\u00e9rie de crit\u00e8res existants dans son terminal, tels que la langue, le type de navigateur utilis\u00e9, la configuration r\u00e9gionale \u00e0 partir de laquelle il acc\u00e8de au service, etc.<\/p>\n<p><u>Cookies d\u2019analyse :<\/u> ils permettent \u00e0 la personne qui en est responsable de faire le suivi et d\u2019analyser le comportement des utilisateurs des sites Web auxquels ils sont li\u00e9s. Les informations collect\u00e9es via ce type de cookies sont utilis\u00e9es pour mesurer l\u2019activit\u00e9 des sites Web, de l\u2019application ou de la plate-forme et pour cr\u00e9er des profils de navigation des utilisateurs desdits sites, applications et plates-formes, afin d\u2019introduire des am\u00e9liorations en fonction de l\u2019analyse des donn\u00e9es de l\u2019utilisation qui en est faite.<\/p>\n<p><u>Cookies publicitaires :<\/u> ils permettent la gestion, la plus efficace possible, des espaces publicitaires que, le cas \u00e9ch\u00e9ant, l\u2019\u00e9diteur a inclus dans un site Web, une application ou une plate-forme \u00e0 partir de laquelle le service demand\u00e9 est fourni, en fonction de crit\u00e8res comme le contenu \u00e9dit\u00e9 ou la fr\u00e9quence \u00e0 laquelle les annonces sont affich\u00e9es.<\/p>\n<p><u>Cookies de publicit\u00e9 comportementale :<\/u> ils permettent la gestion, la plus efficace possible, des espaces publicitaires que, le cas \u00e9ch\u00e9ant, l\u2019\u00e9diteur a inclus dans un site Web, une application ou une plateforme \u00e0 partir de laquelle le service demand\u00e9 est fourni. Ces cookies stockent des informations sur le comportement des utilisateurs, obtenues gr\u00e2ce \u00e0 l\u2019observation continue de leurs habitudes de navigation permettant le d\u00e9veloppement d\u2019un profil sp\u00e9cifique visant \u00e0 afficher des publicit\u00e9s bas\u00e9es sur celui-ci.<\/p>\n<p>\u00a0<\/p>\n<p><strong>QUELS COOKIES UTILISONS-NOUS CONCR\u00c8TEMENT ?<\/strong><\/p>\n<table width=\"926\">\n<tbody>\n<tr>\n<td>\n<p><strong>Nom du cookie<\/strong><\/p>\n<\/td>\n<td>\n<p><strong>Serveur \/ domaine \u00e0 partir duquel il est t\u00e9l\u00e9charg\u00e9<\/strong><\/p>\n<\/td>\n<td>\n<p><strong>Finalit\u00e9<\/strong><\/p>\n<\/td>\n<td>\n<p><strong>Permanence<\/strong><\/p>\n<\/td>\n<\/tr>\n<tr>\n<td>\n<p>4711e5c8faeec862dec0ce8412d9863b<\/p>\n<\/td>\n<td>\n<p>Pasateaserrano.com<\/p>\n<\/td>\n<td>\n<p>Identifie les pr\u00e9f\u00e9rences de l&rsquo;utilisateur.<\/p>\n<\/td>\n<td>\n<p>Cookie de session<\/p>\n<\/td>\n<\/tr>\n<tr>\n<td>\n<p>accept_cookie<\/p>\n<\/td>\n<td>\n<p>Pasateaserrano.com<\/p>\n<\/td>\n<td>\n<p>Identifie l\u2019acceptation de la politique de cookies.<\/p>\n<\/td>\n<td>\n<p>C\u2019est un cookie d\u2019un niveau de permanence de 2 ans<\/p>\n<\/td>\n<\/tr>\n<tr>\n<td>\n<p>_utma<\/p>\n<\/td>\n<td>\n<p>De tiers (Google Analytics)<\/p>\n<\/td>\n<td>\n<p>G\u00e9n\u00e8re un ID d\u2019utilisateur unique, qui est utilis\u00e9 pour compter le nombre de fois que celui-ci visite le site. Il enregistre \u00e9galement la premi\u00e8re et la derni\u00e8re fois que celui-ci a visit\u00e9 le Web.<\/p>\n<\/td>\n<td>\n<p>C\u2019est un cookie d\u2019un niveau de permanence de 2 ans<\/p>\n<\/td>\n<\/tr>\n<tr>\n<td>\n<p>_utmb, _utmc<\/p>\n<\/td>\n<td>\n<p>De tiers (Google Analytics)<\/p>\n<\/td>\n<td>\n<p>Ils sont utilis\u00e9s pour calculer la fin d\u2019une session. L&rsquo;utmb enregistre l&rsquo;heure d&rsquo;arriv\u00e9e sur la page tandis que l&rsquo;utm v\u00e9rifie si la session doit rester ouverte ou si une nouvelle session doit \u00eatre cr\u00e9\u00e9e.<\/p>\n<\/td>\n<td>\n<p>Son niveau de permanence est de 2 ans<\/p>\n<\/td>\n<\/tr>\n<tr>\n<td>\n<p>_utmz<\/p>\n<\/td>\n<td>\n<p>De tiers (Google Analytics)<\/p>\n<\/td>\n<td>\n<p>Il a en charge d\u2019enregistrer l&rsquo;origine de l&rsquo;utilisateur, ainsi que les mots-cl\u00e9s. Il a une date d&rsquo;expiration de six mois, bien qu&rsquo;il soit renouvel\u00e9 \u00e0 chaque fois que le site Web est visit\u00e9, tant qu&rsquo;il ne s&rsquo;agit pas d&rsquo;une visite directe.<\/p>\n<\/td>\n<td>\n<p>Son niveau de permanence est de 2 ans<\/p>\n<\/td>\n<\/tr>\n<\/tbody>\n<\/table>\n<h1>\u00a0<\/h1>\n<p><strong>COMMENT D\u00c9SACTIVER LES COOKIES ?<\/strong><\/p>\n<p>Le blocage ou la d\u00e9sactivation de tous les cookies permet de prot\u00e9ger la confidentialit\u00e9, mais cela peut \u00e9galement limiter l\u2019exp\u00e9rience sur certains sites Web, ainsi que limiter les fonctionnalit\u00e9s pouvant aller jusqu\u2019\u00e0 ne pas permettre la navigation ou l\u2019utilisation correcte de certains de leurs services.\u00a0Si vous souhaitez savoir comment d\u00e9sactiver les cookies dans les navigateurs Web les plus courants, acc\u00e9dez aux didacticiels suivants :<\/p>\n<ul>\n<li><a href=\"http:\/\/support.google.com\/chrome\/answer\/95647?hl=FR\">Google Chrome<\/a><\/li>\n<li><a href=\"http:\/\/support.mozilla.org\/es\/kb\/habilitar-y-deshabilitar-cookies-que-los-sitios-we\">Mozilla Firefox<\/a><\/li>\n<li><a href=\"http:\/\/windows.microsoft.com\/es-es\/windows-vista\/block-or-allow-cookies\">Internet Explorer<\/a><\/li>\n<li><a href=\"http:\/\/support.apple.com\/es-es\/HT1677\">Safari<\/a><\/li>\n<li><a href=\"http:\/\/support.google.com\/chrome\/answer\/2392971?hl=es\">Chrome pour Android<\/a><\/li>\n<li><a href=\"http:\/\/help.opera.com\/Windows\/11.50\/es-ES\/cookies.html\">Opera<\/a><\/li>\n<\/ul>\n<p>Si vous avez des questions ou des doutes concernant la pr\u00e9sente politique de cookies, vous pouvez nous contacter au courriel suivant : rgpd@serrano.es<\/p>\n<p>Remarques<\/p>\n<p>C\u00e1rnicas Serrano a b\u00e9n\u00e9fici\u00e9 d\u2019une subvention de l\u2019Institut valencien de la comp\u00e9titivit\u00e9 des entreprises (IVACE), dans le cadre du programme \u00ab \u00c9conomies d\u2019\u00e9nergie et efficacit\u00e9 dans l\u2019industrie \u00bb. L\u2019objectif du projet est le \u00ab Remplacement de 9 installations d&rsquo;affinage autonomes situ\u00e9es \u00e0 Fr\u00e9on par une installation centralis\u00e9e de glycol \u00bb dans nos installations de Paterna (Valence). Le montant de la subvention s\u2019\u00e9l\u00e8ve \u00e0 116 346,28 euros financ\u00e9s \u00e0 travers des fonds de la \u00ab G\u00e9n\u00e9ralit\u00e9 Valencienne \u00bb et de \u00ab l\u2019Union europ\u00e9enne \u00bb.<\/p>\n\t\t<\/div>\n\t\t\t\t\t<\/div>\n\n\t\n<\/div>\n","protected":false},"excerpt":{"rendered":"","protected":false},"author":4,"featured_media":0,"parent":0,"menu_order":0,"comment_status":"closed","ping_status":"closed","template":"page-transparent-header.php","meta":{"_acf_changed":false,"footnotes":""},"class_list":["post-4386","page","type-page","status-publish","hentry"],"acf":[],"yoast_head":"<!-- This site is optimized with the Yoast SEO plugin v27.3 - https:\/\/yoast.com\/product\/yoast-seo-wordpress\/ -->\n<title>Politique de Cookies - P\u00e1sate a Serrano<\/title>\n<meta name=\"robots\" content=\"index, follow, max-snippet:-1, max-image-preview:large, max-video-preview:-1\" \/>\n<link rel=\"canonical\" href=\"https:\/\/pasateaserrano.com\/fr\/politique-de-cookies\/\" \/>\n<meta property=\"og:locale\" content=\"fr_FR\" \/>\n<meta property=\"og:type\" content=\"article\" \/>\n<meta property=\"og:title\" content=\"Politique de Cookies - P\u00e1sate a Serrano\" \/>\n<meta property=\"og:url\" content=\"https:\/\/pasateaserrano.com\/fr\/politique-de-cookies\/\" \/>\n<meta property=\"og:site_name\" content=\"P\u00e1sate a Serrano\" \/>\n<meta property=\"article:publisher\" content=\"https:\/\/es-es.facebook.com\/pasateaserrano\/\" \/>\n<meta property=\"article:modified_time\" content=\"2020-10-16T05:45:20+00:00\" \/>\n<meta name=\"twitter:card\" content=\"summary_large_image\" \/>\n<meta name=\"twitter:site\" content=\"@serranocarnicas\" \/>\n<meta name=\"twitter:label1\" content=\"Dur\u00e9e de lecture estim\u00e9e\" \/>\n\t<meta name=\"twitter:data1\" content=\"7 minutes\" \/>\n<script type=\"application\/ld+json\" class=\"yoast-schema-graph\">{\"@context\":\"https:\\\/\\\/schema.org\",\"@graph\":[{\"@type\":\"WebPage\",\"@id\":\"https:\\\/\\\/pasateaserrano.com\\\/fr\\\/politique-de-cookies\\\/\",\"url\":\"https:\\\/\\\/pasateaserrano.com\\\/fr\\\/politique-de-cookies\\\/\",\"name\":\"Politique de Cookies - P\u00e1sate a Serrano\",\"isPartOf\":{\"@id\":\"https:\\\/\\\/pasateaserrano.com\\\/fr\\\/#website\"},\"datePublished\":\"2020-09-21T12:01:37+00:00\",\"dateModified\":\"2020-10-16T05:45:20+00:00\",\"breadcrumb\":{\"@id\":\"https:\\\/\\\/pasateaserrano.com\\\/fr\\\/politique-de-cookies\\\/#breadcrumb\"},\"inLanguage\":\"fr-FR\",\"potentialAction\":[{\"@type\":\"ReadAction\",\"target\":[\"https:\\\/\\\/pasateaserrano.com\\\/fr\\\/politique-de-cookies\\\/\"]}]},{\"@type\":\"BreadcrumbList\",\"@id\":\"https:\\\/\\\/pasateaserrano.com\\\/fr\\\/politique-de-cookies\\\/#breadcrumb\",\"itemListElement\":[{\"@type\":\"ListItem\",\"position\":1,\"name\":\"Home\",\"item\":\"https:\\\/\\\/pasateaserrano.com\\\/fr\\\/\"},{\"@type\":\"ListItem\",\"position\":2,\"name\":\"Politique de Cookies\"}]},{\"@type\":\"WebSite\",\"@id\":\"https:\\\/\\\/pasateaserrano.com\\\/fr\\\/#website\",\"url\":\"https:\\\/\\\/pasateaserrano.com\\\/fr\\\/\",\"name\":\"Pasate a Serrano\",\"description\":\"\",\"publisher\":{\"@id\":\"https:\\\/\\\/pasateaserrano.com\\\/fr\\\/#organization\"},\"potentialAction\":[{\"@type\":\"SearchAction\",\"target\":{\"@type\":\"EntryPoint\",\"urlTemplate\":\"https:\\\/\\\/pasateaserrano.com\\\/fr\\\/?s={search_term_string}\"},\"query-input\":{\"@type\":\"PropertyValueSpecification\",\"valueRequired\":true,\"valueName\":\"search_term_string\"}}],\"inLanguage\":\"fr-FR\"},{\"@type\":\"Organization\",\"@id\":\"https:\\\/\\\/pasateaserrano.com\\\/fr\\\/#organization\",\"name\":\"C\u00e1rnicas Serrano, S.A.\",\"url\":\"https:\\\/\\\/pasateaserrano.com\\\/fr\\\/\",\"logo\":{\"@type\":\"ImageObject\",\"inLanguage\":\"fr-FR\",\"@id\":\"https:\\\/\\\/pasateaserrano.com\\\/fr\\\/#\\\/schema\\\/logo\\\/image\\\/\",\"url\":\"https:\\\/\\\/pasateaserrano.com\\\/wp-content\\\/uploads\\\/2019\\\/04\\\/serrano-logo.png\",\"contentUrl\":\"https:\\\/\\\/pasateaserrano.com\\\/wp-content\\\/uploads\\\/2019\\\/04\\\/serrano-logo.png\",\"width\":350,\"height\":190,\"caption\":\"C\u00e1rnicas Serrano, S.A.\"},\"image\":{\"@id\":\"https:\\\/\\\/pasateaserrano.com\\\/fr\\\/#\\\/schema\\\/logo\\\/image\\\/\"},\"sameAs\":[\"https:\\\/\\\/es-es.facebook.com\\\/pasateaserrano\\\/\",\"https:\\\/\\\/x.com\\\/serranocarnicas\",\"https:\\\/\\\/www.instagram.com\\\/serrano_carnicas\\\/\",\"https:\\\/\\\/www.youtube.com\\\/channel\\\/UCqaAEc2UX5H9u6jsQq5yHdA\"]}]}<\/script>\n<!-- \/ Yoast SEO plugin. -->","yoast_head_json":{"title":"Politique de Cookies - P\u00e1sate a Serrano","robots":{"index":"index","follow":"follow","max-snippet":"max-snippet:-1","max-image-preview":"max-image-preview:large","max-video-preview":"max-video-preview:-1"},"canonical":"https:\/\/pasateaserrano.com\/fr\/politique-de-cookies\/","og_locale":"fr_FR","og_type":"article","og_title":"Politique de Cookies - P\u00e1sate a Serrano","og_url":"https:\/\/pasateaserrano.com\/fr\/politique-de-cookies\/","og_site_name":"P\u00e1sate a Serrano","article_publisher":"https:\/\/es-es.facebook.com\/pasateaserrano\/","article_modified_time":"2020-10-16T05:45:20+00:00","twitter_card":"summary_large_image","twitter_site":"@serranocarnicas","twitter_misc":{"Dur\u00e9e de lecture estim\u00e9e":"7 minutes"},"schema":{"@context":"https:\/\/schema.org","@graph":[{"@type":"WebPage","@id":"https:\/\/pasateaserrano.com\/fr\/politique-de-cookies\/","url":"https:\/\/pasateaserrano.com\/fr\/politique-de-cookies\/","name":"Politique de Cookies - P\u00e1sate a Serrano","isPartOf":{"@id":"https:\/\/pasateaserrano.com\/fr\/#website"},"datePublished":"2020-09-21T12:01:37+00:00","dateModified":"2020-10-16T05:45:20+00:00","breadcrumb":{"@id":"https:\/\/pasateaserrano.com\/fr\/politique-de-cookies\/#breadcrumb"},"inLanguage":"fr-FR","potentialAction":[{"@type":"ReadAction","target":["https:\/\/pasateaserrano.com\/fr\/politique-de-cookies\/"]}]},{"@type":"BreadcrumbList","@id":"https:\/\/pasateaserrano.com\/fr\/politique-de-cookies\/#breadcrumb","itemListElement":[{"@type":"ListItem","position":1,"name":"Home","item":"https:\/\/pasateaserrano.com\/fr\/"},{"@type":"ListItem","position":2,"name":"Politique de Cookies"}]},{"@type":"WebSite","@id":"https:\/\/pasateaserrano.com\/fr\/#website","url":"https:\/\/pasateaserrano.com\/fr\/","name":"Pasate a Serrano","description":"","publisher":{"@id":"https:\/\/pasateaserrano.com\/fr\/#organization"},"potentialAction":[{"@type":"SearchAction","target":{"@type":"EntryPoint","urlTemplate":"https:\/\/pasateaserrano.com\/fr\/?s={search_term_string}"},"query-input":{"@type":"PropertyValueSpecification","valueRequired":true,"valueName":"search_term_string"}}],"inLanguage":"fr-FR"},{"@type":"Organization","@id":"https:\/\/pasateaserrano.com\/fr\/#organization","name":"C\u00e1rnicas Serrano, S.A.","url":"https:\/\/pasateaserrano.com\/fr\/","logo":{"@type":"ImageObject","inLanguage":"fr-FR","@id":"https:\/\/pasateaserrano.com\/fr\/#\/schema\/logo\/image\/","url":"https:\/\/pasateaserrano.com\/wp-content\/uploads\/2019\/04\/serrano-logo.png","contentUrl":"https:\/\/pasateaserrano.com\/wp-content\/uploads\/2019\/04\/serrano-logo.png","width":350,"height":190,"caption":"C\u00e1rnicas Serrano, S.A."},"image":{"@id":"https:\/\/pasateaserrano.com\/fr\/#\/schema\/logo\/image\/"},"sameAs":["https:\/\/es-es.facebook.com\/pasateaserrano\/","https:\/\/x.com\/serranocarnicas","https:\/\/www.instagram.com\/serrano_carnicas\/","https:\/\/www.youtube.com\/channel\/UCqaAEc2UX5H9u6jsQq5yHdA"]}]}},"_links":{"self":[{"href":"https:\/\/pasateaserrano.com\/fr\/wp-json\/wp\/v2\/pages\/4386","targetHints":{"allow":["GET"]}}],"collection":[{"href":"https:\/\/pasateaserrano.com\/fr\/wp-json\/wp\/v2\/pages"}],"about":[{"href":"https:\/\/pasateaserrano.com\/fr\/wp-json\/wp\/v2\/types\/page"}],"author":[{"embeddable":true,"href":"https:\/\/pasateaserrano.com\/fr\/wp-json\/wp\/v2\/users\/4"}],"replies":[{"embeddable":true,"href":"https:\/\/pasateaserrano.com\/fr\/wp-json\/wp\/v2\/comments?post=4386"}],"version-history":[{"count":5,"href":"https:\/\/pasateaserrano.com\/fr\/wp-json\/wp\/v2\/pages\/4386\/revisions"}],"predecessor-version":[{"id":4448,"href":"https:\/\/pasateaserrano.com\/fr\/wp-json\/wp\/v2\/pages\/4386\/revisions\/4448"}],"wp:attachment":[{"href":"https:\/\/pasateaserrano.com\/fr\/wp-json\/wp\/v2\/media?parent=4386"}],"curies":[{"name":"wp","href":"https:\/\/api.w.org\/{rel}","templated":true}]}}