{"id":4394,"date":"2020-09-21T14:02:31","date_gmt":"2020-09-21T12:02:31","guid":{"rendered":"https:\/\/pasateaserrano.com\/privacy-policy\/"},"modified":"2020-10-15T12:16:51","modified_gmt":"2020-10-15T10:16:51","slug":"politique-de-confidentialite","status":"publish","type":"page","link":"https:\/\/pasateaserrano.com\/fr\/politique-de-confidentialite\/","title":{"rendered":"Politique de Confidentialit\u00e9"},"content":{"rendered":"\n\t<section class=\"section\" id=\"section_250666613\">\n\t\t<div class=\"section-bg fill\" >\n\t\t\t<img fetchpriority=\"high\" decoding=\"async\" width=\"1920\" height=\"1281\" src=\"https:\/\/pasateaserrano.com\/wp-content\/uploads\/2019\/05\/legal-header.jpg\" class=\"bg attachment- size-\" alt=\"Textos legales\" \/>\t\t\t\t\t\t\n\t\t\t\n\n\t\t<\/div>\n\n\t\t\n\n\t\t<div class=\"section-content relative\">\n\t\t\t\n\t\t<\/div>\n\n\t\t\n<style>\n#section_250666613 {\n  padding-top: 30px;\n  padding-bottom: 30px;\n  min-height: 60vh;\n}\n#section_250666613 .section-bg img {\n  object-position: 53% 54%;\n}\n<\/style>\n\t<\/section>\n\t\n<div class=\"row\"  id=\"row-1072709313\">\n\n\t<div id=\"col-50715826\" class=\"col small-12 large-12\"  >\n\t\t\t\t<div class=\"col-inner\"  >\n\t\t\t\n\t\t\t\n<h1><strong>POLITIQUE DE CONFIDENTIALIT\u00c9<\/strong><\/h1>\n<p>\u00a0Date de derni\u00e8re mise \u00e0 jour : 25 \/04 \/2019<\/p>\n<p><strong>QUI EST RESPONSABLE DU TRAITEMENT ?<\/strong><\/p>\n<ul>\n<li>Identit\u00e9 du responsable : C\u00c1RNICAS SERRANO, S.L. (CIF: B46114724)<\/li>\n<li>Adresse physique : C \/ VILLA DE MADRID N\u00ba45 &#8211; 46988 PATERNA (VALENCE)<\/li>\n<li>Courriel : rgpd@serrano.es<\/li>\n<li>T\u00e9l\u00e9phone : 00 34 961 34 11 12<\/li>\n<\/ul>\n<p>\u00a0<\/p>\n<p><strong>\u00c0 QUELLES FINS TRAITONS-NOUS LES DONN\u00c9ES PERSONNELLES ?<\/strong><\/p>\n<p>Chez SERRANO, les donn\u00e9es personnelles sont trait\u00e9es aux fins suivantes :<\/p>\n<ul>\n<li>Contact : r\u00e9pondre aux demandes d\u2019informations re\u00e7ues \u00e0 propos des produits propos\u00e9s, ainsi qu\u2019\u00e0 tout autre type de question adress\u00e9e par les utilisateurs.<\/li>\n<li>Emploi : effectuer des processus internes de s\u00e9lection du personnel, tant actuels que futurs.<\/li>\n<\/ul>\n<p><strong>\u00a0<\/strong><\/p>\n<p><strong>PENDANT COMBIEN DE TEMPS TRAITONS-NOUS LES DONN\u00c9ES PERSONNELLES ?<\/strong><\/p>\n<p>Chez SERRANO, les donn\u00e9es personnelles sont trait\u00e9es pendant les dur\u00e9es suivantes :<\/p>\n<ul>\n<li>Contact : la dur\u00e9e de conservation des donn\u00e9es sera aussi longue que l\u2019utilisateur n\u2019exercera pas son droit de suppression.<\/li>\n<li>Emploi : les donn\u00e9es seront conserv\u00e9es tant que le candidat n\u2019exercera pas son droit de r\u00e9tractation. La dur\u00e9e maximale de conservation des informations pr\u00e9sentes dans les CV, de la part de notre soci\u00e9t\u00e9, sera d\u2019un an.<\/li>\n<\/ul>\n<p><strong>QUI EST L\u00c9GITIME EN CE QUI CONCERNE LE TRAITEMENT DES DONN\u00c9ES ?<\/strong><\/p>\n<p>En acc\u00e9dant \u00e0 notre site Web et en remplissant les formulaires ou en nous envoyant des donn\u00e9es via les moyens de contact \u00e9lectroniques indiqu\u00e9s, vous acceptez la pr\u00e9sente politique de confidentialit\u00e9. C\u2019est pourquoi nous nous appuyons sur le consentement de l\u2019utilisateur concernant le traitement de ses donn\u00e9es. De plus, nous vous informons que nous n\u2019utiliserons les informations personnelles que dans le cadre de cette politique de confidentialit\u00e9 et, en g\u00e9n\u00e9ral, nous demanderons votre consentement pour des utilisations \u00e0 des fins autres que celles pour lesquelles vous les avez initialement accord\u00e9es. Enfin, nous vous informons que vous pouvez retirer votre consentement \u00e0 tout moment, il vous suffira, pour cela, de nous contacter par les moyens indiqu\u00e9s dans la pr\u00e9sente politique de confidentialit\u00e9.<\/p>\n<p><strong>AVEC QUI PARTAGEONS-NOUS LES DONN\u00c9ES PERSONNELLES ?<\/strong><\/p>\n<p>Les donn\u00e9es personnelles collect\u00e9es ne seront, en aucun cas, c\u00e9d\u00e9es \u00e0 des tiers ou rendues publiques, sauf dans les cas o\u00f9 vous le consentiez, participiez volontairement ou en raison d&rsquo;obligations l\u00e9gales expresses.<\/p>\n<p>Nous ne partageons les informations personnelles qu\u2019avec certaines entreprises prestataires de services, en fournissant uniquement les donn\u00e9es n\u00e9cessaires aux dits services. Nous exigeons \u00e0 toute entreprise avec laquelle nous pouvons partager les informations personnelles de prot\u00e9ger ces donn\u00e9es conform\u00e9ment \u00e0 cette politique, de limiter l\u2019utilisation des informations personnelles \u00e0 la fourniture de services, en plus de signer les contrats d\u2019acc\u00e8s aux donn\u00e9es correspondants, conform\u00e9ment \u00e0 la r\u00e9glementation en vigueur concernant la protection des donn\u00e9es. Nous vous informons \u00e9galement que dans le cas o\u00f9 des transferts internationaux seraient effectu\u00e9s en dehors de l\u2019espace \u00e9conomique europ\u00e9en, nous exigerions aux entreprises r\u00e9ceptrices une \u00ab assurance \u00bb dans le cadre d\u2019accords internationaux, ou une adh\u00e9sion au bouclier de protection des donn\u00e9es UE-USA (EU- US Privacy Shield).<\/p>\n<p>Les donn\u00e9es ne seront pas communiqu\u00e9es \u00e0 des tiers, sauf obligation l\u00e9gale. Nous partageons \u00e9galement les informations personnelles avec certaines soci\u00e9t\u00e9s qui fournissent des services \u00e0 notre soci\u00e9t\u00e9 (d\u00e9veloppement et support Web, e-mail marketing). Nous ne partageons que les informations personnelles n\u00e9cessaires, leur permettant de fournir ces services. Nous demandons \u00e0 toute entreprise avec laquelle nous pouvons partager les informations personnelles de prot\u00e9ger ces donn\u00e9es d\u2019une mani\u00e8re conforme aux dispositions de cette politique et de limiter l\u2019utilisation de ces informations personnelles \u00e0 la fourniture de services, en plus de souscrire les contrats d\u2019acc\u00e8s correspondants aux donn\u00e9es conform\u00e9ment \u00e0 la r\u00e8glementation de protection des donn\u00e9es requises dans ces cas. De m\u00eame, nous informons qu\u2019aucun transfert international n\u2019est effectu\u00e9 en dehors de l\u2019espace \u00e9conomique europ\u00e9en.<\/p>\n<p><strong>QUELS DROITS POUVEZ-VOUS EXERCER ?<\/strong><\/p>\n<p>L\u2019utilisateur peut exercer ses droits concernant la protection des donn\u00e9es (acc\u00e8s, rectification, opposition, suppression, d\u00e9cisions automatis\u00e9es, limitation de traitement, portabilit\u00e9) par e-mail \u00e0 rgpd@serrano.es, ou par courrier postal \u00e0 C \/ Villa de Madrid, 45 &#8211; 46988, Paterna (Valence). Une documentation prouvant l\u2019identit\u00e9 du demandeur doit \u00eatre fournie (photocopie du recto du document d\u2019identit\u00e9 national ou \u00e9quivalent). Le d\u00e9lai de r\u00e9ponse sera de 30 jours au maximum, \u00e0 compter de la r\u00e9ception, pouvant \u00eatre prolong\u00e9, si besoin, pour une p\u00e9riode maximale de 2 mois.<\/p>\n<p>Dans tous les cas, vous pouvez demander l\u2019assistance tut\u00e9laire de l\u2019agence espagnole de protection des donn\u00e9es via son site Web.<\/p>\n\t\t<\/div>\n\t\t\t\t\t<\/div>\n\n\t\n<\/div>\n","protected":false},"excerpt":{"rendered":"","protected":false},"author":4,"featured_media":0,"parent":0,"menu_order":0,"comment_status":"closed","ping_status":"closed","template":"page-transparent-header.php","meta":{"_acf_changed":false,"footnotes":""},"class_list":["post-4394","page","type-page","status-publish","hentry"],"acf":[],"yoast_head":"<!-- This site is optimized with the Yoast SEO plugin v27.3 - https:\/\/yoast.com\/product\/yoast-seo-wordpress\/ -->\n<title>Politique de Confidentialit\u00e9 - P\u00e1sate a Serrano<\/title>\n<meta name=\"robots\" content=\"index, follow, max-snippet:-1, max-image-preview:large, max-video-preview:-1\" \/>\n<link rel=\"canonical\" href=\"https:\/\/pasateaserrano.com\/fr\/politique-de-confidentialite\/\" \/>\n<meta property=\"og:locale\" content=\"fr_FR\" \/>\n<meta property=\"og:type\" content=\"article\" \/>\n<meta property=\"og:title\" content=\"Politique de Confidentialit\u00e9 - P\u00e1sate a Serrano\" \/>\n<meta property=\"og:url\" content=\"https:\/\/pasateaserrano.com\/fr\/politique-de-confidentialite\/\" \/>\n<meta property=\"og:site_name\" content=\"P\u00e1sate a Serrano\" \/>\n<meta property=\"article:publisher\" content=\"https:\/\/es-es.facebook.com\/pasateaserrano\/\" \/>\n<meta property=\"article:modified_time\" content=\"2020-10-15T10:16:51+00:00\" \/>\n<meta name=\"twitter:card\" content=\"summary_large_image\" \/>\n<meta name=\"twitter:site\" content=\"@serranocarnicas\" \/>\n<meta name=\"twitter:label1\" content=\"Dur\u00e9e de lecture estim\u00e9e\" \/>\n\t<meta name=\"twitter:data1\" content=\"4 minutes\" \/>\n<script type=\"application\/ld+json\" class=\"yoast-schema-graph\">{\"@context\":\"https:\\\/\\\/schema.org\",\"@graph\":[{\"@type\":\"WebPage\",\"@id\":\"https:\\\/\\\/pasateaserrano.com\\\/fr\\\/politique-de-confidentialite\\\/\",\"url\":\"https:\\\/\\\/pasateaserrano.com\\\/fr\\\/politique-de-confidentialite\\\/\",\"name\":\"Politique de Confidentialit\u00e9 - P\u00e1sate a Serrano\",\"isPartOf\":{\"@id\":\"https:\\\/\\\/pasateaserrano.com\\\/fr\\\/#website\"},\"datePublished\":\"2020-09-21T12:02:31+00:00\",\"dateModified\":\"2020-10-15T10:16:51+00:00\",\"breadcrumb\":{\"@id\":\"https:\\\/\\\/pasateaserrano.com\\\/fr\\\/politique-de-confidentialite\\\/#breadcrumb\"},\"inLanguage\":\"fr-FR\",\"potentialAction\":[{\"@type\":\"ReadAction\",\"target\":[\"https:\\\/\\\/pasateaserrano.com\\\/fr\\\/politique-de-confidentialite\\\/\"]}]},{\"@type\":\"BreadcrumbList\",\"@id\":\"https:\\\/\\\/pasateaserrano.com\\\/fr\\\/politique-de-confidentialite\\\/#breadcrumb\",\"itemListElement\":[{\"@type\":\"ListItem\",\"position\":1,\"name\":\"Home\",\"item\":\"https:\\\/\\\/pasateaserrano.com\\\/fr\\\/\"},{\"@type\":\"ListItem\",\"position\":2,\"name\":\"Politique de Confidentialit\u00e9\"}]},{\"@type\":\"WebSite\",\"@id\":\"https:\\\/\\\/pasateaserrano.com\\\/fr\\\/#website\",\"url\":\"https:\\\/\\\/pasateaserrano.com\\\/fr\\\/\",\"name\":\"Pasate a Serrano\",\"description\":\"\",\"publisher\":{\"@id\":\"https:\\\/\\\/pasateaserrano.com\\\/fr\\\/#organization\"},\"potentialAction\":[{\"@type\":\"SearchAction\",\"target\":{\"@type\":\"EntryPoint\",\"urlTemplate\":\"https:\\\/\\\/pasateaserrano.com\\\/fr\\\/?s={search_term_string}\"},\"query-input\":{\"@type\":\"PropertyValueSpecification\",\"valueRequired\":true,\"valueName\":\"search_term_string\"}}],\"inLanguage\":\"fr-FR\"},{\"@type\":\"Organization\",\"@id\":\"https:\\\/\\\/pasateaserrano.com\\\/fr\\\/#organization\",\"name\":\"C\u00e1rnicas Serrano, S.A.\",\"url\":\"https:\\\/\\\/pasateaserrano.com\\\/fr\\\/\",\"logo\":{\"@type\":\"ImageObject\",\"inLanguage\":\"fr-FR\",\"@id\":\"https:\\\/\\\/pasateaserrano.com\\\/fr\\\/#\\\/schema\\\/logo\\\/image\\\/\",\"url\":\"https:\\\/\\\/pasateaserrano.com\\\/wp-content\\\/uploads\\\/2019\\\/04\\\/serrano-logo.png\",\"contentUrl\":\"https:\\\/\\\/pasateaserrano.com\\\/wp-content\\\/uploads\\\/2019\\\/04\\\/serrano-logo.png\",\"width\":350,\"height\":190,\"caption\":\"C\u00e1rnicas Serrano, S.A.\"},\"image\":{\"@id\":\"https:\\\/\\\/pasateaserrano.com\\\/fr\\\/#\\\/schema\\\/logo\\\/image\\\/\"},\"sameAs\":[\"https:\\\/\\\/es-es.facebook.com\\\/pasateaserrano\\\/\",\"https:\\\/\\\/x.com\\\/serranocarnicas\",\"https:\\\/\\\/www.instagram.com\\\/serrano_carnicas\\\/\",\"https:\\\/\\\/www.youtube.com\\\/channel\\\/UCqaAEc2UX5H9u6jsQq5yHdA\"]}]}<\/script>\n<!-- \/ Yoast SEO plugin. -->","yoast_head_json":{"title":"Politique de Confidentialit\u00e9 - P\u00e1sate a Serrano","robots":{"index":"index","follow":"follow","max-snippet":"max-snippet:-1","max-image-preview":"max-image-preview:large","max-video-preview":"max-video-preview:-1"},"canonical":"https:\/\/pasateaserrano.com\/fr\/politique-de-confidentialite\/","og_locale":"fr_FR","og_type":"article","og_title":"Politique de Confidentialit\u00e9 - P\u00e1sate a Serrano","og_url":"https:\/\/pasateaserrano.com\/fr\/politique-de-confidentialite\/","og_site_name":"P\u00e1sate a Serrano","article_publisher":"https:\/\/es-es.facebook.com\/pasateaserrano\/","article_modified_time":"2020-10-15T10:16:51+00:00","twitter_card":"summary_large_image","twitter_site":"@serranocarnicas","twitter_misc":{"Dur\u00e9e de lecture estim\u00e9e":"4 minutes"},"schema":{"@context":"https:\/\/schema.org","@graph":[{"@type":"WebPage","@id":"https:\/\/pasateaserrano.com\/fr\/politique-de-confidentialite\/","url":"https:\/\/pasateaserrano.com\/fr\/politique-de-confidentialite\/","name":"Politique de Confidentialit\u00e9 - P\u00e1sate a Serrano","isPartOf":{"@id":"https:\/\/pasateaserrano.com\/fr\/#website"},"datePublished":"2020-09-21T12:02:31+00:00","dateModified":"2020-10-15T10:16:51+00:00","breadcrumb":{"@id":"https:\/\/pasateaserrano.com\/fr\/politique-de-confidentialite\/#breadcrumb"},"inLanguage":"fr-FR","potentialAction":[{"@type":"ReadAction","target":["https:\/\/pasateaserrano.com\/fr\/politique-de-confidentialite\/"]}]},{"@type":"BreadcrumbList","@id":"https:\/\/pasateaserrano.com\/fr\/politique-de-confidentialite\/#breadcrumb","itemListElement":[{"@type":"ListItem","position":1,"name":"Home","item":"https:\/\/pasateaserrano.com\/fr\/"},{"@type":"ListItem","position":2,"name":"Politique de Confidentialit\u00e9"}]},{"@type":"WebSite","@id":"https:\/\/pasateaserrano.com\/fr\/#website","url":"https:\/\/pasateaserrano.com\/fr\/","name":"Pasate a Serrano","description":"","publisher":{"@id":"https:\/\/pasateaserrano.com\/fr\/#organization"},"potentialAction":[{"@type":"SearchAction","target":{"@type":"EntryPoint","urlTemplate":"https:\/\/pasateaserrano.com\/fr\/?s={search_term_string}"},"query-input":{"@type":"PropertyValueSpecification","valueRequired":true,"valueName":"search_term_string"}}],"inLanguage":"fr-FR"},{"@type":"Organization","@id":"https:\/\/pasateaserrano.com\/fr\/#organization","name":"C\u00e1rnicas Serrano, S.A.","url":"https:\/\/pasateaserrano.com\/fr\/","logo":{"@type":"ImageObject","inLanguage":"fr-FR","@id":"https:\/\/pasateaserrano.com\/fr\/#\/schema\/logo\/image\/","url":"https:\/\/pasateaserrano.com\/wp-content\/uploads\/2019\/04\/serrano-logo.png","contentUrl":"https:\/\/pasateaserrano.com\/wp-content\/uploads\/2019\/04\/serrano-logo.png","width":350,"height":190,"caption":"C\u00e1rnicas Serrano, S.A."},"image":{"@id":"https:\/\/pasateaserrano.com\/fr\/#\/schema\/logo\/image\/"},"sameAs":["https:\/\/es-es.facebook.com\/pasateaserrano\/","https:\/\/x.com\/serranocarnicas","https:\/\/www.instagram.com\/serrano_carnicas\/","https:\/\/www.youtube.com\/channel\/UCqaAEc2UX5H9u6jsQq5yHdA"]}]}},"_links":{"self":[{"href":"https:\/\/pasateaserrano.com\/fr\/wp-json\/wp\/v2\/pages\/4394","targetHints":{"allow":["GET"]}}],"collection":[{"href":"https:\/\/pasateaserrano.com\/fr\/wp-json\/wp\/v2\/pages"}],"about":[{"href":"https:\/\/pasateaserrano.com\/fr\/wp-json\/wp\/v2\/types\/page"}],"author":[{"embeddable":true,"href":"https:\/\/pasateaserrano.com\/fr\/wp-json\/wp\/v2\/users\/4"}],"replies":[{"embeddable":true,"href":"https:\/\/pasateaserrano.com\/fr\/wp-json\/wp\/v2\/comments?post=4394"}],"version-history":[{"count":3,"href":"https:\/\/pasateaserrano.com\/fr\/wp-json\/wp\/v2\/pages\/4394\/revisions"}],"predecessor-version":[{"id":4397,"href":"https:\/\/pasateaserrano.com\/fr\/wp-json\/wp\/v2\/pages\/4394\/revisions\/4397"}],"wp:attachment":[{"href":"https:\/\/pasateaserrano.com\/fr\/wp-json\/wp\/v2\/media?parent=4394"}],"curies":[{"name":"wp","href":"https:\/\/api.w.org\/{rel}","templated":true}]}}