{"id":4455,"date":"2019-03-22T19:13:00","date_gmt":"2019-03-22T17:13:00","guid":{"rendered":"https:\/\/pasateaserrano.com\/producto\/chorizo-de-dinde\/"},"modified":"2020-10-16T13:25:52","modified_gmt":"2020-10-16T11:25:52","slug":"chorizo-de-dinde","status":"publish","type":"product","link":"https:\/\/pasateaserrano.com\/fr\/producto\/chorizo-de-dinde\/","title":{"rendered":"Chorizo de Dinde"},"content":{"rendered":"<p>Si vous choisissez de prendre soin de vous, le chorizo de dinde vous permet de savourer le go\u00fbt classique du chorizo avec moins de mati\u00e8res grasses. Il se distingue \u00e9galement par sa forte teneur en prot\u00e9ines.<\/p>\n","protected":false},"excerpt":{"rendered":"<p>Si vous choisissez de prendre soin de vous, le chorizo de dinde vous permet de savourer le go\u00fbt classique du chorizo avec moins de mati\u00e8res grasses. Il se distingue \u00e9galement par sa forte teneur en prot\u00e9ines.<\/p>\n","protected":false},"featured_media":3585,"template":"","meta":{"_acf_changed":false},"product_brand":[],"product_cat":[68],"product_tag":[],"class_list":{"0":"post-4455","1":"product","2":"type-product","3":"status-publish","4":"has-post-thumbnail","6":"product_cat-produits-dinde","8":"first","9":"instock","10":"shipping-taxable","11":"product-type-simple"},"acf":[],"yoast_head":"<!-- This site is optimized with the Yoast SEO plugin v27.3 - https:\/\/yoast.com\/product\/yoast-seo-wordpress\/ -->\n<title>Chorizo de Dinde - P\u00e1sate a Serrano<\/title>\n<meta name=\"robots\" content=\"index, follow, max-snippet:-1, max-image-preview:large, max-video-preview:-1\" \/>\n<link rel=\"canonical\" href=\"https:\/\/pasateaserrano.com\/fr\/producto\/chorizo-de-dinde\/\" \/>\n<meta property=\"og:locale\" content=\"fr_FR\" \/>\n<meta property=\"og:type\" content=\"article\" \/>\n<meta property=\"og:title\" content=\"Chorizo de Dinde - P\u00e1sate a Serrano\" \/>\n<meta property=\"og:description\" content=\"Si vous choisissez de prendre soin de vous, le chorizo de dinde vous permet de savourer le go\u00fbt classique du chorizo avec moins de mati\u00e8res grasses. Il se distingue \u00e9galement par sa forte teneur en prot\u00e9ines.\" \/>\n<meta property=\"og:url\" content=\"https:\/\/pasateaserrano.com\/fr\/producto\/chorizo-de-dinde\/\" \/>\n<meta property=\"og:site_name\" content=\"P\u00e1sate a Serrano\" \/>\n<meta property=\"article:publisher\" content=\"https:\/\/es-es.facebook.com\/pasateaserrano\/\" \/>\n<meta property=\"article:modified_time\" content=\"2020-10-16T11:25:52+00:00\" \/>\n<meta property=\"og:image\" content=\"https:\/\/pasateaserrano.com\/wp-content\/uploads\/2019\/03\/pavo-chorizo-de-pavo.jpg\" \/>\n\t<meta property=\"og:image:width\" content=\"700\" \/>\n\t<meta property=\"og:image:height\" content=\"700\" \/>\n\t<meta property=\"og:image:type\" content=\"image\/jpeg\" \/>\n<meta name=\"twitter:card\" content=\"summary_large_image\" \/>\n<meta name=\"twitter:site\" content=\"@serranocarnicas\" \/>\n<script type=\"application\/ld+json\" class=\"yoast-schema-graph\">{\"@context\":\"https:\\\/\\\/schema.org\",\"@graph\":[{\"@type\":\"WebPage\",\"@id\":\"https:\\\/\\\/pasateaserrano.com\\\/fr\\\/producto\\\/chorizo-de-dinde\\\/\",\"url\":\"https:\\\/\\\/pasateaserrano.com\\\/fr\\\/producto\\\/chorizo-de-dinde\\\/\",\"name\":\"Chorizo de Dinde - P\u00e1sate a Serrano\",\"isPartOf\":{\"@id\":\"https:\\\/\\\/pasateaserrano.com\\\/fr\\\/#website\"},\"primaryImageOfPage\":{\"@id\":\"https:\\\/\\\/pasateaserrano.com\\\/fr\\\/producto\\\/chorizo-de-dinde\\\/#primaryimage\"},\"image\":{\"@id\":\"https:\\\/\\\/pasateaserrano.com\\\/fr\\\/producto\\\/chorizo-de-dinde\\\/#primaryimage\"},\"thumbnailUrl\":\"https:\\\/\\\/pasateaserrano.com\\\/wp-content\\\/uploads\\\/2019\\\/03\\\/pavo-chorizo-de-pavo.jpg\",\"datePublished\":\"2019-03-22T17:13:00+00:00\",\"dateModified\":\"2020-10-16T11:25:52+00:00\",\"breadcrumb\":{\"@id\":\"https:\\\/\\\/pasateaserrano.com\\\/fr\\\/producto\\\/chorizo-de-dinde\\\/#breadcrumb\"},\"inLanguage\":\"fr-FR\",\"potentialAction\":[{\"@type\":\"ReadAction\",\"target\":[\"https:\\\/\\\/pasateaserrano.com\\\/fr\\\/producto\\\/chorizo-de-dinde\\\/\"]}]},{\"@type\":\"ImageObject\",\"inLanguage\":\"fr-FR\",\"@id\":\"https:\\\/\\\/pasateaserrano.com\\\/fr\\\/producto\\\/chorizo-de-dinde\\\/#primaryimage\",\"url\":\"https:\\\/\\\/pasateaserrano.com\\\/wp-content\\\/uploads\\\/2019\\\/03\\\/pavo-chorizo-de-pavo.jpg\",\"contentUrl\":\"https:\\\/\\\/pasateaserrano.com\\\/wp-content\\\/uploads\\\/2019\\\/03\\\/pavo-chorizo-de-pavo.jpg\",\"width\":700,\"height\":700,\"caption\":\"Chorizo de Dinde\"},{\"@type\":\"BreadcrumbList\",\"@id\":\"https:\\\/\\\/pasateaserrano.com\\\/fr\\\/producto\\\/chorizo-de-dinde\\\/#breadcrumb\",\"itemListElement\":[{\"@type\":\"ListItem\",\"position\":1,\"name\":\"Home\",\"item\":\"https:\\\/\\\/pasateaserrano.com\\\/fr\\\/\"},{\"@type\":\"ListItem\",\"position\":2,\"name\":\"Produits\",\"item\":\"https:\\\/\\\/pasateaserrano.com\\\/fr\\\/produits\\\/\"},{\"@type\":\"ListItem\",\"position\":3,\"name\":\"Chorizo de Dinde\"}]},{\"@type\":\"WebSite\",\"@id\":\"https:\\\/\\\/pasateaserrano.com\\\/fr\\\/#website\",\"url\":\"https:\\\/\\\/pasateaserrano.com\\\/fr\\\/\",\"name\":\"Pasate a Serrano\",\"description\":\"\",\"publisher\":{\"@id\":\"https:\\\/\\\/pasateaserrano.com\\\/fr\\\/#organization\"},\"potentialAction\":[{\"@type\":\"SearchAction\",\"target\":{\"@type\":\"EntryPoint\",\"urlTemplate\":\"https:\\\/\\\/pasateaserrano.com\\\/fr\\\/?s={search_term_string}\"},\"query-input\":{\"@type\":\"PropertyValueSpecification\",\"valueRequired\":true,\"valueName\":\"search_term_string\"}}],\"inLanguage\":\"fr-FR\"},{\"@type\":\"Organization\",\"@id\":\"https:\\\/\\\/pasateaserrano.com\\\/fr\\\/#organization\",\"name\":\"C\u00e1rnicas Serrano, S.A.\",\"url\":\"https:\\\/\\\/pasateaserrano.com\\\/fr\\\/\",\"logo\":{\"@type\":\"ImageObject\",\"inLanguage\":\"fr-FR\",\"@id\":\"https:\\\/\\\/pasateaserrano.com\\\/fr\\\/#\\\/schema\\\/logo\\\/image\\\/\",\"url\":\"https:\\\/\\\/pasateaserrano.com\\\/wp-content\\\/uploads\\\/2019\\\/04\\\/serrano-logo.png\",\"contentUrl\":\"https:\\\/\\\/pasateaserrano.com\\\/wp-content\\\/uploads\\\/2019\\\/04\\\/serrano-logo.png\",\"width\":350,\"height\":190,\"caption\":\"C\u00e1rnicas Serrano, S.A.\"},\"image\":{\"@id\":\"https:\\\/\\\/pasateaserrano.com\\\/fr\\\/#\\\/schema\\\/logo\\\/image\\\/\"},\"sameAs\":[\"https:\\\/\\\/es-es.facebook.com\\\/pasateaserrano\\\/\",\"https:\\\/\\\/x.com\\\/serranocarnicas\",\"https:\\\/\\\/www.instagram.com\\\/serrano_carnicas\\\/\",\"https:\\\/\\\/www.youtube.com\\\/channel\\\/UCqaAEc2UX5H9u6jsQq5yHdA\"]}]}<\/script>\n<!-- \/ Yoast SEO plugin. -->","yoast_head_json":{"title":"Chorizo de Dinde - P\u00e1sate a Serrano","robots":{"index":"index","follow":"follow","max-snippet":"max-snippet:-1","max-image-preview":"max-image-preview:large","max-video-preview":"max-video-preview:-1"},"canonical":"https:\/\/pasateaserrano.com\/fr\/producto\/chorizo-de-dinde\/","og_locale":"fr_FR","og_type":"article","og_title":"Chorizo de Dinde - P\u00e1sate a Serrano","og_description":"Si vous choisissez de prendre soin de vous, le chorizo de dinde vous permet de savourer le go\u00fbt classique du chorizo avec moins de mati\u00e8res grasses. Il se distingue \u00e9galement par sa forte teneur en prot\u00e9ines.","og_url":"https:\/\/pasateaserrano.com\/fr\/producto\/chorizo-de-dinde\/","og_site_name":"P\u00e1sate a Serrano","article_publisher":"https:\/\/es-es.facebook.com\/pasateaserrano\/","article_modified_time":"2020-10-16T11:25:52+00:00","og_image":[{"width":700,"height":700,"url":"https:\/\/pasateaserrano.com\/wp-content\/uploads\/2019\/03\/pavo-chorizo-de-pavo.jpg","type":"image\/jpeg"}],"twitter_card":"summary_large_image","twitter_site":"@serranocarnicas","schema":{"@context":"https:\/\/schema.org","@graph":[{"@type":"WebPage","@id":"https:\/\/pasateaserrano.com\/fr\/producto\/chorizo-de-dinde\/","url":"https:\/\/pasateaserrano.com\/fr\/producto\/chorizo-de-dinde\/","name":"Chorizo de Dinde - P\u00e1sate a Serrano","isPartOf":{"@id":"https:\/\/pasateaserrano.com\/fr\/#website"},"primaryImageOfPage":{"@id":"https:\/\/pasateaserrano.com\/fr\/producto\/chorizo-de-dinde\/#primaryimage"},"image":{"@id":"https:\/\/pasateaserrano.com\/fr\/producto\/chorizo-de-dinde\/#primaryimage"},"thumbnailUrl":"https:\/\/pasateaserrano.com\/wp-content\/uploads\/2019\/03\/pavo-chorizo-de-pavo.jpg","datePublished":"2019-03-22T17:13:00+00:00","dateModified":"2020-10-16T11:25:52+00:00","breadcrumb":{"@id":"https:\/\/pasateaserrano.com\/fr\/producto\/chorizo-de-dinde\/#breadcrumb"},"inLanguage":"fr-FR","potentialAction":[{"@type":"ReadAction","target":["https:\/\/pasateaserrano.com\/fr\/producto\/chorizo-de-dinde\/"]}]},{"@type":"ImageObject","inLanguage":"fr-FR","@id":"https:\/\/pasateaserrano.com\/fr\/producto\/chorizo-de-dinde\/#primaryimage","url":"https:\/\/pasateaserrano.com\/wp-content\/uploads\/2019\/03\/pavo-chorizo-de-pavo.jpg","contentUrl":"https:\/\/pasateaserrano.com\/wp-content\/uploads\/2019\/03\/pavo-chorizo-de-pavo.jpg","width":700,"height":700,"caption":"Chorizo de Dinde"},{"@type":"BreadcrumbList","@id":"https:\/\/pasateaserrano.com\/fr\/producto\/chorizo-de-dinde\/#breadcrumb","itemListElement":[{"@type":"ListItem","position":1,"name":"Home","item":"https:\/\/pasateaserrano.com\/fr\/"},{"@type":"ListItem","position":2,"name":"Produits","item":"https:\/\/pasateaserrano.com\/fr\/produits\/"},{"@type":"ListItem","position":3,"name":"Chorizo de Dinde"}]},{"@type":"WebSite","@id":"https:\/\/pasateaserrano.com\/fr\/#website","url":"https:\/\/pasateaserrano.com\/fr\/","name":"Pasate a Serrano","description":"","publisher":{"@id":"https:\/\/pasateaserrano.com\/fr\/#organization"},"potentialAction":[{"@type":"SearchAction","target":{"@type":"EntryPoint","urlTemplate":"https:\/\/pasateaserrano.com\/fr\/?s={search_term_string}"},"query-input":{"@type":"PropertyValueSpecification","valueRequired":true,"valueName":"search_term_string"}}],"inLanguage":"fr-FR"},{"@type":"Organization","@id":"https:\/\/pasateaserrano.com\/fr\/#organization","name":"C\u00e1rnicas Serrano, S.A.","url":"https:\/\/pasateaserrano.com\/fr\/","logo":{"@type":"ImageObject","inLanguage":"fr-FR","@id":"https:\/\/pasateaserrano.com\/fr\/#\/schema\/logo\/image\/","url":"https:\/\/pasateaserrano.com\/wp-content\/uploads\/2019\/04\/serrano-logo.png","contentUrl":"https:\/\/pasateaserrano.com\/wp-content\/uploads\/2019\/04\/serrano-logo.png","width":350,"height":190,"caption":"C\u00e1rnicas Serrano, S.A."},"image":{"@id":"https:\/\/pasateaserrano.com\/fr\/#\/schema\/logo\/image\/"},"sameAs":["https:\/\/es-es.facebook.com\/pasateaserrano\/","https:\/\/x.com\/serranocarnicas","https:\/\/www.instagram.com\/serrano_carnicas\/","https:\/\/www.youtube.com\/channel\/UCqaAEc2UX5H9u6jsQq5yHdA"]}]}},"_links":{"self":[{"href":"https:\/\/pasateaserrano.com\/fr\/wp-json\/wp\/v2\/product\/4455","targetHints":{"allow":["GET"]}}],"collection":[{"href":"https:\/\/pasateaserrano.com\/fr\/wp-json\/wp\/v2\/product"}],"about":[{"href":"https:\/\/pasateaserrano.com\/fr\/wp-json\/wp\/v2\/types\/product"}],"wp:featuredmedia":[{"embeddable":true,"href":"https:\/\/pasateaserrano.com\/fr\/wp-json\/wp\/v2\/media\/3585"}],"wp:attachment":[{"href":"https:\/\/pasateaserrano.com\/fr\/wp-json\/wp\/v2\/media?parent=4455"}],"wp:term":[{"taxonomy":"product_brand","embeddable":true,"href":"https:\/\/pasateaserrano.com\/fr\/wp-json\/wp\/v2\/product_brand?post=4455"},{"taxonomy":"product_cat","embeddable":true,"href":"https:\/\/pasateaserrano.com\/fr\/wp-json\/wp\/v2\/product_cat?post=4455"},{"taxonomy":"product_tag","embeddable":true,"href":"https:\/\/pasateaserrano.com\/fr\/wp-json\/wp\/v2\/product_tag?post=4455"}],"curies":[{"name":"wp","href":"https:\/\/api.w.org\/{rel}","templated":true}]}}