{"id":4461,"date":"2019-03-22T19:19:11","date_gmt":"2019-03-22T17:19:11","guid":{"rendered":"https:\/\/pasateaserrano.com\/producto\/tete-de-sanglier-a-la-pistache-et-a-la-truffe\/"},"modified":"2020-10-19T07:48:07","modified_gmt":"2020-10-19T05:48:07","slug":"tete-de-sanglier-a-la-pistache-et-a-la-truffe","status":"publish","type":"product","link":"https:\/\/pasateaserrano.com\/fr\/producto\/tete-de-sanglier-a-la-pistache-et-a-la-truffe\/","title":{"rendered":"T\u00eate de Sanglier \u00e0 la Pistache et \u00e0 la Truffe"},"content":{"rendered":"<p>Pour les amateurs de la charcuterie la plus traditionnelle. Les \u00e9pices, la pistache et la truffe culminent le go\u00fbt de ce classique.<\/p>\n","protected":false},"excerpt":{"rendered":"<p>Pour les amateurs de la charcuterie la plus traditionnelle. Les \u00e9pices, la pistache et la truffe culminent le go\u00fbt de ce classique.<\/p>\n","protected":false},"featured_media":3465,"template":"","meta":{"_acf_changed":false},"product_brand":[],"product_cat":[70],"product_tag":[],"class_list":{"0":"post-4461","1":"product","2":"type-product","3":"status-publish","4":"has-post-thumbnail","6":"product_cat-autres-varietes","8":"first","9":"instock","10":"shipping-taxable","11":"product-type-simple"},"acf":[],"yoast_head":"<!-- This site is optimized with the Yoast SEO plugin v27.3 - https:\/\/yoast.com\/product\/yoast-seo-wordpress\/ -->\n<title>T\u00eate de Sanglier \u00e0 la Pistache et \u00e0 la Truffe - P\u00e1sate a Serrano<\/title>\n<meta name=\"robots\" content=\"index, follow, max-snippet:-1, max-image-preview:large, max-video-preview:-1\" \/>\n<link rel=\"canonical\" href=\"https:\/\/pasateaserrano.com\/fr\/producto\/tete-de-sanglier-a-la-pistache-et-a-la-truffe\/\" \/>\n<meta property=\"og:locale\" content=\"fr_FR\" \/>\n<meta property=\"og:type\" content=\"article\" \/>\n<meta property=\"og:title\" content=\"T\u00eate de Sanglier \u00e0 la Pistache et \u00e0 la Truffe - P\u00e1sate a Serrano\" \/>\n<meta property=\"og:description\" content=\"Pour les amateurs de la charcuterie la plus traditionnelle. Les \u00e9pices, la pistache et la truffe culminent le go\u00fbt de ce classique.\" \/>\n<meta property=\"og:url\" content=\"https:\/\/pasateaserrano.com\/fr\/producto\/tete-de-sanglier-a-la-pistache-et-a-la-truffe\/\" \/>\n<meta property=\"og:site_name\" content=\"P\u00e1sate a Serrano\" \/>\n<meta property=\"article:publisher\" content=\"https:\/\/es-es.facebook.com\/pasateaserrano\/\" \/>\n<meta property=\"article:modified_time\" content=\"2020-10-19T05:48:07+00:00\" \/>\n<meta property=\"og:image\" content=\"https:\/\/pasateaserrano.com\/wp-content\/uploads\/2019\/03\/variedades-cabeza-de-jabali-con-pistacho-sabor-trufa.jpg\" \/>\n\t<meta property=\"og:image:width\" content=\"700\" \/>\n\t<meta property=\"og:image:height\" content=\"700\" \/>\n\t<meta property=\"og:image:type\" content=\"image\/jpeg\" \/>\n<meta name=\"twitter:card\" content=\"summary_large_image\" \/>\n<meta name=\"twitter:site\" content=\"@serranocarnicas\" \/>\n<script type=\"application\/ld+json\" class=\"yoast-schema-graph\">{\"@context\":\"https:\\\/\\\/schema.org\",\"@graph\":[{\"@type\":\"WebPage\",\"@id\":\"https:\\\/\\\/pasateaserrano.com\\\/fr\\\/producto\\\/tete-de-sanglier-a-la-pistache-et-a-la-truffe\\\/\",\"url\":\"https:\\\/\\\/pasateaserrano.com\\\/fr\\\/producto\\\/tete-de-sanglier-a-la-pistache-et-a-la-truffe\\\/\",\"name\":\"T\u00eate de Sanglier \u00e0 la Pistache et \u00e0 la Truffe - P\u00e1sate a Serrano\",\"isPartOf\":{\"@id\":\"https:\\\/\\\/pasateaserrano.com\\\/fr\\\/#website\"},\"primaryImageOfPage\":{\"@id\":\"https:\\\/\\\/pasateaserrano.com\\\/fr\\\/producto\\\/tete-de-sanglier-a-la-pistache-et-a-la-truffe\\\/#primaryimage\"},\"image\":{\"@id\":\"https:\\\/\\\/pasateaserrano.com\\\/fr\\\/producto\\\/tete-de-sanglier-a-la-pistache-et-a-la-truffe\\\/#primaryimage\"},\"thumbnailUrl\":\"https:\\\/\\\/pasateaserrano.com\\\/wp-content\\\/uploads\\\/2019\\\/03\\\/variedades-cabeza-de-jabali-con-pistacho-sabor-trufa.jpg\",\"datePublished\":\"2019-03-22T17:19:11+00:00\",\"dateModified\":\"2020-10-19T05:48:07+00:00\",\"breadcrumb\":{\"@id\":\"https:\\\/\\\/pasateaserrano.com\\\/fr\\\/producto\\\/tete-de-sanglier-a-la-pistache-et-a-la-truffe\\\/#breadcrumb\"},\"inLanguage\":\"fr-FR\",\"potentialAction\":[{\"@type\":\"ReadAction\",\"target\":[\"https:\\\/\\\/pasateaserrano.com\\\/fr\\\/producto\\\/tete-de-sanglier-a-la-pistache-et-a-la-truffe\\\/\"]}]},{\"@type\":\"ImageObject\",\"inLanguage\":\"fr-FR\",\"@id\":\"https:\\\/\\\/pasateaserrano.com\\\/fr\\\/producto\\\/tete-de-sanglier-a-la-pistache-et-a-la-truffe\\\/#primaryimage\",\"url\":\"https:\\\/\\\/pasateaserrano.com\\\/wp-content\\\/uploads\\\/2019\\\/03\\\/variedades-cabeza-de-jabali-con-pistacho-sabor-trufa.jpg\",\"contentUrl\":\"https:\\\/\\\/pasateaserrano.com\\\/wp-content\\\/uploads\\\/2019\\\/03\\\/variedades-cabeza-de-jabali-con-pistacho-sabor-trufa.jpg\",\"width\":700,\"height\":700,\"caption\":\"T\u00eate de Sanglier \u00e0 la Pistache et \u00e0 la Truffe\"},{\"@type\":\"BreadcrumbList\",\"@id\":\"https:\\\/\\\/pasateaserrano.com\\\/fr\\\/producto\\\/tete-de-sanglier-a-la-pistache-et-a-la-truffe\\\/#breadcrumb\",\"itemListElement\":[{\"@type\":\"ListItem\",\"position\":1,\"name\":\"Home\",\"item\":\"https:\\\/\\\/pasateaserrano.com\\\/fr\\\/\"},{\"@type\":\"ListItem\",\"position\":2,\"name\":\"Produits\",\"item\":\"https:\\\/\\\/pasateaserrano.com\\\/fr\\\/produits\\\/\"},{\"@type\":\"ListItem\",\"position\":3,\"name\":\"T\u00eate de Sanglier \u00e0 la Pistache et \u00e0 la Truffe\"}]},{\"@type\":\"WebSite\",\"@id\":\"https:\\\/\\\/pasateaserrano.com\\\/fr\\\/#website\",\"url\":\"https:\\\/\\\/pasateaserrano.com\\\/fr\\\/\",\"name\":\"Pasate a Serrano\",\"description\":\"\",\"publisher\":{\"@id\":\"https:\\\/\\\/pasateaserrano.com\\\/fr\\\/#organization\"},\"potentialAction\":[{\"@type\":\"SearchAction\",\"target\":{\"@type\":\"EntryPoint\",\"urlTemplate\":\"https:\\\/\\\/pasateaserrano.com\\\/fr\\\/?s={search_term_string}\"},\"query-input\":{\"@type\":\"PropertyValueSpecification\",\"valueRequired\":true,\"valueName\":\"search_term_string\"}}],\"inLanguage\":\"fr-FR\"},{\"@type\":\"Organization\",\"@id\":\"https:\\\/\\\/pasateaserrano.com\\\/fr\\\/#organization\",\"name\":\"C\u00e1rnicas Serrano, S.A.\",\"url\":\"https:\\\/\\\/pasateaserrano.com\\\/fr\\\/\",\"logo\":{\"@type\":\"ImageObject\",\"inLanguage\":\"fr-FR\",\"@id\":\"https:\\\/\\\/pasateaserrano.com\\\/fr\\\/#\\\/schema\\\/logo\\\/image\\\/\",\"url\":\"https:\\\/\\\/pasateaserrano.com\\\/wp-content\\\/uploads\\\/2019\\\/04\\\/serrano-logo.png\",\"contentUrl\":\"https:\\\/\\\/pasateaserrano.com\\\/wp-content\\\/uploads\\\/2019\\\/04\\\/serrano-logo.png\",\"width\":350,\"height\":190,\"caption\":\"C\u00e1rnicas Serrano, S.A.\"},\"image\":{\"@id\":\"https:\\\/\\\/pasateaserrano.com\\\/fr\\\/#\\\/schema\\\/logo\\\/image\\\/\"},\"sameAs\":[\"https:\\\/\\\/es-es.facebook.com\\\/pasateaserrano\\\/\",\"https:\\\/\\\/x.com\\\/serranocarnicas\",\"https:\\\/\\\/www.instagram.com\\\/serrano_carnicas\\\/\",\"https:\\\/\\\/www.youtube.com\\\/channel\\\/UCqaAEc2UX5H9u6jsQq5yHdA\"]}]}<\/script>\n<!-- \/ Yoast SEO plugin. -->","yoast_head_json":{"title":"T\u00eate de Sanglier \u00e0 la Pistache et \u00e0 la Truffe - P\u00e1sate a Serrano","robots":{"index":"index","follow":"follow","max-snippet":"max-snippet:-1","max-image-preview":"max-image-preview:large","max-video-preview":"max-video-preview:-1"},"canonical":"https:\/\/pasateaserrano.com\/fr\/producto\/tete-de-sanglier-a-la-pistache-et-a-la-truffe\/","og_locale":"fr_FR","og_type":"article","og_title":"T\u00eate de Sanglier \u00e0 la Pistache et \u00e0 la Truffe - P\u00e1sate a Serrano","og_description":"Pour les amateurs de la charcuterie la plus traditionnelle. Les \u00e9pices, la pistache et la truffe culminent le go\u00fbt de ce classique.","og_url":"https:\/\/pasateaserrano.com\/fr\/producto\/tete-de-sanglier-a-la-pistache-et-a-la-truffe\/","og_site_name":"P\u00e1sate a Serrano","article_publisher":"https:\/\/es-es.facebook.com\/pasateaserrano\/","article_modified_time":"2020-10-19T05:48:07+00:00","og_image":[{"width":700,"height":700,"url":"https:\/\/pasateaserrano.com\/wp-content\/uploads\/2019\/03\/variedades-cabeza-de-jabali-con-pistacho-sabor-trufa.jpg","type":"image\/jpeg"}],"twitter_card":"summary_large_image","twitter_site":"@serranocarnicas","schema":{"@context":"https:\/\/schema.org","@graph":[{"@type":"WebPage","@id":"https:\/\/pasateaserrano.com\/fr\/producto\/tete-de-sanglier-a-la-pistache-et-a-la-truffe\/","url":"https:\/\/pasateaserrano.com\/fr\/producto\/tete-de-sanglier-a-la-pistache-et-a-la-truffe\/","name":"T\u00eate de Sanglier \u00e0 la Pistache et \u00e0 la Truffe - P\u00e1sate a Serrano","isPartOf":{"@id":"https:\/\/pasateaserrano.com\/fr\/#website"},"primaryImageOfPage":{"@id":"https:\/\/pasateaserrano.com\/fr\/producto\/tete-de-sanglier-a-la-pistache-et-a-la-truffe\/#primaryimage"},"image":{"@id":"https:\/\/pasateaserrano.com\/fr\/producto\/tete-de-sanglier-a-la-pistache-et-a-la-truffe\/#primaryimage"},"thumbnailUrl":"https:\/\/pasateaserrano.com\/wp-content\/uploads\/2019\/03\/variedades-cabeza-de-jabali-con-pistacho-sabor-trufa.jpg","datePublished":"2019-03-22T17:19:11+00:00","dateModified":"2020-10-19T05:48:07+00:00","breadcrumb":{"@id":"https:\/\/pasateaserrano.com\/fr\/producto\/tete-de-sanglier-a-la-pistache-et-a-la-truffe\/#breadcrumb"},"inLanguage":"fr-FR","potentialAction":[{"@type":"ReadAction","target":["https:\/\/pasateaserrano.com\/fr\/producto\/tete-de-sanglier-a-la-pistache-et-a-la-truffe\/"]}]},{"@type":"ImageObject","inLanguage":"fr-FR","@id":"https:\/\/pasateaserrano.com\/fr\/producto\/tete-de-sanglier-a-la-pistache-et-a-la-truffe\/#primaryimage","url":"https:\/\/pasateaserrano.com\/wp-content\/uploads\/2019\/03\/variedades-cabeza-de-jabali-con-pistacho-sabor-trufa.jpg","contentUrl":"https:\/\/pasateaserrano.com\/wp-content\/uploads\/2019\/03\/variedades-cabeza-de-jabali-con-pistacho-sabor-trufa.jpg","width":700,"height":700,"caption":"T\u00eate de Sanglier \u00e0 la Pistache et \u00e0 la Truffe"},{"@type":"BreadcrumbList","@id":"https:\/\/pasateaserrano.com\/fr\/producto\/tete-de-sanglier-a-la-pistache-et-a-la-truffe\/#breadcrumb","itemListElement":[{"@type":"ListItem","position":1,"name":"Home","item":"https:\/\/pasateaserrano.com\/fr\/"},{"@type":"ListItem","position":2,"name":"Produits","item":"https:\/\/pasateaserrano.com\/fr\/produits\/"},{"@type":"ListItem","position":3,"name":"T\u00eate de Sanglier \u00e0 la Pistache et \u00e0 la Truffe"}]},{"@type":"WebSite","@id":"https:\/\/pasateaserrano.com\/fr\/#website","url":"https:\/\/pasateaserrano.com\/fr\/","name":"Pasate a Serrano","description":"","publisher":{"@id":"https:\/\/pasateaserrano.com\/fr\/#organization"},"potentialAction":[{"@type":"SearchAction","target":{"@type":"EntryPoint","urlTemplate":"https:\/\/pasateaserrano.com\/fr\/?s={search_term_string}"},"query-input":{"@type":"PropertyValueSpecification","valueRequired":true,"valueName":"search_term_string"}}],"inLanguage":"fr-FR"},{"@type":"Organization","@id":"https:\/\/pasateaserrano.com\/fr\/#organization","name":"C\u00e1rnicas Serrano, S.A.","url":"https:\/\/pasateaserrano.com\/fr\/","logo":{"@type":"ImageObject","inLanguage":"fr-FR","@id":"https:\/\/pasateaserrano.com\/fr\/#\/schema\/logo\/image\/","url":"https:\/\/pasateaserrano.com\/wp-content\/uploads\/2019\/04\/serrano-logo.png","contentUrl":"https:\/\/pasateaserrano.com\/wp-content\/uploads\/2019\/04\/serrano-logo.png","width":350,"height":190,"caption":"C\u00e1rnicas Serrano, S.A."},"image":{"@id":"https:\/\/pasateaserrano.com\/fr\/#\/schema\/logo\/image\/"},"sameAs":["https:\/\/es-es.facebook.com\/pasateaserrano\/","https:\/\/x.com\/serranocarnicas","https:\/\/www.instagram.com\/serrano_carnicas\/","https:\/\/www.youtube.com\/channel\/UCqaAEc2UX5H9u6jsQq5yHdA"]}]}},"_links":{"self":[{"href":"https:\/\/pasateaserrano.com\/fr\/wp-json\/wp\/v2\/product\/4461","targetHints":{"allow":["GET"]}}],"collection":[{"href":"https:\/\/pasateaserrano.com\/fr\/wp-json\/wp\/v2\/product"}],"about":[{"href":"https:\/\/pasateaserrano.com\/fr\/wp-json\/wp\/v2\/types\/product"}],"wp:featuredmedia":[{"embeddable":true,"href":"https:\/\/pasateaserrano.com\/fr\/wp-json\/wp\/v2\/media\/3465"}],"wp:attachment":[{"href":"https:\/\/pasateaserrano.com\/fr\/wp-json\/wp\/v2\/media?parent=4461"}],"wp:term":[{"taxonomy":"product_brand","embeddable":true,"href":"https:\/\/pasateaserrano.com\/fr\/wp-json\/wp\/v2\/product_brand?post=4461"},{"taxonomy":"product_cat","embeddable":true,"href":"https:\/\/pasateaserrano.com\/fr\/wp-json\/wp\/v2\/product_cat?post=4461"},{"taxonomy":"product_tag","embeddable":true,"href":"https:\/\/pasateaserrano.com\/fr\/wp-json\/wp\/v2\/product_tag?post=4461"}],"curies":[{"name":"wp","href":"https:\/\/api.w.org\/{rel}","templated":true}]}}