{"id":4509,"date":"2019-03-22T18:55:54","date_gmt":"2019-03-22T16:55:54","guid":{"rendered":"https:\/\/pasateaserrano.com\/producto\/blanc-de-dinde-aux-fines-herbes\/"},"modified":"2020-10-19T09:59:53","modified_gmt":"2020-10-19T07:59:53","slug":"blanc-de-dinde-aux-fines-herbes","status":"publish","type":"product","link":"https:\/\/pasateaserrano.com\/fr\/producto\/blanc-de-dinde-aux-fines-herbes\/","title":{"rendered":"Blanc de Dinde aux Fines Herbes"},"content":{"rendered":"<p>Les fines herbes donnent au blanc de dinde cette saveur m\u00e9diterran\u00e9enne qui en fait une solution rapide, l\u00e9g\u00e8re et savoureuse de d\u00e9jeuner ou de d\u00eener un mets simple et nutritif lorsque nous n\u2019avons pas le temps de cuisiner.<\/p>\n","protected":false},"excerpt":{"rendered":"<p>Les fines herbes donnent au blanc de dinde cette saveur m\u00e9diterran\u00e9enne qui en fait une solution rapide, l\u00e9g\u00e8re et savoureuse de d\u00e9jeuner ou de d\u00eener un mets simple et nutritif lorsque nous n\u2019avons pas le temps de cuisiner.<\/p>\n","protected":false},"featured_media":3557,"template":"","meta":{"_acf_changed":false},"product_brand":[],"product_cat":[75],"product_tag":[],"class_list":{"0":"post-4509","1":"product","2":"type-product","3":"status-publish","4":"has-post-thumbnail","6":"product_cat-un-momento-y-listo-un-instant-et-cest-pret","8":"first","9":"instock","10":"shipping-taxable","11":"product-type-simple"},"acf":[],"yoast_head":"<!-- This site is optimized with the Yoast SEO plugin v27.3 - https:\/\/yoast.com\/product\/yoast-seo-wordpress\/ -->\n<title>Blanc de Dinde aux Fines Herbes - P\u00e1sate a Serrano<\/title>\n<meta name=\"robots\" content=\"index, follow, max-snippet:-1, max-image-preview:large, max-video-preview:-1\" \/>\n<link rel=\"canonical\" href=\"https:\/\/pasateaserrano.com\/fr\/producto\/blanc-de-dinde-aux-fines-herbes\/\" \/>\n<meta property=\"og:locale\" content=\"fr_FR\" \/>\n<meta property=\"og:type\" content=\"article\" \/>\n<meta property=\"og:title\" content=\"Blanc de Dinde aux Fines Herbes - P\u00e1sate a Serrano\" \/>\n<meta property=\"og:description\" content=\"Les fines herbes donnent au blanc de dinde cette saveur m\u00e9diterran\u00e9enne qui en fait une solution rapide, l\u00e9g\u00e8re et savoureuse de d\u00e9jeuner ou de d\u00eener un mets simple et nutritif lorsque nous n\u2019avons pas le temps de cuisiner.\" \/>\n<meta property=\"og:url\" content=\"https:\/\/pasateaserrano.com\/fr\/producto\/blanc-de-dinde-aux-fines-herbes\/\" \/>\n<meta property=\"og:site_name\" content=\"P\u00e1sate a Serrano\" \/>\n<meta property=\"article:publisher\" content=\"https:\/\/es-es.facebook.com\/pasateaserrano\/\" \/>\n<meta property=\"article:modified_time\" content=\"2020-10-19T07:59:53+00:00\" \/>\n<meta property=\"og:image\" content=\"https:\/\/pasateaserrano.com\/wp-content\/uploads\/2019\/03\/un-momento-y-listo-pechuga-de-pavo-finas-hierbas.jpg\" \/>\n\t<meta property=\"og:image:width\" content=\"700\" \/>\n\t<meta property=\"og:image:height\" content=\"453\" \/>\n\t<meta property=\"og:image:type\" content=\"image\/jpeg\" \/>\n<meta name=\"twitter:card\" content=\"summary_large_image\" \/>\n<meta name=\"twitter:site\" content=\"@serranocarnicas\" \/>\n<script type=\"application\/ld+json\" class=\"yoast-schema-graph\">{\"@context\":\"https:\\\/\\\/schema.org\",\"@graph\":[{\"@type\":\"WebPage\",\"@id\":\"https:\\\/\\\/pasateaserrano.com\\\/fr\\\/producto\\\/blanc-de-dinde-aux-fines-herbes\\\/\",\"url\":\"https:\\\/\\\/pasateaserrano.com\\\/fr\\\/producto\\\/blanc-de-dinde-aux-fines-herbes\\\/\",\"name\":\"Blanc de Dinde aux Fines Herbes - P\u00e1sate a Serrano\",\"isPartOf\":{\"@id\":\"https:\\\/\\\/pasateaserrano.com\\\/fr\\\/#website\"},\"primaryImageOfPage\":{\"@id\":\"https:\\\/\\\/pasateaserrano.com\\\/fr\\\/producto\\\/blanc-de-dinde-aux-fines-herbes\\\/#primaryimage\"},\"image\":{\"@id\":\"https:\\\/\\\/pasateaserrano.com\\\/fr\\\/producto\\\/blanc-de-dinde-aux-fines-herbes\\\/#primaryimage\"},\"thumbnailUrl\":\"https:\\\/\\\/pasateaserrano.com\\\/wp-content\\\/uploads\\\/2019\\\/03\\\/un-momento-y-listo-pechuga-de-pavo-finas-hierbas.jpg\",\"datePublished\":\"2019-03-22T16:55:54+00:00\",\"dateModified\":\"2020-10-19T07:59:53+00:00\",\"breadcrumb\":{\"@id\":\"https:\\\/\\\/pasateaserrano.com\\\/fr\\\/producto\\\/blanc-de-dinde-aux-fines-herbes\\\/#breadcrumb\"},\"inLanguage\":\"fr-FR\",\"potentialAction\":[{\"@type\":\"ReadAction\",\"target\":[\"https:\\\/\\\/pasateaserrano.com\\\/fr\\\/producto\\\/blanc-de-dinde-aux-fines-herbes\\\/\"]}]},{\"@type\":\"ImageObject\",\"inLanguage\":\"fr-FR\",\"@id\":\"https:\\\/\\\/pasateaserrano.com\\\/fr\\\/producto\\\/blanc-de-dinde-aux-fines-herbes\\\/#primaryimage\",\"url\":\"https:\\\/\\\/pasateaserrano.com\\\/wp-content\\\/uploads\\\/2019\\\/03\\\/un-momento-y-listo-pechuga-de-pavo-finas-hierbas.jpg\",\"contentUrl\":\"https:\\\/\\\/pasateaserrano.com\\\/wp-content\\\/uploads\\\/2019\\\/03\\\/un-momento-y-listo-pechuga-de-pavo-finas-hierbas.jpg\",\"width\":700,\"height\":453,\"caption\":\"Blanc de Dinde aux Fines Herbes\"},{\"@type\":\"BreadcrumbList\",\"@id\":\"https:\\\/\\\/pasateaserrano.com\\\/fr\\\/producto\\\/blanc-de-dinde-aux-fines-herbes\\\/#breadcrumb\",\"itemListElement\":[{\"@type\":\"ListItem\",\"position\":1,\"name\":\"Home\",\"item\":\"https:\\\/\\\/pasateaserrano.com\\\/fr\\\/\"},{\"@type\":\"ListItem\",\"position\":2,\"name\":\"Produits\",\"item\":\"https:\\\/\\\/pasateaserrano.com\\\/fr\\\/produits\\\/\"},{\"@type\":\"ListItem\",\"position\":3,\"name\":\"Blanc de Dinde aux Fines Herbes\"}]},{\"@type\":\"WebSite\",\"@id\":\"https:\\\/\\\/pasateaserrano.com\\\/fr\\\/#website\",\"url\":\"https:\\\/\\\/pasateaserrano.com\\\/fr\\\/\",\"name\":\"Pasate a Serrano\",\"description\":\"\",\"publisher\":{\"@id\":\"https:\\\/\\\/pasateaserrano.com\\\/fr\\\/#organization\"},\"potentialAction\":[{\"@type\":\"SearchAction\",\"target\":{\"@type\":\"EntryPoint\",\"urlTemplate\":\"https:\\\/\\\/pasateaserrano.com\\\/fr\\\/?s={search_term_string}\"},\"query-input\":{\"@type\":\"PropertyValueSpecification\",\"valueRequired\":true,\"valueName\":\"search_term_string\"}}],\"inLanguage\":\"fr-FR\"},{\"@type\":\"Organization\",\"@id\":\"https:\\\/\\\/pasateaserrano.com\\\/fr\\\/#organization\",\"name\":\"C\u00e1rnicas Serrano, S.A.\",\"url\":\"https:\\\/\\\/pasateaserrano.com\\\/fr\\\/\",\"logo\":{\"@type\":\"ImageObject\",\"inLanguage\":\"fr-FR\",\"@id\":\"https:\\\/\\\/pasateaserrano.com\\\/fr\\\/#\\\/schema\\\/logo\\\/image\\\/\",\"url\":\"https:\\\/\\\/pasateaserrano.com\\\/wp-content\\\/uploads\\\/2019\\\/04\\\/serrano-logo.png\",\"contentUrl\":\"https:\\\/\\\/pasateaserrano.com\\\/wp-content\\\/uploads\\\/2019\\\/04\\\/serrano-logo.png\",\"width\":350,\"height\":190,\"caption\":\"C\u00e1rnicas Serrano, S.A.\"},\"image\":{\"@id\":\"https:\\\/\\\/pasateaserrano.com\\\/fr\\\/#\\\/schema\\\/logo\\\/image\\\/\"},\"sameAs\":[\"https:\\\/\\\/es-es.facebook.com\\\/pasateaserrano\\\/\",\"https:\\\/\\\/x.com\\\/serranocarnicas\",\"https:\\\/\\\/www.instagram.com\\\/serrano_carnicas\\\/\",\"https:\\\/\\\/www.youtube.com\\\/channel\\\/UCqaAEc2UX5H9u6jsQq5yHdA\"]}]}<\/script>\n<!-- \/ Yoast SEO plugin. -->","yoast_head_json":{"title":"Blanc de Dinde aux Fines Herbes - P\u00e1sate a Serrano","robots":{"index":"index","follow":"follow","max-snippet":"max-snippet:-1","max-image-preview":"max-image-preview:large","max-video-preview":"max-video-preview:-1"},"canonical":"https:\/\/pasateaserrano.com\/fr\/producto\/blanc-de-dinde-aux-fines-herbes\/","og_locale":"fr_FR","og_type":"article","og_title":"Blanc de Dinde aux Fines Herbes - P\u00e1sate a Serrano","og_description":"Les fines herbes donnent au blanc de dinde cette saveur m\u00e9diterran\u00e9enne qui en fait une solution rapide, l\u00e9g\u00e8re et savoureuse de d\u00e9jeuner ou de d\u00eener un mets simple et nutritif lorsque nous n\u2019avons pas le temps de cuisiner.","og_url":"https:\/\/pasateaserrano.com\/fr\/producto\/blanc-de-dinde-aux-fines-herbes\/","og_site_name":"P\u00e1sate a Serrano","article_publisher":"https:\/\/es-es.facebook.com\/pasateaserrano\/","article_modified_time":"2020-10-19T07:59:53+00:00","og_image":[{"width":700,"height":453,"url":"https:\/\/pasateaserrano.com\/wp-content\/uploads\/2019\/03\/un-momento-y-listo-pechuga-de-pavo-finas-hierbas.jpg","type":"image\/jpeg"}],"twitter_card":"summary_large_image","twitter_site":"@serranocarnicas","schema":{"@context":"https:\/\/schema.org","@graph":[{"@type":"WebPage","@id":"https:\/\/pasateaserrano.com\/fr\/producto\/blanc-de-dinde-aux-fines-herbes\/","url":"https:\/\/pasateaserrano.com\/fr\/producto\/blanc-de-dinde-aux-fines-herbes\/","name":"Blanc de Dinde aux Fines Herbes - P\u00e1sate a Serrano","isPartOf":{"@id":"https:\/\/pasateaserrano.com\/fr\/#website"},"primaryImageOfPage":{"@id":"https:\/\/pasateaserrano.com\/fr\/producto\/blanc-de-dinde-aux-fines-herbes\/#primaryimage"},"image":{"@id":"https:\/\/pasateaserrano.com\/fr\/producto\/blanc-de-dinde-aux-fines-herbes\/#primaryimage"},"thumbnailUrl":"https:\/\/pasateaserrano.com\/wp-content\/uploads\/2019\/03\/un-momento-y-listo-pechuga-de-pavo-finas-hierbas.jpg","datePublished":"2019-03-22T16:55:54+00:00","dateModified":"2020-10-19T07:59:53+00:00","breadcrumb":{"@id":"https:\/\/pasateaserrano.com\/fr\/producto\/blanc-de-dinde-aux-fines-herbes\/#breadcrumb"},"inLanguage":"fr-FR","potentialAction":[{"@type":"ReadAction","target":["https:\/\/pasateaserrano.com\/fr\/producto\/blanc-de-dinde-aux-fines-herbes\/"]}]},{"@type":"ImageObject","inLanguage":"fr-FR","@id":"https:\/\/pasateaserrano.com\/fr\/producto\/blanc-de-dinde-aux-fines-herbes\/#primaryimage","url":"https:\/\/pasateaserrano.com\/wp-content\/uploads\/2019\/03\/un-momento-y-listo-pechuga-de-pavo-finas-hierbas.jpg","contentUrl":"https:\/\/pasateaserrano.com\/wp-content\/uploads\/2019\/03\/un-momento-y-listo-pechuga-de-pavo-finas-hierbas.jpg","width":700,"height":453,"caption":"Blanc de Dinde aux Fines Herbes"},{"@type":"BreadcrumbList","@id":"https:\/\/pasateaserrano.com\/fr\/producto\/blanc-de-dinde-aux-fines-herbes\/#breadcrumb","itemListElement":[{"@type":"ListItem","position":1,"name":"Home","item":"https:\/\/pasateaserrano.com\/fr\/"},{"@type":"ListItem","position":2,"name":"Produits","item":"https:\/\/pasateaserrano.com\/fr\/produits\/"},{"@type":"ListItem","position":3,"name":"Blanc de Dinde aux Fines Herbes"}]},{"@type":"WebSite","@id":"https:\/\/pasateaserrano.com\/fr\/#website","url":"https:\/\/pasateaserrano.com\/fr\/","name":"Pasate a Serrano","description":"","publisher":{"@id":"https:\/\/pasateaserrano.com\/fr\/#organization"},"potentialAction":[{"@type":"SearchAction","target":{"@type":"EntryPoint","urlTemplate":"https:\/\/pasateaserrano.com\/fr\/?s={search_term_string}"},"query-input":{"@type":"PropertyValueSpecification","valueRequired":true,"valueName":"search_term_string"}}],"inLanguage":"fr-FR"},{"@type":"Organization","@id":"https:\/\/pasateaserrano.com\/fr\/#organization","name":"C\u00e1rnicas Serrano, S.A.","url":"https:\/\/pasateaserrano.com\/fr\/","logo":{"@type":"ImageObject","inLanguage":"fr-FR","@id":"https:\/\/pasateaserrano.com\/fr\/#\/schema\/logo\/image\/","url":"https:\/\/pasateaserrano.com\/wp-content\/uploads\/2019\/04\/serrano-logo.png","contentUrl":"https:\/\/pasateaserrano.com\/wp-content\/uploads\/2019\/04\/serrano-logo.png","width":350,"height":190,"caption":"C\u00e1rnicas Serrano, S.A."},"image":{"@id":"https:\/\/pasateaserrano.com\/fr\/#\/schema\/logo\/image\/"},"sameAs":["https:\/\/es-es.facebook.com\/pasateaserrano\/","https:\/\/x.com\/serranocarnicas","https:\/\/www.instagram.com\/serrano_carnicas\/","https:\/\/www.youtube.com\/channel\/UCqaAEc2UX5H9u6jsQq5yHdA"]}]}},"_links":{"self":[{"href":"https:\/\/pasateaserrano.com\/fr\/wp-json\/wp\/v2\/product\/4509","targetHints":{"allow":["GET"]}}],"collection":[{"href":"https:\/\/pasateaserrano.com\/fr\/wp-json\/wp\/v2\/product"}],"about":[{"href":"https:\/\/pasateaserrano.com\/fr\/wp-json\/wp\/v2\/types\/product"}],"wp:featuredmedia":[{"embeddable":true,"href":"https:\/\/pasateaserrano.com\/fr\/wp-json\/wp\/v2\/media\/3557"}],"wp:attachment":[{"href":"https:\/\/pasateaserrano.com\/fr\/wp-json\/wp\/v2\/media?parent=4509"}],"wp:term":[{"taxonomy":"product_brand","embeddable":true,"href":"https:\/\/pasateaserrano.com\/fr\/wp-json\/wp\/v2\/product_brand?post=4509"},{"taxonomy":"product_cat","embeddable":true,"href":"https:\/\/pasateaserrano.com\/fr\/wp-json\/wp\/v2\/product_cat?post=4509"},{"taxonomy":"product_tag","embeddable":true,"href":"https:\/\/pasateaserrano.com\/fr\/wp-json\/wp\/v2\/product_tag?post=4509"}],"curies":[{"name":"wp","href":"https:\/\/api.w.org\/{rel}","templated":true}]}}