{"id":11,"date":"2020-10-17T14:53:01","date_gmt":"2020-10-17T14:53:01","guid":{"rendered":"https:\/\/pasateaserrano.com\/halloween\/?page_id=11"},"modified":"2020-10-23T07:20:18","modified_gmt":"2020-10-23T07:20:18","slug":"burgers-monstruosas","status":"publish","type":"page","link":"https:\/\/pasateaserrano.com\/halloween\/burgers-monstruosas\/","title":{"rendered":"Burgers Monstruosas"},"content":{"rendered":"\n  <div class=\"banner has-hover\" id=\"banner-890255904\">\n          <div class=\"banner-inner fill\">\n        <div class=\"banner-bg fill\" >\n            <div class=\"bg fill bg-fill \"><\/div>\n                                    \n                    <\/div>\n        <div class=\"banner-layers container\">\n            <div class=\"fill banner-link\"><\/div>            \n   <div id=\"text-box-1814605901\" class=\"text-box banner-layer x50 md-x50 lg-x50 y50 md-y50 lg-y50 res-text\">\n                                <div class=\"text dark\">\n              \n              <div class=\"text-inner text-center\">\n                  \n              <\/div>\n           <\/div>\n                            \n<style>\n#text-box-1814605901 {\n  width: 60%;\n}\n#text-box-1814605901 .text {\n  font-size: 100%;\n}\n<\/style>\n    <\/div>\n \n        <\/div>\n      <\/div>\n\n            \n<style>\n#banner-890255904 {\n  padding-top: 110%;\n  background-color: rgb(255,255,255);\n}\n#banner-890255904 .bg.bg-loaded {\n  background-image: url(https:\/\/pasateaserrano.com\/halloween\/wp-content\/uploads\/2020\/10\/hamburguesa-calabaza-halloween-monstruos.jpg);\n}\n#banner-890255904 .bg {\n  background-position: 50% 50%;\n}\n@media (min-width:550px) {\n  #banner-890255904 {\n    padding-top: 66%;\n  }\n}\n<\/style>\n  <\/div>\n\n\n\t<section class=\"section receta-titulo\" id=\"section_448070863\">\n\t\t<div class=\"bg section-bg fill bg-fill  \" >\n\n\t\t\t\n\t\t\t\n\t\t\t\n\n\t\t<\/div>\n\n\t\t<div class=\"section-content relative\">\n\t\t\t\n<div class=\"row\"  id=\"row-259081530\">\n\n\t<div id=\"col-2110485476\" class=\"col small-12 large-12\"  >\n\t\t<div class=\"col-inner text-center\"  >\n\t\t\t\n\t\t\t\n<div class=\"justlovely fs76 blanco\">Burgers Monstruosas<\/div>\n\t\t<\/div>\n\t\t\n<style>\n#col-2110485476 > .col-inner {\n  padding: 0px 0px 30px 0px;\n}\n<\/style>\n\t<\/div>\n\n\t\n<\/div>\n\t\t<\/div>\n\n\t\t\n<style>\n#section_448070863 {\n  padding-top: 30px;\n  padding-bottom: 30px;\n  min-height: 23.54vw;\n}\n#section_448070863 .section-bg.bg-loaded {\n  background-image: url(https:\/\/pasateaserrano.com\/halloween\/wp-content\/uploads\/2020\/10\/receta-header-bg.png);\n}\n<\/style>\n\t<\/section>\n\t\n\t<section class=\"section receta-contenido\" id=\"section_1164537323\">\n\t\t<div class=\"bg section-bg fill bg-fill  \" >\n\n\t\t\t\n\t\t\t\n\t\t\t\n\n\t\t<\/div>\n\n\t\t<div class=\"section-content relative\">\n\t\t\t\n\t<div id=\"gap-1230698060\" class=\"gap-element clearfix\" style=\"display:block; height:auto;\">\n\t\t\n<style>\n#gap-1230698060 {\n  padding-top: 100px;\n}\n<\/style>\n\t<\/div>\n\t\n<div class=\"row row-large align-center row-divided\"  id=\"row-551506818\">\n\n\t<div id=\"col-8985213\" class=\"col medium-5 small-12 large-5\"  >\n\t\t<div class=\"col-inner\"  >\n\t\t\t\n\t\t\t\n<h2><strong class=\"naranja\">INGREDIENTES<\/strong><\/h2>\n<p class=\"justlovely fs29\">4 personas<\/p>\n<ul>\n<li>Pan de Carb\u00f3n:\n<ul>\n<li>500 g de harina de fuerza.<\/li>\n<li>250 g de leche.<\/li>\n<li>15 g de levadura de panadero.<\/li>\n<li>6 ml de tinte alimentario natural negro.<\/li>\n<li>20 g de aceite de oliva virgen extra.<\/li>\n<li>3 huevos peque\u00f1os (uno de ellos, para pintar).<\/li>\n<li>15 g de az\u00facar.<\/li>\n<li>10 g de sal.<\/li>\n<li>1 cucharada sopera de leche.<\/li>\n<li>Semillas de s\u00e9samo para espolvorear.<\/li>\n<\/ul>\n<\/li>\n<li>1 pack <strong>Burger de Pollo con Calabaza asada y pipas.<\/strong><\/li>\n<li>20 ml de aceite oliva suave.<\/li>\n<li>100 g de crema de queso para untar (a tu gusto).<\/li>\n<li>1 aguacate.<\/li>\n<li>\u00bd cebolla morada.<\/li>\n<li>2 tomates de ensalada.<\/li>\n<li>40 g de lechuga variada.<\/li>\n<li>Aceitunas rellenas de pimiento.<\/li>\n<li>Palillos o pajitas para decorar.<\/li>\n<\/ul>\n\t\t<\/div>\n\t\t\t<\/div>\n\n\t\n\n\t<div id=\"col-376706826\" class=\"col medium-5 small-12 large-5\"  >\n\t\t<div class=\"col-inner\"  >\n\t\t\t\n\t\t\t\n<h2 id=\"pasos-01-btn\" class=\"naranja bold\" style=\"margin-bottom: 0px; line-height: 1.2;\">ELABORACI\u00d3N<br \/>\nPAN DE CARB\u00d3N<button class=\"cambio\"><i class=\"icon-angle-down\"><\/i><\/button><\/h2>\n<h2 id=\"pasos-02-btn\" class=\"naranja bold\" style=\"margin-bottom: 15px;\">ELABORACI\u00d3N RECETA<button class=\"cambio\"><i class=\"icon-plus\"><\/i><\/button><\/h2>\n<div id=\"pasos-01\">\n<p class=\"justlovely fs29\">Paso 1<\/p>\n<p>Para hacer la masa a mano, poner la harina en un cuenco amplio. Disolver la levadura en la harina, frotar con la yema de los dedos, o con un poco de leche tibia. Poner en \u00e9l mismo recipiente, colorante natural negro, aceite de oliva y huevos. A\u00f1adir finalmente el az\u00facar y la sal y empieza a mezclar.<\/p>\n<p class=\"justlovely fs29\">Paso 2<\/p>\n<p>Trabajar la masa, golpe\u00e1ndola y dobl\u00e1ndola, hasta que est\u00e9 el\u00e1stica y suave. Amasar bien para atrapar el aire en su interior y lograr unirla sin necesidad de a\u00f1adir harina. As\u00ed, se obtiene un pan m\u00e1s ligero y esponjoso.<\/p>\n<p class=\"justlovely fs29\">Paso 3<\/p>\n<p>Precalentar el horno a 200\u00ba C con calor arriba y abajo. Antes de introducir los panes, bajar la temperatura a 180\u00ba C. Batir huevo con un poco de leche y pintar los panecillos. A\u00f1adir las semillas de s\u00e9samo y hornear durante 12 min. Retirar el pan del horno, esperar un par de minutos antes de pasarlos a una rejilla para que se enfr\u00eden.<\/p>\n<\/div>\n<div id=\"pasos-02\">\n<p class=\"justlovely fs29\">Paso 1<\/p>\n<p>Poner las <strong>Burgers de Pollo con Calabaza asada y pipas<\/strong> sobre una plancha o sart\u00e9n con un poquito de aceite de oliva y cocinar 2 min por cada lado.<\/p>\n<p class=\"justlovely fs29\">Paso 2<\/p>\n<p>Abrir los panecillos de hamburguesa y untar con crema de queso. Extender unas rodajas de aguacate, unas l\u00e1minas de cebolla, y colocar las <strong>Burgers de Pollo con Calabaza asada y pipas<\/strong>. A\u00f1adir rodajas de tomate y lechuga al gusto.<\/p>\n<p>Decorar con las olivas cortadas por la mitad insertadas en palillos o pajitas para simular antenas con ojos.<\/p>\n<p><strong>\u00a1Monstruosamente deliciosas!.<\/strong><\/p>\n<\/div>\n\t\t<\/div>\n\t\t\n<style>\n#col-376706826 > .col-inner {\n  padding: 0px 0px 0px 20px;\n}\n<\/style>\n\t<\/div>\n\n\t\n<\/div>\n<div class=\"row\"  id=\"row-685524162\">\n\n\t<div id=\"col-1414115343\" class=\"col medium-6 small-12 large-6\"  >\n\t\t<div class=\"col-inner\"  >\n\t\t\t\n\t\t\t\n\t<div id=\"gap-62709841\" class=\"gap-element clearfix\" style=\"display:block; height:auto;\">\n\t\t\n<style>\n#gap-62709841 {\n  padding-top: 10px;\n}\n@media (min-width:550px) {\n  #gap-62709841 {\n    padding-top: 80px;\n  }\n}\n<\/style>\n\t<\/div>\n\t\n\t<div class=\"img has-hover x md-x lg-x y md-y lg-y\" id=\"image_1684703725\">\n\t\t\t\t\t\t\t\t<div class=\"img-inner dark\" >\n\t\t\t<img decoding=\"async\" width=\"1920\" height=\"1280\" src=\"https:\/\/pasateaserrano.com\/halloween\/wp-content\/uploads\/2020\/10\/hamburguesa-pollo-calabaza.jpg\" class=\"attachment-original size-original\" alt=\"\" srcset=\"https:\/\/pasateaserrano.com\/halloween\/wp-content\/uploads\/2020\/10\/hamburguesa-pollo-calabaza.jpg 1920w, https:\/\/pasateaserrano.com\/halloween\/wp-content\/uploads\/2020\/10\/hamburguesa-pollo-calabaza-300x200.jpg 300w, https:\/\/pasateaserrano.com\/halloween\/wp-content\/uploads\/2020\/10\/hamburguesa-pollo-calabaza-1024x683.jpg 1024w, https:\/\/pasateaserrano.com\/halloween\/wp-content\/uploads\/2020\/10\/hamburguesa-pollo-calabaza-768x512.jpg 768w, https:\/\/pasateaserrano.com\/halloween\/wp-content\/uploads\/2020\/10\/hamburguesa-pollo-calabaza-1536x1024.jpg 1536w\" sizes=\"(max-width: 1920px) 100vw, 1920px\" \/>\t\t\t\t\t\t\n\t\t\t\t\t<\/div>\n\t\t\t\t\t\t\t\t\n<style>\n#image_1684703725 {\n  width: 100%;\n}\n<\/style>\n\t<\/div>\n\t\n\t\t<\/div>\n\t\t\t<\/div>\n\n\t\n\n\t<div id=\"col-1806709011\" class=\"col hide-for-small medium-6 small-12 large-6\"  >\n\t\t<div class=\"col-inner\"  >\n\t\t\t\n\t\t\t\n\t\t<\/div>\n\t\t\t<\/div>\n\n\t\n<\/div>\n\t\t<\/div>\n\n\t\t\n<style>\n#section_1164537323 {\n  padding-top: 30px;\n  padding-bottom: 30px;\n}\n#section_1164537323 .section-bg.bg-loaded {\n  background-image: url(https:\/\/pasateaserrano.com\/halloween\/wp-content\/uploads\/2020\/10\/tela-arana-receta-bg.png);\n}\n#section_1164537323 .section-bg {\n  background-position: 51% 0%;\n}\n<\/style>\n\t<\/section>\n\t\n\t<div id=\"gap-309078322\" class=\"gap-element clearfix\" style=\"display:block; height:auto;\">\n\t\t\n<style>\n#gap-309078322 {\n  padding-top: 80px;\n}\n<\/style>\n\t<\/div>\n\t\n<div style=\"position:relative;\">\n<div id=\"fantasma\"><img decoding=\"async\" src=\"https:\/\/pasateaserrano.com\/halloween\/wp-content\/uploads\/2020\/10\/fantasma.png\" alt=\"Fantasma\" style=\"width:35vw; position:absolute;z-index:10;right:5vw;top:-300px;\"\/><\/div>\n<\/div>\n\t<section class=\"section footer-receta\" id=\"section_798585003\">\n\t\t<div class=\"bg section-bg fill bg-fill  \" >\n\n\t\t\t\n\t\t\t\n\t\t\t\n\n\t\t<\/div>\n\n\t\t<div class=\"section-content relative\">\n\t\t\t\n\n<div class=\"row align-center\"  id=\"row-516185769\">\n\n\n\t<div id=\"col-473481355\" class=\"col small-12 large-12\"  >\n\t\t<div class=\"col-inner text-center\"  >\n\t\t\t\n\t\t\t\n\n<div class=\"justlovely fs76 blanco\">Boo! + recetas<\/div>\n\n\t\t<\/div>\n\t\t\n<style>\n#col-473481355 > .col-inner {\n  padding: 70px 0px 30px 0px;\n}\n<\/style>\n\t<\/div>\n\n\t\n\n\t<div id=\"col-1557128300\" class=\"col medium-5 small-12 large-5\"  >\n\t\t<div class=\"col-inner\"  >\n\t\t\t\n\t\t\t\n\n\n  <div class=\"banner has-hover bg-zoom\" id=\"banner-2129267694\">\n          <div class=\"banner-inner fill\">\n        <div class=\"banner-bg fill\" >\n            <div class=\"bg fill bg-fill \"><\/div>\n                                    \n\t<div class=\"is-border\"\n\t\tstyle=\"border-color:rgb(230, 114, 47);border-width:3px 3px 3px 3px;\">\n\t<\/div>\n                    <\/div>\n        <div class=\"banner-layers container\">\n            <a class=\"fill\" href=\"https:\/\/pasateaserrano.com\/halloween\/burger-zombie\/\"  ><div class=\"fill banner-link\"><\/div><\/a>            \n\n\n        <\/div>\n      <\/div>\n\n            \n<style>\n#banner-2129267694 {\n  padding-top: 66%;\n  background-color: #000000;\n}\n#banner-2129267694 .bg.bg-loaded {\n  background-image: url(https:\/\/pasateaserrano.com\/halloween\/wp-content\/uploads\/2020\/10\/hamburguesa-calabaza-halloween-zombie-1024x683.jpg);\n}\n#banner-2129267694 .bg {\n  background-position: 50% 50%;\n}\n<\/style>\n  <\/div>\n\n\n\n\t\t<\/div>\n\t\t\t<\/div>\n\n\t\n\n\t<div id=\"col-883591096\" class=\"col medium-5 small-12 large-5\"  >\n\t\t<div class=\"col-inner\"  >\n\t\t\t\n\t\t\t\n\n\n  <div class=\"banner has-hover bg-zoom\" id=\"banner-639486204\">\n          <div class=\"banner-inner fill\">\n        <div class=\"banner-bg fill\" >\n            <div class=\"bg fill bg-fill \"><\/div>\n                                    \n\t<div class=\"is-border\"\n\t\tstyle=\"border-color:rgb(230, 114, 47);border-width:3px 3px 3px 3px;\">\n\t<\/div>\n                    <\/div>\n        <div class=\"banner-layers container\">\n            <a class=\"fill\" href=\"https:\/\/pasateaserrano.com\/halloween\/burger-con-verduras-y-coctel-del-infierno\/\"  ><div class=\"fill banner-link\"><\/div><\/a>            \n\n\n        <\/div>\n      <\/div>\n\n            \n<style>\n#banner-639486204 {\n  padding-top: 66%;\n  background-color: #000000;\n}\n#banner-639486204 .bg.bg-loaded {\n  background-image: url(https:\/\/pasateaserrano.com\/halloween\/wp-content\/uploads\/2020\/10\/hamburguesa-calabaza-halloween-plato-1024x683.jpg);\n}\n#banner-639486204 .bg {\n  background-position: 50% 50%;\n}\n<\/style>\n  <\/div>\n\n\n\n\t\t<\/div>\n\t\t\t<\/div>\n\n\t\n\n<\/div>\n\n\t\t<\/div>\n\n\t\t\n<style>\n#section_798585003 {\n  padding-top: 30px;\n  padding-bottom: 30px;\n  min-height: 50vw;\n}\n#section_798585003 .section-bg.bg-loaded {\n  background-image: url(https:\/\/pasateaserrano.com\/halloween\/wp-content\/uploads\/2020\/10\/footer-receta.jpg);\n}\n#section_798585003 .section-bg {\n  background-position: 48% 0%;\n}\n<\/style>\n\t<\/section>\n\t\n\t<section class=\"section footer-naranja\" id=\"section_1700390975\">\n\t\t<div class=\"bg section-bg fill bg-fill  bg-loaded\" >\n\n\t\t\t\n\t\t\t\n\t\t\t\n\n\t\t<\/div>\n\n\t\t<div class=\"section-content relative\">\n\t\t\t\n\n<div class=\"row row-collapse align-middle\"  id=\"row-889339237\">\n\n\n\t<div id=\"col-612109093\" class=\"col medium-2 small-12 large-2\"  >\n\t\t<div class=\"col-inner\"  >\n\t\t\t\n\t\t\t\n\n<div style=\"padding-left:20px;\"><a href=\"https:\/\/pasateaserrano.com\/halloween\/\"><img decoding=\"async\" src=\"https:\/\/pasateaserrano.com\/halloween\/wp-content\/uploads\/2020\/10\/serrano-logo.png\" alt=\"Serrano\" style=\"height:60px;\"\/><\/a><\/div>\n\n\t\t<\/div>\n\t\t\t<\/div>\n\n\t\n\n\t<div id=\"col-1807054597\" class=\"col medium-5 small-12 large-5\"  >\n\t\t<div class=\"col-inner\"  >\n\t\t\t\n\t\t\t\n\n<div class=\"social-footer\"><a href=\"https:\/\/www.instagram.com\/serrano_carnicas\/\" target=\"_blank\" rel=\"noopener noreferrer\"><img decoding=\"async\" src=\"https:\/\/pasateaserrano.com\/halloween\/wp-content\/uploads\/2020\/10\/instagram.png\" \/><\/a> <a href=\"https:\/\/es-es.facebook.com\/pasateaserrano\/\" target=\"_blank\" rel=\"noopener noreferrer\"><img decoding=\"async\" src=\"https:\/\/pasateaserrano.com\/halloween\/wp-content\/uploads\/2020\/10\/facebook.png\" \/><\/a> <a href=\"https:\/\/www.youtube.com\/PasateaSerrano\" target=\"_blank\" rel=\"noopener noreferrer\"><img decoding=\"async\" src=\"https:\/\/pasateaserrano.com\/halloween\/wp-content\/uploads\/2020\/10\/youtube.png\" \/><\/a> <a href=\"https:\/\/twitter.com\/serranocarnicas\/\" target=\"_blank\" rel=\"noopener noreferrer\"><img decoding=\"async\" src=\"https:\/\/pasateaserrano.com\/halloween\/wp-content\/uploads\/2020\/10\/twitter.png\" \/><\/a><\/div>\n<div class=\"link-pasate\"><a href=\"https:\/\/pasateaserrano.com\" class=\"blanco\">www.<strong>pasateaserrano<\/strong>.com<\/a><\/div>\n\n\t\t<\/div>\n\t\t\t<\/div>\n\n\t\n\n<\/div>\n\n\t\t<\/div>\n\n\t\t\n<style>\n#section_1700390975 {\n  padding-top: 30px;\n  padding-bottom: 30px;\n  background-color: #d5782f;\n}\n<\/style>\n\t<\/section>\n\t\n","protected":false},"excerpt":{"rendered":"","protected":false},"author":1,"featured_media":0,"parent":0,"menu_order":0,"comment_status":"closed","ping_status":"closed","template":"page-transparent-header.php","meta":{"footnotes":""},"class_list":["post-11","page","type-page","status-publish","hentry"],"_links":{"self":[{"href":"https:\/\/pasateaserrano.com\/halloween\/wp-json\/wp\/v2\/pages\/11","targetHints":{"allow":["GET"]}}],"collection":[{"href":"https:\/\/pasateaserrano.com\/halloween\/wp-json\/wp\/v2\/pages"}],"about":[{"href":"https:\/\/pasateaserrano.com\/halloween\/wp-json\/wp\/v2\/types\/page"}],"author":[{"embeddable":true,"href":"https:\/\/pasateaserrano.com\/halloween\/wp-json\/wp\/v2\/users\/1"}],"replies":[{"embeddable":true,"href":"https:\/\/pasateaserrano.com\/halloween\/wp-json\/wp\/v2\/comments?post=11"}],"version-history":[{"count":32,"href":"https:\/\/pasateaserrano.com\/halloween\/wp-json\/wp\/v2\/pages\/11\/revisions"}],"predecessor-version":[{"id":200,"href":"https:\/\/pasateaserrano.com\/halloween\/wp-json\/wp\/v2\/pages\/11\/revisions\/200"}],"wp:attachment":[{"href":"https:\/\/pasateaserrano.com\/halloween\/wp-json\/wp\/v2\/media?parent=11"}],"curies":[{"name":"wp","href":"https:\/\/api.w.org\/{rel}","templated":true}]}}