{"id":15,"date":"2020-10-17T14:53:42","date_gmt":"2020-10-17T14:53:42","guid":{"rendered":"https:\/\/pasateaserrano.com\/halloween\/?page_id=15"},"modified":"2020-10-23T07:14:37","modified_gmt":"2020-10-23T07:14:37","slug":"burger-zombie","status":"publish","type":"page","link":"https:\/\/pasateaserrano.com\/halloween\/burger-zombie\/","title":{"rendered":"Burger zombi"},"content":{"rendered":"\n  <div class=\"banner has-hover\" id=\"banner-1278080858\">\n          <div class=\"banner-inner fill\">\n        <div class=\"banner-bg fill\" >\n            <div class=\"bg fill bg-fill \"><\/div>\n                                    \n                    <\/div>\n        <div class=\"banner-layers container\">\n            <div class=\"fill banner-link\"><\/div>            \n   <div id=\"text-box-1508553265\" class=\"text-box banner-layer x50 md-x50 lg-x50 y50 md-y50 lg-y50 res-text\">\n                                <div class=\"text dark\">\n              \n              <div class=\"text-inner text-center\">\n                  \n              <\/div>\n           <\/div>\n                            \n<style>\n#text-box-1508553265 {\n  width: 60%;\n}\n#text-box-1508553265 .text {\n  font-size: 100%;\n}\n<\/style>\n    <\/div>\n \n        <\/div>\n      <\/div>\n\n            \n<style>\n#banner-1278080858 {\n  padding-top: 110%;\n  background-color: rgb(255,255,255);\n}\n#banner-1278080858 .bg.bg-loaded {\n  background-image: url(https:\/\/pasateaserrano.com\/halloween\/wp-content\/uploads\/2020\/10\/hamburguesa-calabaza-halloween-zombie.jpg);\n}\n#banner-1278080858 .bg {\n  background-position: 50% 50%;\n}\n@media (min-width:550px) {\n  #banner-1278080858 {\n    padding-top: 66%;\n  }\n}\n<\/style>\n  <\/div>\n\n\n\t<section class=\"section receta-titulo\" id=\"section_677329188\">\n\t\t<div class=\"bg section-bg fill bg-fill  \" >\n\n\t\t\t\n\t\t\t\n\t\t\t\n\n\t\t<\/div>\n\n\t\t<div class=\"section-content relative\">\n\t\t\t\n<div class=\"row\"  id=\"row-1932497605\">\n\n\t<div id=\"col-974614624\" class=\"col small-12 large-12\"  >\n\t\t<div class=\"col-inner text-center\"  >\n\t\t\t\n\t\t\t\n<div class=\"justlovely fs76 blanco\">Burger Zombi<\/div>\n\t\t<\/div>\n\t\t\n<style>\n#col-974614624 > .col-inner {\n  padding: 0px 0px 30px 0px;\n}\n<\/style>\n\t<\/div>\n\n\t\n<\/div>\n\t\t<\/div>\n\n\t\t\n<style>\n#section_677329188 {\n  padding-top: 30px;\n  padding-bottom: 30px;\n  min-height: 23.54vw;\n}\n#section_677329188 .section-bg.bg-loaded {\n  background-image: url(https:\/\/pasateaserrano.com\/halloween\/wp-content\/uploads\/2020\/10\/receta-header-bg.png);\n}\n<\/style>\n\t<\/section>\n\t\n\t<section class=\"section receta-contenido\" id=\"section_1741742880\">\n\t\t<div class=\"bg section-bg fill bg-fill  \" >\n\n\t\t\t\n\t\t\t\n\t\t\t\n\n\t\t<\/div>\n\n\t\t<div class=\"section-content relative\">\n\t\t\t\n\t<div id=\"gap-1152984470\" class=\"gap-element clearfix\" style=\"display:block; height:auto;\">\n\t\t\n<style>\n#gap-1152984470 {\n  padding-top: 100px;\n}\n<\/style>\n\t<\/div>\n\t\n<div class=\"row row-large align-center row-divided\"  id=\"row-1388820969\">\n\n\t<div id=\"col-2125439621\" class=\"col medium-5 small-12 large-5\"  >\n\t\t<div class=\"col-inner\"  >\n\t\t\t\n\t\t\t\n<h2><strong class=\"naranja\">INGREDIENTES<\/strong><\/h2>\n<p class=\"justlovely fs29\">4 personas<\/p>\n<ul>\n<li>Hummus:\n<ul>\n<li>500 g de garbanzos previamente cocidos.<\/li>\n<li>Un chorrito de aceite de s\u00e9samo o aceite de guindilla (tambi\u00e9n vale el de oliva).<\/li>\n<li>2 dientes de ajo.<\/li>\n<li>Un chorrito de zumo de lim\u00f3n.<\/li>\n<li>1\/2 cucharadita de comino.<\/li>\n<li>Un pellizco de piment\u00f3n dulce.<\/li>\n<li>Una pizca de sal.<\/li>\n<\/ul>\n<\/li>\n<li>1 pack <strong>Burger de Pollo con Calabaza asada y pipas.<\/strong><\/li>\n<li>2 panes de hamburguesas.<\/li>\n<li>60 g de crema de queso.<\/li>\n<li>1 calabac\u00edn.<\/li>\n<li>1 pimiento rojo.<\/li>\n<li>Esp\u00e1rragos verdes y brotes verdes (al gusto).<\/li>\n<li>Aceite de oliva.<\/li>\n<li>Sal en escamas.<\/li>\n<li>Mini panecillos de colores.<\/li>\n<li>Pepino (para los mini monstruos).<\/li>\n<li>Ojos u olivas (para los mini monstruos).<\/li>\n<\/ul>\n\t\t<\/div>\n\t\t\t<\/div>\n\n\t\n\n\t<div id=\"col-1990285356\" class=\"col medium-5 small-12 large-5\"  >\n\t\t<div class=\"col-inner\"  >\n\t\t\t\n\t\t\t\n<h2 id=\"pasos-01-btn\" class=\"naranja bold\" style=\"margin-bottom: 0px; line-height: 0.5;\">ELABORACI\u00d3N HUMMUS<button class=\"cambio\"><i class=\"icon-angle-down\"><\/i><\/button><\/h2>\n<h2 id=\"pasos-02-btn\" class=\"naranja bold\" style=\"margin-bottom: 15px;\">ELABORACI\u00d3N RECETA<button class=\"cambio\"><i class=\"icon-plus\"><\/i><\/button><\/h2>\n<div id=\"pasos-01\">\n<p class=\"justlovely fs29\">Paso 1<\/p>\n<p>Escurrir los garbanzos y pasar por abundante agua. En un vaso batir (con batidora) junto con los dientes de ajo pelados, sal y el comino.<\/p>\n<p class=\"justlovely fs29\">Paso 2<\/p>\n<p>A\u00f1adir lim\u00f3n, un pellizco de piment\u00f3n dulce, sal y aceite de s\u00e9samo (guindilla o de oliva). Triturar con la batidora hasta que tengas una mezcla que se asemeje a un pur\u00e9 de consistencia cremosa. Si queda muy denso a\u00f1adir un poco de agua. Reservar en un cuenco para posteriormente untar en mini panecillos de colores.<\/p>\n<p class=\"justlovely fs29\">Paso 3<\/p>\n<p>A\u00f1adir trocitos de pepino cortados en tri\u00e1ngulos a modo de dientes. Por \u00faltimo, colocar ojos y as\u00ed generar mini mounstruos de hummus.<\/p>\n<\/div>\n<div id=\"pasos-02\">\n<p class=\"justlovely fs29\">Paso 1<\/p>\n<p>Con ayuda de un pelador sacar cintas de calabac\u00edn y limpiar los tallos de los esp\u00e1rragos. Cortar el pimiento rojo en l\u00e1minas y en una sart\u00e9n con un poco de aceite, saltear las cintas de calabac\u00edn, los tallos de esp\u00e1rragos y \u00e9l pimiento. Espolvorear con sal en escamas y reservar.<\/p>\n<p class=\"justlovely fs29\">Paso 2<\/p>\n<p>Cocinar las <strong>Burger de Pollo con Calabaza asada y pipas<\/strong> 2 min aproximadamente por cada lado y tostar ligeramente los panes de hamburguesa.<\/p>\n<p class=\"justlovely fs29\">Paso 3<\/p>\n<p>Extender la crema de queso sobre los panes de hamburguesa, poner unas cintas de calabac\u00edn, pimiento asado, <strong>Burger de Pollo con Calabaza asada y pipas<\/strong>, esp\u00e1rragos y brotes verdes.<\/p>\n<p><strong>\u00a1Terror\u00edficamente sabroso!.<\/strong><\/p>\n<\/div>\n\t\t<\/div>\n\t\t\n<style>\n#col-1990285356 > .col-inner {\n  padding: 0px 0px 0px 20px;\n}\n<\/style>\n\t<\/div>\n\n\t\n<\/div>\n<div class=\"row\"  id=\"row-1531204841\">\n\n\t<div id=\"col-727554223\" class=\"col medium-6 small-12 large-6\"  >\n\t\t<div class=\"col-inner\"  >\n\t\t\t\n\t\t\t\n\t<div id=\"gap-1494813316\" class=\"gap-element clearfix\" style=\"display:block; height:auto;\">\n\t\t\n<style>\n#gap-1494813316 {\n  padding-top: 10px;\n}\n@media (min-width:550px) {\n  #gap-1494813316 {\n    padding-top: 80px;\n  }\n}\n<\/style>\n\t<\/div>\n\t\n\t<div class=\"img has-hover x md-x lg-x y md-y lg-y\" id=\"image_1596942344\">\n\t\t\t\t\t\t\t\t<div class=\"img-inner dark\" >\n\t\t\t<img decoding=\"async\" width=\"1920\" height=\"1280\" src=\"https:\/\/pasateaserrano.com\/halloween\/wp-content\/uploads\/2020\/10\/hamburguesa-pollo-calabaza.jpg\" class=\"attachment-original size-original\" alt=\"\" srcset=\"https:\/\/pasateaserrano.com\/halloween\/wp-content\/uploads\/2020\/10\/hamburguesa-pollo-calabaza.jpg 1920w, https:\/\/pasateaserrano.com\/halloween\/wp-content\/uploads\/2020\/10\/hamburguesa-pollo-calabaza-300x200.jpg 300w, https:\/\/pasateaserrano.com\/halloween\/wp-content\/uploads\/2020\/10\/hamburguesa-pollo-calabaza-1024x683.jpg 1024w, https:\/\/pasateaserrano.com\/halloween\/wp-content\/uploads\/2020\/10\/hamburguesa-pollo-calabaza-768x512.jpg 768w, https:\/\/pasateaserrano.com\/halloween\/wp-content\/uploads\/2020\/10\/hamburguesa-pollo-calabaza-1536x1024.jpg 1536w\" sizes=\"(max-width: 1920px) 100vw, 1920px\" \/>\t\t\t\t\t\t\n\t\t\t\t\t<\/div>\n\t\t\t\t\t\t\t\t\n<style>\n#image_1596942344 {\n  width: 100%;\n}\n<\/style>\n\t<\/div>\n\t\n\t\t<\/div>\n\t\t\t<\/div>\n\n\t\n\n\t<div id=\"col-2028139899\" class=\"col hide-for-small medium-6 small-12 large-6\"  >\n\t\t<div class=\"col-inner\"  >\n\t\t\t\n\t\t\t\n\t\t<\/div>\n\t\t\t<\/div>\n\n\t\n<\/div>\n\t\t<\/div>\n\n\t\t\n<style>\n#section_1741742880 {\n  padding-top: 30px;\n  padding-bottom: 30px;\n}\n#section_1741742880 .section-bg.bg-loaded {\n  background-image: url(https:\/\/pasateaserrano.com\/halloween\/wp-content\/uploads\/2020\/10\/tela-arana-receta-bg.png);\n}\n#section_1741742880 .section-bg {\n  background-position: 51% 0%;\n}\n<\/style>\n\t<\/section>\n\t\n\t<div id=\"gap-769916981\" class=\"gap-element clearfix\" style=\"display:block; height:auto;\">\n\t\t\n<style>\n#gap-769916981 {\n  padding-top: 80px;\n}\n<\/style>\n\t<\/div>\n\t\n<div style=\"position:relative;\">\n<div id=\"fantasma\"><img decoding=\"async\" src=\"https:\/\/pasateaserrano.com\/halloween\/wp-content\/uploads\/2020\/10\/fantasma.png\" alt=\"Fantasma\" style=\"width:35vw; position:absolute;z-index:10;right:5vw;top:-300px;\"\/><\/div>\n<\/div>\n\t<section class=\"section footer-receta\" id=\"section_1648525148\">\n\t\t<div class=\"bg section-bg fill bg-fill  \" >\n\n\t\t\t\n\t\t\t\n\t\t\t\n\n\t\t<\/div>\n\n\t\t<div class=\"section-content relative\">\n\t\t\t\n\n<div class=\"row align-center\"  id=\"row-1024863709\">\n\n\n\t<div id=\"col-282643159\" class=\"col small-12 large-12\"  >\n\t\t<div class=\"col-inner text-center\"  >\n\t\t\t\n\t\t\t\n\n<div class=\"justlovely fs76 blanco\">Boo! + recetas<\/div>\n\n\t\t<\/div>\n\t\t\n<style>\n#col-282643159 > .col-inner {\n  padding: 70px 0px 30px 0px;\n}\n<\/style>\n\t<\/div>\n\n\t\n\n\t<div id=\"col-2110299983\" class=\"col medium-5 small-12 large-5\"  >\n\t\t<div class=\"col-inner\"  >\n\t\t\t\n\t\t\t\n\n\n  <div class=\"banner has-hover bg-zoom\" id=\"banner-1988477093\">\n          <div class=\"banner-inner fill\">\n        <div class=\"banner-bg fill\" >\n            <div class=\"bg fill bg-fill \"><\/div>\n                                    \n\t<div class=\"is-border\"\n\t\tstyle=\"border-color:rgb(230, 114, 47);border-width:3px 3px 3px 3px;\">\n\t<\/div>\n                    <\/div>\n        <div class=\"banner-layers container\">\n            <a class=\"fill\" href=\"https:\/\/pasateaserrano.com\/halloween\/burgers-monstruosas\/\"  ><div class=\"fill banner-link\"><\/div><\/a>            \n\n\n        <\/div>\n      <\/div>\n\n            \n<style>\n#banner-1988477093 {\n  padding-top: 66%;\n  background-color: #000000;\n}\n#banner-1988477093 .bg.bg-loaded {\n  background-image: url(https:\/\/pasateaserrano.com\/halloween\/wp-content\/uploads\/2020\/10\/hamburguesa-calabaza-halloween-monstruos-1024x683.jpg);\n}\n#banner-1988477093 .bg {\n  background-position: 50% 50%;\n}\n<\/style>\n  <\/div>\n\n\n\n\t\t<\/div>\n\t\t\t<\/div>\n\n\t\n\n\t<div id=\"col-2105109975\" class=\"col medium-5 small-12 large-5\"  >\n\t\t<div class=\"col-inner\"  >\n\t\t\t\n\t\t\t\n\n\n  <div class=\"banner has-hover bg-zoom\" id=\"banner-2029911903\">\n          <div class=\"banner-inner fill\">\n        <div class=\"banner-bg fill\" >\n            <div class=\"bg fill bg-fill \"><\/div>\n                                    \n\t<div class=\"is-border\"\n\t\tstyle=\"border-color:rgb(230, 114, 47);border-width:3px 3px 3px 3px;\">\n\t<\/div>\n                    <\/div>\n        <div class=\"banner-layers container\">\n            <a class=\"fill\" href=\"https:\/\/pasateaserrano.com\/halloween\/burger-con-verduras-y-coctel-del-infierno\/\"  ><div class=\"fill banner-link\"><\/div><\/a>            \n\n\n        <\/div>\n      <\/div>\n\n            \n<style>\n#banner-2029911903 {\n  padding-top: 66%;\n  background-color: #000000;\n}\n#banner-2029911903 .bg.bg-loaded {\n  background-image: url(https:\/\/pasateaserrano.com\/halloween\/wp-content\/uploads\/2020\/10\/hamburguesa-calabaza-halloween-plato-1024x683.jpg);\n}\n#banner-2029911903 .bg {\n  background-position: 50% 50%;\n}\n<\/style>\n  <\/div>\n\n\n\n\t\t<\/div>\n\t\t\t<\/div>\n\n\t\n\n<\/div>\n\n\t\t<\/div>\n\n\t\t\n<style>\n#section_1648525148 {\n  padding-top: 30px;\n  padding-bottom: 30px;\n  min-height: 50vw;\n}\n#section_1648525148 .section-bg.bg-loaded {\n  background-image: url(https:\/\/pasateaserrano.com\/halloween\/wp-content\/uploads\/2020\/10\/footer-receta.jpg);\n}\n#section_1648525148 .section-bg {\n  background-position: 48% 0%;\n}\n<\/style>\n\t<\/section>\n\t\n\t<section class=\"section footer-naranja\" id=\"section_79048653\">\n\t\t<div class=\"bg section-bg fill bg-fill  bg-loaded\" >\n\n\t\t\t\n\t\t\t\n\t\t\t\n\n\t\t<\/div>\n\n\t\t<div class=\"section-content relative\">\n\t\t\t\n\n<div class=\"row row-collapse align-middle\"  id=\"row-2034031904\">\n\n\n\t<div id=\"col-115092523\" class=\"col medium-2 small-12 large-2\"  >\n\t\t<div class=\"col-inner\"  >\n\t\t\t\n\t\t\t\n\n<div style=\"padding-left:20px;\"><a href=\"https:\/\/pasateaserrano.com\/halloween\/\"><img decoding=\"async\" src=\"https:\/\/pasateaserrano.com\/halloween\/wp-content\/uploads\/2020\/10\/serrano-logo.png\" alt=\"Serrano\" style=\"height:60px;\"\/><\/a><\/div>\n\n\t\t<\/div>\n\t\t\t<\/div>\n\n\t\n\n\t<div id=\"col-1488504518\" class=\"col medium-5 small-12 large-5\"  >\n\t\t<div class=\"col-inner\"  >\n\t\t\t\n\t\t\t\n\n<div class=\"social-footer\"><a href=\"https:\/\/www.instagram.com\/serrano_carnicas\/\" target=\"_blank\" rel=\"noopener noreferrer\"><img decoding=\"async\" src=\"https:\/\/pasateaserrano.com\/halloween\/wp-content\/uploads\/2020\/10\/instagram.png\" \/><\/a> <a href=\"https:\/\/es-es.facebook.com\/pasateaserrano\/\" target=\"_blank\" rel=\"noopener noreferrer\"><img decoding=\"async\" src=\"https:\/\/pasateaserrano.com\/halloween\/wp-content\/uploads\/2020\/10\/facebook.png\" \/><\/a> <a href=\"https:\/\/www.youtube.com\/PasateaSerrano\" target=\"_blank\" rel=\"noopener noreferrer\"><img decoding=\"async\" src=\"https:\/\/pasateaserrano.com\/halloween\/wp-content\/uploads\/2020\/10\/youtube.png\" \/><\/a> <a href=\"https:\/\/twitter.com\/serranocarnicas\/\" target=\"_blank\" rel=\"noopener noreferrer\"><img decoding=\"async\" src=\"https:\/\/pasateaserrano.com\/halloween\/wp-content\/uploads\/2020\/10\/twitter.png\" \/><\/a><\/div>\n<div class=\"link-pasate\"><a href=\"https:\/\/pasateaserrano.com\" class=\"blanco\">www.<strong>pasateaserrano<\/strong>.com<\/a><\/div>\n\n\t\t<\/div>\n\t\t\t<\/div>\n\n\t\n\n<\/div>\n\n\t\t<\/div>\n\n\t\t\n<style>\n#section_79048653 {\n  padding-top: 30px;\n  padding-bottom: 30px;\n  background-color: #d5782f;\n}\n<\/style>\n\t<\/section>\n\t\n","protected":false},"excerpt":{"rendered":"","protected":false},"author":1,"featured_media":0,"parent":0,"menu_order":0,"comment_status":"closed","ping_status":"closed","template":"page-transparent-header.php","meta":{"footnotes":""},"class_list":["post-15","page","type-page","status-publish","hentry"],"_links":{"self":[{"href":"https:\/\/pasateaserrano.com\/halloween\/wp-json\/wp\/v2\/pages\/15","targetHints":{"allow":["GET"]}}],"collection":[{"href":"https:\/\/pasateaserrano.com\/halloween\/wp-json\/wp\/v2\/pages"}],"about":[{"href":"https:\/\/pasateaserrano.com\/halloween\/wp-json\/wp\/v2\/types\/page"}],"author":[{"embeddable":true,"href":"https:\/\/pasateaserrano.com\/halloween\/wp-json\/wp\/v2\/users\/1"}],"replies":[{"embeddable":true,"href":"https:\/\/pasateaserrano.com\/halloween\/wp-json\/wp\/v2\/comments?post=15"}],"version-history":[{"count":18,"href":"https:\/\/pasateaserrano.com\/halloween\/wp-json\/wp\/v2\/pages\/15\/revisions"}],"predecessor-version":[{"id":196,"href":"https:\/\/pasateaserrano.com\/halloween\/wp-json\/wp\/v2\/pages\/15\/revisions\/196"}],"wp:attachment":[{"href":"https:\/\/pasateaserrano.com\/halloween\/wp-json\/wp\/v2\/media?parent=15"}],"curies":[{"name":"wp","href":"https:\/\/api.w.org\/{rel}","templated":true}]}}