{"id":9,"date":"2020-10-17T14:52:41","date_gmt":"2020-10-17T14:52:41","guid":{"rendered":"https:\/\/pasateaserrano.com\/halloween\/?page_id=9"},"modified":"2020-10-22T17:29:16","modified_gmt":"2020-10-22T17:29:16","slug":"inicio","status":"publish","type":"page","link":"https:\/\/pasateaserrano.com\/halloween\/","title":{"rendered":"Inicio"},"content":{"rendered":"\n  <div class=\"banner has-hover\" id=\"banner-601690542\">\n          <div class=\"banner-inner fill\">\n        <div class=\"banner-bg fill\" >\n            <div class=\"bg fill bg-fill \"><\/div>\n                                    \n                    <\/div>\n        <div class=\"banner-layers container\">\n            <div class=\"fill banner-link\"><\/div>            \n        <\/div>\n      <\/div>\n\n            \n<style>\n#banner-601690542 {\n  padding-top: 110%;\n}\n#banner-601690542 .bg.bg-loaded {\n  background-image: url(https:\/\/pasateaserrano.com\/halloween\/wp-content\/uploads\/2020\/10\/halloween-bg.gif);\n}\n#banner-601690542 .bg {\n  background-position: 50% 50%;\n}\n@media (min-width:550px) {\n  #banner-601690542 {\n    padding-top: 66%;\n  }\n}\n<\/style>\n  <\/div>\n\n\n\n\t<section class=\"section home-titular\" id=\"section_1352118637\">\n\t\t<div class=\"bg section-bg fill bg-fill  \" >\n\n\t\t\t\n\t\t\t\n\t\t\t\n\n\t\t<\/div>\n\n\t\t<div class=\"section-content relative\">\n\t\t\t\n<div class=\"row align-center\"  id=\"row-1110206838\">\n\n\t<div id=\"col-1525144274\" class=\"col small-12 large-12\"  >\n\t\t<div class=\"col-inner text-center\"  >\n\t\t\t\n\t\t\t\n<div class=\"justlovely fs76 blanco\">Halloween<\/div>\n<div class=\"aclonica fs38 blanco\">Burger <span style=\"font-size: 66%;\">de<\/span> Pollo<br \/>\n<span class=\"justlovely naranja\">con<\/span> <span class=\"naranja\">Calabaza<\/span><br \/>\n<span style=\"font-size: 66%; position: relative; top: -10px;\">asada y pipas<\/span><\/div>\n\t<div id=\"gap-1364627897\" class=\"gap-element clearfix\" style=\"display:block; height:auto;\">\n\t\t\n<style>\n#gap-1364627897 {\n  padding-top: 30px;\n}\n<\/style>\n\t<\/div>\n\t\n<p class=\"blanco\">Halloween se acerca y debemos estar<br \/>\npreparados para dar la bienvenida a la<br \/>\nnoche m\u00e1s aterradora del a\u00f1o.<\/p>\n<p class=\"blanco bold\">\u00a1Recetas terror\u00edficamente irresistibles!<\/p>\n\t\t<\/div>\n\t\t\t<\/div>\n\n\t\n<\/div>\n\t\t<\/div>\n\n\t\t\n<style>\n#section_1352118637 {\n  padding-top: 30px;\n  padding-bottom: 30px;\n  min-height: 40vw;\n}\n#section_1352118637 .section-bg.bg-loaded {\n  background-image: url(https:\/\/pasateaserrano.com\/halloween\/wp-content\/uploads\/2020\/10\/noche-bg.png);\n}\n#section_1352118637 .section-bg {\n  background-position: 53% 100%;\n}\n<\/style>\n\t<\/section>\n\t\n\t<section class=\"section home-recetas\" id=\"section_2112762220\">\n\t\t<div class=\"bg section-bg fill bg-fill  \" >\n\n\t\t\t\n\t\t\t\n\t\t\t\n\n\t\t<\/div>\n\n\t\t<div class=\"section-content relative\">\n\t\t\t\n<div class=\"row align-center\"  id=\"row-486219459\">\n\n\t<div id=\"col-394803442\" class=\"col col-receta medium-6 small-12 large-6\"  >\n\t\t<div class=\"col-inner\"  >\n\t\t\t\n\t\t\t\n\n  <div class=\"banner has-hover receta-home rebota-izq\" id=\"banner-842887727\">\n          <div class=\"banner-inner fill\">\n        <div class=\"banner-bg fill\" >\n            <div class=\"bg fill bg-fill \"><\/div>\n                                    \n\t<div class=\"is-border\"\n\t\tstyle=\"border-color:rgb(213, 120, 47);border-width:5px 5px 5px 5px;\">\n\t<\/div>\n                    <\/div>\n        <div class=\"banner-layers container\">\n            <a class=\"fill\" href=\"https:\/\/pasateaserrano.com\/halloween\/burgers-monstruosas\/\"  ><div class=\"fill banner-link\"><\/div><\/a>            \n        <\/div>\n      <\/div>\n\n            \n<style>\n#banner-842887727 {\n  padding-top: 66%;\n  background-color: rgb(255,255,255);\n}\n#banner-842887727 .bg.bg-loaded {\n  background-image: url(https:\/\/pasateaserrano.com\/halloween\/wp-content\/uploads\/2020\/10\/hamburguesa-calabaza-halloween-monstruos-1024x683.jpg);\n}\n<\/style>\n  <\/div>\n\n\n\t<div class=\"img has-hover mancha-receta x md-x lg-x y md-y lg-y\" id=\"image_2109494365\">\n\t\t\t\t\t\t\t\t<div class=\"img-inner dark\" >\n\t\t\t<img decoding=\"async\" width=\"1200\" height=\"601\" src=\"https:\/\/pasateaserrano.com\/halloween\/wp-content\/uploads\/2020\/10\/mancha-bg-receta.jpg\" class=\"attachment-original size-original\" alt=\"\" srcset=\"https:\/\/pasateaserrano.com\/halloween\/wp-content\/uploads\/2020\/10\/mancha-bg-receta.jpg 1200w, https:\/\/pasateaserrano.com\/halloween\/wp-content\/uploads\/2020\/10\/mancha-bg-receta-300x150.jpg 300w, https:\/\/pasateaserrano.com\/halloween\/wp-content\/uploads\/2020\/10\/mancha-bg-receta-1024x513.jpg 1024w, https:\/\/pasateaserrano.com\/halloween\/wp-content\/uploads\/2020\/10\/mancha-bg-receta-768x385.jpg 768w\" sizes=\"(max-width: 1200px) 100vw, 1200px\" \/>\t\t\t\t\t\t\n\t\t\t\t\t<\/div>\n\t\t\t\t\t\t\t\t\n<style>\n#image_2109494365 {\n  width: 100%;\n}\n<\/style>\n\t<\/div>\n\t\n\t\t<\/div>\n\t\t\t<\/div>\n\n\t\n\n\t<div id=\"col-1901170817\" class=\"col col-receta-home medium-6 small-12 large-6\"  >\n\t\t<div class=\"col-inner text-center\"  >\n\t\t\t\n\t\t\t\n<div class=\"aclonica fs26 naranja\" style=\"margin-bottom: 30px;\">Burgers<br \/>\nMonstruosas<\/div>\n<p>\u00a1Boo! \u00danete a nuestra fiesta de <em>#Halloween<\/em> y prepara unas monstruosas <strong>Burgers de<\/strong> <strong>Pollo con Calabaza asada y pipas<\/strong>, ojos de aceitunas, crema de queso, aguacate y pan de carb\u00f3n. <strong class=\"show-for-small\">\u00bfTruco o Trato?<\/strong><\/p>\n<p class=\"hide-for-small\"><strong>\u00bfTruco o Trato?<\/strong><\/p>\n<p><a class=\"light\" style=\"border-bottom: solid 2px #d5782f; font-size: 80%; display: inline-block; padding-bottom: 2px;\" href=\"https:\/\/pasateaserrano.com\/halloween\/burgers-monstruosas\/\">VER RECETA<\/a><\/p>\n\t\t<\/div>\n\t\t\t<\/div>\n\n\t\n<\/div>\n<div class=\"row\"  id=\"row-2026046870\">\n\n\t<div id=\"col-1259045850\" class=\"col col-receta-home medium-6 small-12 large-6\"  >\n\t\t<div class=\"col-inner text-center\"  >\n\t\t\t\n\t\t\t\n<div class=\"aclonica fs26 naranja\" style=\"margin-bottom: 30px;\">Burger con verduras<br \/>\ny c\u00f3ctel del infierno<\/div>\n<p>Sorprende a tus invitados en tu fiesta de <em>#Halloween<\/em> con esta receta de <strong>Burger de Pollo con Calabaza asada y pipas<\/strong>, verduras y c\u00f3ctel del infierno hecho de naranja, melocot\u00f3n y guindilla. <strong class=\"show-for-small\">\u00a1Est\u00e1 de miedo!<\/strong><\/p>\n<p class=\"hide-for-small\"><strong>\u00a1Est\u00e1 de miedo!<\/strong><\/p>\n<p><a class=\"light\" style=\"border-bottom: solid 2px #d5782f; font-size: 80%; display: inline-block; padding-bottom: 2px;\" href=\"https:\/\/pasateaserrano.com\/halloween\/burger-con-verduras-y-coctel-del-infierno\/\">VER RECETA<\/a><\/p>\n\t\t<\/div>\n\t\t\t<\/div>\n\n\t\n\n\t<div id=\"col-2106580506\" class=\"col medium-6 small-12 large-6 small-col-first\"  >\n\t\t<div class=\"col-inner\"  >\n\t\t\t\n\t\t\t\n\n  <div class=\"banner has-hover receta-home rebota-der\" id=\"banner-579388925\">\n          <div class=\"banner-inner fill\">\n        <div class=\"banner-bg fill\" >\n            <div class=\"bg fill bg-fill \"><\/div>\n                                    \n\t<div class=\"is-border\"\n\t\tstyle=\"border-color:rgb(213, 120, 47);border-width:5px 5px 5px 5px;\">\n\t<\/div>\n                    <\/div>\n        <div class=\"banner-layers container\">\n            <a class=\"fill\" href=\"https:\/\/pasateaserrano.com\/halloween\/burger-con-verduras-y-coctel-del-infierno\/\"  ><div class=\"fill banner-link\"><\/div><\/a>            \n        <\/div>\n      <\/div>\n\n            \n<style>\n#banner-579388925 {\n  padding-top: 66%;\n  background-color: rgb(255,255,255);\n}\n#banner-579388925 .bg.bg-loaded {\n  background-image: url(https:\/\/pasateaserrano.com\/halloween\/wp-content\/uploads\/2020\/10\/hamburguesa-calabaza-halloween-plato-1024x683.jpg);\n}\n<\/style>\n  <\/div>\n\n\n\t<div class=\"img has-hover mancha-receta x md-x lg-x y md-y lg-y\" id=\"image_36899764\">\n\t\t\t\t\t\t\t\t<div class=\"img-inner dark\" >\n\t\t\t<img decoding=\"async\" width=\"1200\" height=\"601\" src=\"https:\/\/pasateaserrano.com\/halloween\/wp-content\/uploads\/2020\/10\/mancha-bg-receta.jpg\" class=\"attachment-original size-original\" alt=\"\" srcset=\"https:\/\/pasateaserrano.com\/halloween\/wp-content\/uploads\/2020\/10\/mancha-bg-receta.jpg 1200w, https:\/\/pasateaserrano.com\/halloween\/wp-content\/uploads\/2020\/10\/mancha-bg-receta-300x150.jpg 300w, https:\/\/pasateaserrano.com\/halloween\/wp-content\/uploads\/2020\/10\/mancha-bg-receta-1024x513.jpg 1024w, https:\/\/pasateaserrano.com\/halloween\/wp-content\/uploads\/2020\/10\/mancha-bg-receta-768x385.jpg 768w\" sizes=\"(max-width: 1200px) 100vw, 1200px\" \/>\t\t\t\t\t\t\n\t\t\t\t\t<\/div>\n\t\t\t\t\t\t\t\t\n<style>\n#image_36899764 {\n  width: 100%;\n}\n<\/style>\n\t<\/div>\n\t\n\t\t<\/div>\n\t\t\t<\/div>\n\n\t\n<\/div>\n<div class=\"row\"  id=\"row-520056241\">\n\n\t<div id=\"col-973122628\" class=\"col medium-6 small-12 large-6\"  >\n\t\t<div class=\"col-inner\"  >\n\t\t\t\n\t\t\t\n\n  <div class=\"banner has-hover receta-home rebota-izq\" id=\"banner-1294248657\">\n          <div class=\"banner-inner fill\">\n        <div class=\"banner-bg fill\" >\n            <div class=\"bg fill bg-fill \"><\/div>\n                                    \n\t<div class=\"is-border\"\n\t\tstyle=\"border-color:rgb(213, 120, 47);border-width:5px 5px 5px 5px;\">\n\t<\/div>\n                    <\/div>\n        <div class=\"banner-layers container\">\n            <a class=\"fill\" href=\"https:\/\/pasateaserrano.com\/halloween\/burger-zombie\/\"  ><div class=\"fill banner-link\"><\/div><\/a>            \n        <\/div>\n      <\/div>\n\n            \n<style>\n#banner-1294248657 {\n  padding-top: 66%;\n  background-color: rgb(255,255,255);\n}\n#banner-1294248657 .bg.bg-loaded {\n  background-image: url(https:\/\/pasateaserrano.com\/halloween\/wp-content\/uploads\/2020\/10\/hamburguesa-calabaza-halloween-zombie-1024x683.jpg);\n}\n<\/style>\n  <\/div>\n\n\n\t<div class=\"img has-hover mancha-receta x md-x lg-x y md-y lg-y\" id=\"image_1353729528\">\n\t\t\t\t\t\t\t\t<div class=\"img-inner dark\" >\n\t\t\t<img decoding=\"async\" width=\"1200\" height=\"601\" src=\"https:\/\/pasateaserrano.com\/halloween\/wp-content\/uploads\/2020\/10\/mancha-bg-receta.jpg\" class=\"attachment-original size-original\" alt=\"\" srcset=\"https:\/\/pasateaserrano.com\/halloween\/wp-content\/uploads\/2020\/10\/mancha-bg-receta.jpg 1200w, https:\/\/pasateaserrano.com\/halloween\/wp-content\/uploads\/2020\/10\/mancha-bg-receta-300x150.jpg 300w, https:\/\/pasateaserrano.com\/halloween\/wp-content\/uploads\/2020\/10\/mancha-bg-receta-1024x513.jpg 1024w, https:\/\/pasateaserrano.com\/halloween\/wp-content\/uploads\/2020\/10\/mancha-bg-receta-768x385.jpg 768w\" sizes=\"(max-width: 1200px) 100vw, 1200px\" \/>\t\t\t\t\t\t\n\t\t\t\t\t<\/div>\n\t\t\t\t\t\t\t\t\n<style>\n#image_1353729528 {\n  width: 100%;\n}\n<\/style>\n\t<\/div>\n\t\n\t\t<\/div>\n\t\t\t<\/div>\n\n\t\n\n\t<div id=\"col-324532141\" class=\"col col-receta-home medium-6 small-12 large-6\"  >\n\t\t<div class=\"col-inner text-center\"  >\n\t\t\t\n\t\t\t\n<div class=\"aclonica fs26 naranja\" style=\"margin-bottom: 30px;\">Burger Zombi<\/div>\n<p>Descubre c\u00f3mo preparar la receta zombi y sorprende a los m\u00e1s peque\u00f1os en una de las noches m\u00e1s divertidas del a\u00f1o. <strong>Burger de Pollo con Calabaza asada y pipas<\/strong>, cintas de calabac\u00edn, esp\u00e1rragos, pimientos y brotes verdes, acompa\u00f1ados de baos de hummus con ojos y dientes de pepino. <strong class=\"show-for-small\">\u00bfTe atreves?<\/strong><\/p>\n<p class=\"hide-for-small\"><strong>\u00bfTe atreves?<\/strong><\/p>\n<p><a class=\"light\" style=\"border-bottom: solid 2px #d5782f; font-size: 80%; display: inline-block; padding-bottom: 2px;\" href=\"https:\/\/pasateaserrano.com\/halloween\/burger-zombie\/\">VER RECETA<\/a><\/p>\n\t\t<\/div>\n\t\t\t<\/div>\n\n\t\n<\/div>\n\t\t<\/div>\n\n\t\t\n<style>\n#section_2112762220 {\n  padding-top: 30px;\n  padding-bottom: 30px;\n}\n#section_2112762220 .section-bg.bg-loaded {\n  background-image: url(https:\/\/pasateaserrano.com\/halloween\/wp-content\/uploads\/2020\/10\/tela-arana-bg.png);\n}\n#section_2112762220 .section-bg {\n  background-position: 50% 0%;\n}\n<\/style>\n\t<\/section>\n\t\n\t<div id=\"gap-1572981424\" class=\"gap-element clearfix\" style=\"display:block; height:auto;\">\n\t\t\n<style>\n#gap-1572981424 {\n  padding-top: 25vw;\n}\n<\/style>\n\t<\/div>\n\t\n<div style=\"position:relative;\">\n<div id=\"calabaza\"><img decoding=\"async\" src=\"https:\/\/pasateaserrano.com\/halloween\/wp-content\/uploads\/2020\/10\/calabaza-texto.png\" alt=\"Calabaza\" style=\"width:40vw; position:absolute;z-index:10;right:2vw;bottom:-120px;\"\/><\/p>\n<\/div>\n<\/div>\n\t<section class=\"section footer-negro\" id=\"section_1770952283\">\n\t\t<div class=\"bg section-bg fill bg-fill  bg-loaded\" >\n\n\t\t\t\n\t\t\t\n\t\t\t\n\n\t\t<\/div>\n\n\t\t<div class=\"section-content relative\">\n\t\t\t\n\n<div class=\"row row-collapse align-middle\"  id=\"row-644857249\">\n\n\n\t<div id=\"col-1821777576\" class=\"col medium-2 small-12 large-2\"  >\n\t\t<div class=\"col-inner\"  >\n\t\t\t\n\t\t\t\n\n<div style=\"padding-left: 20px;\">\n<a href=\"https:\/\/pasateaserrano.com\/halloween\/\"><img decoding=\"async\" style=\"height: 60px;\" src=\"https:\/\/pasateaserrano.com\/halloween\/wp-content\/uploads\/2020\/10\/serrano-logo.png\" alt=\"Serrano\" \/><\/a><\/div>\n\n\t\t<\/div>\n\t\t\t<\/div>\n\n\t\n\n\t<div id=\"col-849363408\" class=\"col medium-5 small-12 large-5\"  >\n\t\t<div class=\"col-inner\"  >\n\t\t\t\n\t\t\t\n\n<div class=\"social-footer\"><a href=\"https:\/\/www.instagram.com\/serrano_carnicas\/\" target=\"_blank\" rel=\"noopener noreferrer\"><img decoding=\"async\" src=\"https:\/\/pasateaserrano.com\/halloween\/wp-content\/uploads\/2020\/10\/instagram.png\" \/><\/a> <a href=\"https:\/\/es-es.facebook.com\/pasateaserrano\/\" target=\"_blank\" rel=\"noopener noreferrer\"><img decoding=\"async\" src=\"https:\/\/pasateaserrano.com\/halloween\/wp-content\/uploads\/2020\/10\/facebook.png\" \/><\/a> <a href=\"https:\/\/www.youtube.com\/PasateaSerrano\" target=\"_blank\" rel=\"noopener noreferrer\"><img decoding=\"async\" src=\"https:\/\/pasateaserrano.com\/halloween\/wp-content\/uploads\/2020\/10\/youtube.png\" \/><\/a> <a href=\"https:\/\/twitter.com\/serranocarnicas\/\" target=\"_blank\" rel=\"noopener noreferrer\"><img decoding=\"async\" src=\"https:\/\/pasateaserrano.com\/halloween\/wp-content\/uploads\/2020\/10\/twitter.png\" \/><\/a><\/div>\n<div class=\"link-pasate\"><a class=\"blanco\" href=\"https:\/\/pasateaserrano.com\">www.<strong>pasateaserrano<\/strong>.com<\/a><\/div>\n\n\t\t<\/div>\n\t\t\t<\/div>\n\n\t\n\n<\/div>\n\n\t\t<\/div>\n\n\t\t\n<style>\n#section_1770952283 {\n  padding-top: 30px;\n  padding-bottom: 30px;\n  background-color: #222221;\n}\n<\/style>\n\t<\/section>\n\t\n","protected":false},"excerpt":{"rendered":"","protected":false},"author":1,"featured_media":0,"parent":0,"menu_order":0,"comment_status":"closed","ping_status":"closed","template":"page-transparent-header.php","meta":{"footnotes":""},"class_list":["post-9","page","type-page","status-publish","hentry"],"_links":{"self":[{"href":"https:\/\/pasateaserrano.com\/halloween\/wp-json\/wp\/v2\/pages\/9","targetHints":{"allow":["GET"]}}],"collection":[{"href":"https:\/\/pasateaserrano.com\/halloween\/wp-json\/wp\/v2\/pages"}],"about":[{"href":"https:\/\/pasateaserrano.com\/halloween\/wp-json\/wp\/v2\/types\/page"}],"author":[{"embeddable":true,"href":"https:\/\/pasateaserrano.com\/halloween\/wp-json\/wp\/v2\/users\/1"}],"replies":[{"embeddable":true,"href":"https:\/\/pasateaserrano.com\/halloween\/wp-json\/wp\/v2\/comments?post=9"}],"version-history":[{"count":32,"href":"https:\/\/pasateaserrano.com\/halloween\/wp-json\/wp\/v2\/pages\/9\/revisions"}],"predecessor-version":[{"id":190,"href":"https:\/\/pasateaserrano.com\/halloween\/wp-json\/wp\/v2\/pages\/9\/revisions\/190"}],"wp:attachment":[{"href":"https:\/\/pasateaserrano.com\/halloween\/wp-json\/wp\/v2\/media?parent=9"}],"curies":[{"name":"wp","href":"https:\/\/api.w.org\/{rel}","templated":true}]}}