{"id":318,"date":"2025-06-25T10:32:37","date_gmt":"2025-06-25T10:32:37","guid":{"rendered":"https:\/\/pasateaserrano.com\/tutoque\/?page_id=318"},"modified":"2025-08-26T11:55:17","modified_gmt":"2025-08-26T11:55:17","slug":"bases-legales-2","status":"publish","type":"page","link":"https:\/\/pasateaserrano.com\/tutoque\/index.php\/bases-legales-2","title":{"rendered":"Bases Legales"},"content":{"rendered":"\t\t<div data-elementor-type=\"wp-post\" data-elementor-id=\"318\" class=\"elementor elementor-318\" data-elementor-post-type=\"page\">\n\t\t\t\t<div class=\"elementor-element elementor-element-74d3889 e-flex e-con-boxed e-con e-parent\" data-id=\"74d3889\" data-element_type=\"container\" data-settings=\"{&quot;background_background&quot;:&quot;classic&quot;}\">\n\t\t\t\t\t<div class=\"e-con-inner\">\n\t\t\t\t<div class=\"elementor-element elementor-element-d6a5018 elementor-widget elementor-widget-text-editor\" data-id=\"d6a5018\" data-element_type=\"widget\" data-widget_type=\"text-editor.default\">\n\t\t\t\t<div class=\"elementor-widget-container\">\n\t\t\t\t\t\t\t\t\t<p>Bases Legales<\/p>\t\t\t\t\t\t\t\t<\/div>\n\t\t\t\t<\/div>\n\t\t\t\t<div class=\"elementor-element elementor-element-d7ecef1 elementor-widget elementor-widget-text-editor\" data-id=\"d7ecef1\" data-element_type=\"widget\" data-widget_type=\"text-editor.default\">\n\t\t\t\t<div class=\"elementor-widget-container\">\n\t\t\t\t\t\t\t\t\t<p><strong>Bases de la campa\u00f1a promocional: <br \/>HAZLO TUYO, A\u00d1ADE TU TOQUE &#8211; SERRANO<\/strong><\/p><p><strong>CONCURSO SORTEO DE 1 VIAJE PARA DOS PERSONAS A COSTA BALNCA (CALPE). <\/strong><\/p><p><strong>*dentro de las opciones y condiciones ofertadas.<\/strong><\/p><p>Empresa Responsable de la Promoci\u00f3n: C\u00c1RNICAS SERRANO S.L<\/p><p>Fechas de la Promoci\u00f3n: desde las 10:00 horas del d\u00eda <strong>1\u00a0de septiembre de 2025<\/strong>, hasta las 23:59 horas del d\u00eda\u00a0<strong>15 de octubre de 2025<\/strong>.<br \/>\u00c1mbito: Espa\u00f1a<br \/>P\u00fablico objetivo: Consumidor final.<br \/>Sector: Alimentaci\u00f3n.<br \/>Sorteo.<br \/>\u2013 Periodo:<br \/>Fecha de inicio: 01\/09\/2025 Fecha de finalizaci\u00f3n: 15\/10\/2025.<\/p><p>Fecha del sorteo: 29\/10\/2025<\/p><p><strong>A.- SUJETO ACTIVO DE LA PROMOCI\u00d3N:<\/strong><br \/>Personas f\u00edsicas vivas y residentes legalmente en Espa\u00f1a durante la Promoci\u00f3n, mayores de edad o emancipadas civilmente, y que no se encuentren limitados, conforme a la normativa legal de aplicaci\u00f3n, en su capacidad jur\u00eddica ni de obrar.<\/p><p><strong>B.- M\u00c9TODO DE PARTICIPACI\u00d3N: \u00daNICO A TRAV\u00c9S DEL MICROSITE WEB<\/strong><br \/>PARTICIPACI\u00d3N: ACCESO A TRAV\u00c9S DE LA P\u00c1GINA WEB <a href=\"http:\/\/www.pasateaserrano.com\">www.pasateaserrano.com<\/a><br \/>Teniendo acceso a internet desde cualquier dispositivo con dicha disponibilidad habilitada, se acceder\u00e1 a la p\u00e1gina web\u00a0<a href=\"http:\/\/www.pasateaserrano.com\/\">www.pasateaserrano.com<\/a>\u00a0(<em>micro-site<\/em>), donde se re-acceder\u00e1 al v\u00ednculo habilitado en dicha p\u00e1gina web para la promoci\u00f3n, en el cual, una vez cargado completamente, se deber\u00e1 incorporar por el sujeto interviniente el C\u00d3DIGO (<em>pin-code<\/em>) rese\u00f1ado en el envase del producto promocionado que haya adquirido.<br \/>Se entender\u00e1 por C\u00d3DIGO (<em>pin-code<\/em>) la nomenclatura alfanum\u00e9rica que aparecer\u00e1 impresa en el dorso de la etiqueta del envase del producto de manera destacada al efecto.<br \/>La participaci\u00f3n v\u00eda web requiere que el sujeto pasivo facilite una serie de datos al objeto de contactar con el mismo caso de resultar premiado, y que deben ser introducidos manualmente por el usuario participante mediante su inclusi\u00f3n en el apartado existente al efecto en el micro-site de la p\u00e1gina web. Dichos datos son tratados de acuerdo con la pol\u00edtica de privacidad de la empresa promotora, que se describe a continuaci\u00f3n:<\/p><p>POL\u00cdTICA DE PRIVACIDAD \u2013<\/p><p>En cumplimiento de la normativa vigente en materia de protecci\u00f3n de datos personales (Reglamento General de Protecci\u00f3n de Datos UE 2016\/679 \u2013RGPD-, y la Ley Org\u00e1nica 3\/2018, de 5 de diciembre, de Protecci\u00f3n de Datos Personales y garant\u00eda de los derechos digitales), le informamos que sus datos personales ser\u00e1n utilizados bajo las siguientes condiciones:<\/p><p><strong><u>Datos del responsable del tratamiento: <\/u><\/strong>C\u00c1RNICAS SERRANO, S.L. (CIF: B46114724)<\/p><p><strong><u>Datos recabados:<\/u><\/strong> Los datos que se utilizan son los siguientes: Datos de car\u00e1cter identificativos (Nombre, Apellidos, c\u00f3digo postal, correo electr\u00f3nico y tel\u00e9fono)<\/p><p><strong><u>Finalidades del tratamiento de los datos personales:<\/u><\/strong> Se utilizar\u00e1n los datos personales para realizar la gesti\u00f3n integral de la promoci\u00f3n o concurso: registro de participantes, verificaci\u00f3n del c\u00f3digo (pin-code) v\u00e1lido del participante, realizaci\u00f3n del sorteo, comunicaci\u00f3n del participante ganador, recogida del premio y publicitaci\u00f3n del ganador a trav\u00e9s de medios sociales y de comunicaci\u00f3n de la empresa promotora (redes sociales, web, etc.). Para cualquier uso de los datos que no pueda enmarcarse en este sorteo y sus bases legales, el organizador pedir\u00e1 autorizaci\u00f3n expresa al usuario (como, por ejemplo, permitir el env\u00edo de comunicaciones comerciales a trav\u00e9s de los medios facilitados por el participante). Con los datos personales recabados no se elaborar\u00e1n perfiles ni se realizar\u00e1n decisiones automatizadas.<\/p><p><strong><u>Legitimaci\u00f3n del tratamiento de los datos: <\/u><\/strong><\/p><ol><li>Datos necesarios para la ejecuci\u00f3n de un contrato, entendi\u00e9ndose como tal, el cumplimiento tanto de los Organizadores como del participante de las presentes bases legales.<\/li><li>Datos necesarios para cumplir con obligaciones legales. A t\u00edtulo enunciativo y no limitativo, el Real Decreto Legislativo 1\/2007, de 16 de noviembre, por el que se aprueba el texto refundido de la Ley General para la Defensa de los Consumidores y Usuarios y otras leyes complementarias.<\/li><li>Consentimiento del participante, en aquellos casos en los que el organizador los solicite expresamente.<\/li><\/ol><p>Para la participaci\u00f3n en la promoci\u00f3n, el interesado deber\u00e1 proporcionar la informaci\u00f3n m\u00ednima solicitada. En caso contrario, no podr\u00e1 ser v\u00e1lida su participaci\u00f3n.<\/p><p><strong><u>Destinatarios del tratamiento de datos: <\/u><\/strong>Los datos personales recabados ser\u00e1n comunicados en todos aquellos casos en que sea necesario para el desarrollo, cumplimiento y control de la promoci\u00f3n.\u00a0<\/p><p>El organizador\u00a0informa que, con car\u00e1cter general, no se realizan transferencias internacionales fuera del\u00a0Espacio\u00a0Econ\u00f3mico\u00a0Europeo (EEE). En el caso de que se produjera una transferencia de datos fuera del EEE, el organizador dispondr\u00e1 de las garant\u00edas adecuadas para realizar dicha transferencia, en virtud de los requerimientos que establece el Reglamento General de Protecci\u00f3n de Datos.<\/p><p><strong><u>Plazos de conservaci\u00f3n:<\/u><\/strong> Los datos ser\u00e1n conservados durante la duraci\u00f3n de la presente promoci\u00f3n. En concreto, se conservar\u00e1n los datos durante el tiempo necesario para cumplir con la finalidad para la que se recabaron y para determinar las posibles responsabilidades que se pudieran derivar de dicha finalidad y del tratamiento de los datos, conforme las normativas anteriormente expuestas. El plazo m\u00e1ximo de conservaci\u00f3n de los datos terminado la promoci\u00f3n ser\u00e1 el necesario para llevar a cabo la selecci\u00f3n y comunicaci\u00f3n del ganador (aproximadamente una semana adicional tras finalizar el periodo de vigencia de la promoci\u00f3n).<\/p><p><strong><u>Derechos de protecci\u00f3n de datos:<\/u><\/strong> De acuerdo con el Reglamento General de Protecci\u00f3n de Datos, podr\u00e1 ejercitar sus derechos sobre protecci\u00f3n de datos (acceso, rectificaci\u00f3n, oposici\u00f3n, supresi\u00f3n, limitaci\u00f3n, portabilidad y no ser objeto de decisiones individuales automatizadas) por correo electr\u00f3nico en rgpd@cserrano.es.<\/p><p>Podr\u00e1 requerirse documentaci\u00f3n que acredite la identidad del solicitante (copia del anverso del Documento Nacional de Identidad, o equivalente). La Reclamaci\u00f3n ante la Agencia Espa\u00f1ola de Protecci\u00f3n de Datos: a trav\u00e9s de su p\u00e1gina web o, directamente, en su sede electr\u00f3nica<\/p><p><strong><u>Menores de edad:<\/u><\/strong> La participaci\u00f3n en la promoci\u00f3n est\u00e1 limitada a al consumidor final. Las organizaciones no tratar\u00e1n datos personales de participantes con una edad inferior a los 14 a\u00f1os.<\/p><p><strong><u>Seguridad:<\/u><\/strong> Los Responsables establecer\u00e1n las medidas de \u00edndole t\u00e9cnicas y organizativas necesarias para garantizar la seguridad que deben reunir los ficheros automatizados, los centros de tratamiento, locales, equipos, sistemas, programas y personas que intervengan en el tratamiento automatizado de los datos de car\u00e1cter personal en la forma legal y reglamentariamente prevista.<\/p><p><strong><u>Veracidad de los datos:<\/u><\/strong> Los datos facilitados por los intervinientes en la promoci\u00f3n deben ser reales y veraces y coincidentes con la persona aspirante al premio, y no corresponder a menores o incapaces, por cuanto los mismos no son adverados ni contrastados por la compa\u00f1\u00eda promotora, quedando \u00e9sta exonerada de cualquier responsabilidad en su tratamiento,\u00a0da\u00f1os o perjuicios o vulneraci\u00f3n de derechos, que pudiera derivarse por su inexactitud, alteraci\u00f3n, suplantaci\u00f3n\u2026etc., de quien los facilita.<\/p><p><strong>C.- REGLAS APLICABLES.\u00a0<\/strong><br \/>1.- Cada c\u00f3digo s\u00f3lo podr\u00e1 ser utilizado una \u00fanica vez por cada regalo al que se opte, es decir, solo podr\u00e1 utilizarse el c\u00f3digo una \u00fanica vez de manera excluyente por acceso web, pero en ning\u00fan caso se podr\u00e1 emplear ese c\u00f3digo de manera conjunta o simult\u00e1nea por otras v\u00edas de acceso con el fin de tener m\u00e1s oportunidades de obtener el premio.<br \/>2.- La incorporaci\u00f3n de c\u00f3digos a trav\u00e9s de la p\u00e1gina web, s\u00f3lo se realizar\u00e1n durante el periodo de vigencia de la promoci\u00f3n.<br \/>3.- El sujeto participante de la promoci\u00f3n, deber\u00e1 conservar la prueba de compra acreditativa de la adquisici\u00f3n del producto promocionado y que incorpore el c\u00f3digo utilizado, quien deber\u00e1 exhibirlo a la organizaci\u00f3n de la empresa promotora al momento de la aceptaci\u00f3n y entrega de premio, perdiendo todo derecho, caso de no exhibirlo, canjearlo en dicho momento. Ser\u00e1n nulas todas las pruebas de compra alteradas, manipuladas, indescifrables, ilegibles\u2026etc. En ning\u00fan caso, la compa\u00f1\u00eda promotora devolver\u00e1 al participante la prueba de compra una vez constatada la misma. Las pruebas de compra deber\u00e1n ser cursadas o remitidas a la organizaci\u00f3n por el medio designado por esta. Se entregar\u00e1n a los miembros que la organizaci\u00f3n designe al efecto y especialmente para la recepci\u00f3n de la prueba de compra. No har\u00e1n prueba de la prueba de compra, valga la redundancia, los justificantes de remisi\u00f3n de correo, paqueter\u00eda, mensajer\u00eda o por cualquier otra v\u00eda o conducto, de dicho elemento justificativo del premio.<br \/>4.- Los c\u00f3digos agraciados resultan seleccionados mediante sorteo secreto realizado de manera aleatoria por un programa inform\u00e1tico, consistente en que durante el d\u00eda\u00a0<strong>29\/10\/2025\u00a0<\/strong>y en una hora y minuto concreto de dicho d\u00eda, se seleccionan por azar los c\u00f3digos agraciados con la presencia de Notario durante todo el proceso, quien adverar\u00e1 dicha lista resultante y la protocolizar\u00e1 de manera inmediata.<br \/>5.- La Organizaci\u00f3n de la empresa promotora contactar\u00e1 con el participante agraciado en cada caso seg\u00fan los datos de contacto e identificaci\u00f3n consignados por \u00e9ste en el micro-site web, durante los 7 d\u00edas h\u00e1biles a la celebraci\u00f3n del sorteo, a fin de informarle de dicha circunstancia y de todos los detalles de la entrega del premio.\u00a0<strong>El ganador dispondr\u00e1 de 15 d\u00edas naturales<\/strong>\u00a0para justificar su condici\u00f3n de ganador y remitir la documentaci\u00f3n que le empresa promotora le solicite, trascurrido este plazo sin que la empresa promotora reciba comunicaci\u00f3n fehaciente por parte del agraciado en cuesti\u00f3n, \u00e9ste perder\u00e1 tal condici\u00f3n y, por ende, perder\u00e1 el derecho a percibir el premio del que se trate sin que nada pueda reclamar por este concepto. Pasado este plazo pues, se proceder\u00eda a contactar con el primera reserva con los mismos plazos y condiciones y as\u00ed hasta agotar los reservas si fuera necesario hasta el total de los designados por el notario.<br \/>Si el premio quedara desierto por no ser reclamado en tiempo y forma, por descalificaci\u00f3n o por no cumplirse las siguientes bases por los intervinientes, la promotora podr\u00e1 disponer de ellos conforme a sus intereses.<br \/>6.- Contactado con el ganador de un premio en la manera expuesta anteriormente, se le remitir\u00e1 por parte de la empresa promotora una carta a fin de que dicho agraciado acepte el premio en cuesti\u00f3n y acepte la cesi\u00f3n de derechos de imagen\u00a0 de utilizaci\u00f3n de sus datos personales con el fin de poderlos utilizar, en su caso, para publicitar su condici\u00f3n de agraciado en la promoci\u00f3n, sin que ello de derecho a remuneraci\u00f3n, pago o contraprestaci\u00f3n econ\u00f3mica de ning\u00fan tipo.<br \/>7.- La empresa promotora podr\u00e1 exponer en su p\u00e1gina web la lista de todos los premiados y tambi\u00e9n en sus redes sociales. <br \/>8.- La carta de aceptaci\u00f3n y de\u00a0cesi\u00f3n de derechos de imagen y utilizaci\u00f3n de datos personales deber\u00e1n ser cumplimentadas en todos sus extremos por el ganador en el plazo de 7 d\u00edas naturales desde la recepci\u00f3n de la carta. En el supuesto que el agraciado no cumplimente la carta referida, o lo haga de manera incompleta o no veraz, dentro de dicho t\u00e9rmino concedido, la organizaci\u00f3n entender\u00e1 por no aceptado el premio y por renunciado al mismo, quedando desierto el premio, pudiendo disponer de \u00e9l conforme a sus intereses.<br \/>9.- El premio no se puede canjear ni por dinero ni por otro regalo y es personal e intransferible.<br \/>10.- Estas normas son de aplicaci\u00f3n para los participantes y ganadores del sorteo.<br \/>11- En caso de no contestar el ganador en los d\u00edas estipulados en estas Bases Legales, se asignar\u00e1 el premio al primer reserva y as\u00ed sucesivamente hasta conseguir un ganador.<\/p><p><strong>D.- DESCRIPCI\u00d3N DE LOS PREMIOS DE LA PROMOCION.\u00a0<\/strong><br \/>1.- Cada persona interviniente tendr\u00e1 derecho a acceder a un \u00fanico premio de la promoci\u00f3n con el c\u00f3digo utilizado.<br \/>2.- El premio es personal e intransferible, y no podr\u00e1 canjearse por ning\u00fan otro elemento, ni en efectivo ni en especie.<br \/>3.- El premio no podr\u00e1 ser cedido ni comprometido con terceros.<\/p><p>DESCRIPCI\u00d3N DEL PREMIO<br \/>El premio al que se opta en esta promoci\u00f3n concreta a trav\u00e9s del sistema de participaci\u00f3n v\u00eda p\u00e1gina web es el consistente en un viaje para un m\u00e1ximo de 2 personas a Costa Blanca (Calpe) \u00a0con estancia m\u00e1xima de 4 d\u00edas en r\u00e9gimen de desayuno incluido con traslados.<\/p><ul><li><strong><em>Desplazamientos en avi\u00f3n\/tren ida y vuelta para 2 personas.<\/em><\/strong><\/li><li><strong><em>Traslados del hotel al aeropuerto y viceversa.<\/em><\/strong><\/li><li><strong><em>Estancia en el hotel contemplado en media pensi\u00f3n con circuito de spa y masaje relax.<\/em><\/strong><\/li><li><strong><em>Seguro de viaje.<\/em><\/strong><\/li><\/ul><p><strong><em>\u00a0<\/em><\/strong>D.1.- POSIBILIDAD DE MODIFICACIONES:<br \/>No es aplicable en temporada alta.<\/p><p><strong>E.- CAUSAS DE DESCALIFICACION DE UN PARTICIPANTE EN LA PROMOCION.<\/strong><br \/>Se pretende que la promoci\u00f3n se produzca en t\u00e9rminos de igualdad de oportunidades para todos sus intervinientes y con estricto respeto a las normas de la buena fe que deben imperar en toda promoci\u00f3n. Por ello, cualquier actitud o utilizaci\u00f3n abusiva o fraudulenta de las presentes bases dar\u00e1 lugar a la consiguiente descalificaci\u00f3n del participante que se vea implicado en tal actuaci\u00f3n.<br \/>En todo caso, la organizaci\u00f3n entiende que, sin car\u00e1cter taxativo y cerrado, se produce fraude o abuso cuando:<br \/>1. Se intenta introducir un c\u00f3digo falso, o perteneciente a otros productos distintos de los productos afectados por la presente promoci\u00f3n.<br \/>2. Se intenta falsificar el c\u00f3digo o alterarlo por cualquier medio manual, inform\u00e1tico, tecnol\u00f3gico\u2026etc.<br \/>3. Se empleen medios masivos de env\u00edo de mensajes o de introducci\u00f3n de datos con c\u00f3digos aleatorios basados en la misma nomenclatura y codificaci\u00f3n utilizada en los productos promocionados sin haber sido adquiridos estos mediante su compra.<br \/>4.- Se incorporen c\u00f3digos sin haber adquirido el consumidor-participante el producto en los oportunos establecimientos donde se comercializa.<\/p><p>La constataci\u00f3n de cualquiera de estas circunstancias durante la promoci\u00f3n, incluso finalizada la misma, supondr\u00e1 la descalificaci\u00f3n autom\u00e1tica del participante y la revocaci\u00f3n del premio caso de haber sido agraciado el mismo. En todo caso, la organizaci\u00f3n de la promoci\u00f3n se reserva el derecho de ejercitar las acciones legales que le asistan contra los infractores, aun en el supuesto de que ya hubieren obtenido los premios y disfrutado de los mismos.<\/p><p><strong>F.- LEGISLACI\u00d3N APLICABLE:<\/strong> Esta promoci\u00f3n se rige por la legislaci\u00f3n vigente en Espa\u00f1a, y por las presentes Bases que han sido depositadas ante el Notario de Paterna, don Gabriel D\u00edaz Sevillano, o quien legalmente le sustituya.<\/p><p><strong>G.- MODIFICACIONES Y\/O ANEXOS:<\/strong>\u00a0La empresa organizadora de la promoci\u00f3n se reserva el derecho a realizar modificaciones o a\u00f1adir anexos sucesivos sobre su mec\u00e1nica y premios, siempre que las mismas est\u00e9n justificadas y\/o no perjudiquen a los participantes, y se comuniquen a \u00e9stos debidamente de manera fehaciente o con suficiente notoriedad o publicidad.<\/p><p><strong>H.- RETENCI\u00d3N FISCAL:<\/strong> De conformidad con la normativa del Impuesto sobre la Renta de las Personas F\u00edsicas, los premios concedidos por la participaci\u00f3n en juegos, concursos, rifas, o combinaciones alternativas vinculadas a la venta o promoci\u00f3n de bienes o servicios est\u00e1n sujetos a retenci\u00f3n o ingreso a cuenta siempre que el valor del premio sea superior a 300 Euros. Sin perjuicio de lo anterior, el participante agraciado que finalmente disfrutara del premio deber\u00e1 en su caso, y ser\u00e1 de su cuenta y riesgo, el incorporar el valor del premio en su correspondiente declaraci\u00f3n fiscal.<\/p><p><strong>I.- EXCLUSIONES:<\/strong> Quedan expresamente excluidos de la participaci\u00f3n en esta Promoci\u00f3n todos los empleados de la compa\u00f1\u00eda organizadora del evento, as\u00ed como sus familiares hasta el primer grado.<\/p><p><strong>J.- IDENTIFICACI\u00d3N:\u00a0<\/strong>La identidad de los participantes y ganadores se acreditar\u00e1 exclusivamente por medio de documentos oficiales (D.N.I. y pasaporte o N.I.E. para residentes no nacionales). Dichos documentos se deber\u00e1n encontrar en vigor al momento del inicio de la promoci\u00f3n y hasta la entrega y disfrute del premio en cuesti\u00f3n.).<\/p><p><strong>K.- PARTICIPACI\u00d3N A TRAV\u00c9S DE INTERNET.<\/strong> La promotora excluye cualquier responsabilidad por da\u00f1os y perjuicios de toda naturaleza que puedan generarse por la falta temporal de disponibilidad o de continuidad del funcionamiento del programa mediante el cual se participa en la promoci\u00f3n, a la defraudaci\u00f3n de la utilidad que los usuarios hubieren podido atribuir al mismo, y en particular, aunque no de modo exclusivo, a los fallos en el acceso a las distintas p\u00e1ginas, y env\u00edos de datos de participaci\u00f3n.<\/p><p><strong>L.- ENTREGA DE PREMIOS:<\/strong> Los premios a los ganadores son nominativos y ser\u00e1n entregados exclusivamente dentro del territorio espa\u00f1ol y portugu\u00e9s en el lugar que la promotora participe fehacientemente al agraciado, por tanto, la tramitaci\u00f3n y gastos de exportaci\u00f3n para un ganador no residente en Espa\u00f1a o Portugal correr\u00e1n a cargo del beneficiario.<\/p><p><strong>M.- DERECHO DE ELIMINACI\u00d3N PARTICIPACIONES FRAUDULENTAS:<\/strong> La promotora se reserva el derecho de eliminar justificadamente a cualquier usuario que defraude, abuse, altere o inutilice el buen funcionamiento y el transcurso normal y reglamentario de la presente Promoci\u00f3n.<\/p><p><strong>N.- ACEPTACI\u00d3N DE LAS PRESENTES BASES:\u00a0<\/strong>La mera participaci\u00f3n en esta Promoci\u00f3n supone la aceptaci\u00f3n de las presentes Bases como documento de car\u00e1cter obligacional que vincula a los intervinientes.<\/p>\t\t\t\t\t\t\t\t<\/div>\n\t\t\t\t<\/div>\n\t\t\t\t\t<\/div>\n\t\t\t\t<\/div>\n\t\t\t\t<\/div>\n\t\t","protected":false},"excerpt":{"rendered":"<p>Bases Legales Bases de la campa\u00f1a promocional: HAZLO TUYO, A\u00d1ADE TU TOQUE &#8211; SERRANO CONCURSO SORTEO DE 1 VIAJE PARA DOS PERSONAS A COSTA BALNCA (CALPE). *dentro de las opciones y condiciones ofertadas. Empresa Responsable de la Promoci\u00f3n: C\u00c1RNICAS SERRANO S.L Fechas de la Promoci\u00f3n: desde las 10:00 horas del d\u00eda 1\u00a0de septiembre de 2025, [&hellip;]<\/p>\n","protected":false},"author":1,"featured_media":0,"parent":0,"menu_order":0,"comment_status":"closed","ping_status":"closed","template":"","meta":{"footnotes":""},"class_list":["post-318","page","type-page","status-publish","hentry"],"_links":{"self":[{"href":"https:\/\/pasateaserrano.com\/tutoque\/index.php\/wp-json\/wp\/v2\/pages\/318","targetHints":{"allow":["GET"]}}],"collection":[{"href":"https:\/\/pasateaserrano.com\/tutoque\/index.php\/wp-json\/wp\/v2\/pages"}],"about":[{"href":"https:\/\/pasateaserrano.com\/tutoque\/index.php\/wp-json\/wp\/v2\/types\/page"}],"author":[{"embeddable":true,"href":"https:\/\/pasateaserrano.com\/tutoque\/index.php\/wp-json\/wp\/v2\/users\/1"}],"replies":[{"embeddable":true,"href":"https:\/\/pasateaserrano.com\/tutoque\/index.php\/wp-json\/wp\/v2\/comments?post=318"}],"version-history":[{"count":19,"href":"https:\/\/pasateaserrano.com\/tutoque\/index.php\/wp-json\/wp\/v2\/pages\/318\/revisions"}],"predecessor-version":[{"id":820,"href":"https:\/\/pasateaserrano.com\/tutoque\/index.php\/wp-json\/wp\/v2\/pages\/318\/revisions\/820"}],"wp:attachment":[{"href":"https:\/\/pasateaserrano.com\/tutoque\/index.php\/wp-json\/wp\/v2\/media?parent=318"}],"curies":[{"name":"wp","href":"https:\/\/api.w.org\/{rel}","templated":true}]}}