{"id":464,"date":"2025-07-03T11:40:11","date_gmt":"2025-07-03T11:40:11","guid":{"rendered":"https:\/\/pasateaserrano.com\/tutoque\/?page_id=464"},"modified":"2025-07-08T06:26:49","modified_gmt":"2025-07-08T06:26:49","slug":"mazorca-toppings-horno","status":"publish","type":"page","link":"https:\/\/pasateaserrano.com\/tutoque\/index.php\/mazorca-toppings-horno","title":{"rendered":"Mazorca al grill con Toppings al Horno"},"content":{"rendered":"\t\t<div data-elementor-type=\"wp-post\" data-elementor-id=\"464\" class=\"elementor elementor-464\" data-elementor-post-type=\"page\">\n\t\t\t\t<div class=\"elementor-element elementor-element-e094418 e-con-full e-flex e-con e-parent\" data-id=\"e094418\" data-element_type=\"container\" data-settings=\"{&quot;background_background&quot;:&quot;classic&quot;}\">\n\t\t<div class=\"elementor-element elementor-element-55a9c59 e-con-full e-flex e-con e-child\" data-id=\"55a9c59\" data-element_type=\"container\">\n\t\t\t\t<div class=\"elementor-element elementor-element-2c8b675 elementor-widget elementor-widget-text-editor\" data-id=\"2c8b675\" data-element_type=\"widget\" data-widget_type=\"text-editor.default\">\n\t\t\t\t<div class=\"elementor-widget-container\">\n\t\t\t\t\t\t\t\t\t<p>Mazorcas al grill con Toppings al Horno<\/p>\t\t\t\t\t\t\t\t<\/div>\n\t\t\t\t<\/div>\n\t\t\t\t<div class=\"elementor-element elementor-element-a796df7 elementor-align-center animated-fast elementor-invisible elementor-widget elementor-widget-button\" data-id=\"a796df7\" data-element_type=\"widget\" data-settings=\"{&quot;_animation&quot;:&quot;slideInUp&quot;}\" data-widget_type=\"button.default\">\n\t\t\t\t<div class=\"elementor-widget-container\">\n\t\t\t\t\t\t\t\t\t<div class=\"elementor-button-wrapper\">\n\t\t\t\t\t<a class=\"elementor-button elementor-button-link elementor-size-sm\" href=\"#receta-3\">\n\t\t\t\t\t\t<span class=\"elementor-button-content-wrapper\">\n\t\t\t\t\t\t\t\t\t<span class=\"elementor-button-text\">Ver Receta<\/span>\n\t\t\t\t\t<\/span>\n\t\t\t\t\t<\/a>\n\t\t\t\t<\/div>\n\t\t\t\t\t\t\t\t<\/div>\n\t\t\t\t<\/div>\n\t\t\t\t<\/div>\n\t\t<div class=\"elementor-element elementor-element-4809f7f e-con-full e-flex e-con e-child\" data-id=\"4809f7f\" data-element_type=\"container\" data-settings=\"{&quot;background_background&quot;:&quot;classic&quot;}\">\n\t\t\t\t<\/div>\n\t\t\t\t<\/div>\n\t\t<div class=\"elementor-element elementor-element-d2faae5 e-con-full e-flex e-con e-parent\" data-id=\"d2faae5\" data-element_type=\"container\" id=\"receta-3\" data-settings=\"{&quot;background_background&quot;:&quot;classic&quot;}\">\n\t\t<div class=\"elementor-element elementor-element-d66f074 e-con-full e-flex e-con e-child\" data-id=\"d66f074\" data-element_type=\"container\">\n\t\t<div class=\"elementor-element elementor-element-6588fa3 e-con-full e-flex e-con e-child\" data-id=\"6588fa3\" data-element_type=\"container\">\n\t\t\t\t<div class=\"elementor-element elementor-element-2ecb096 elementor-invisible elementor-widget elementor-widget-video\" data-id=\"2ecb096\" data-element_type=\"widget\" data-settings=\"{&quot;autoplay&quot;:&quot;yes&quot;,&quot;_animation&quot;:&quot;slideInUp&quot;,&quot;video_type&quot;:&quot;vimeo&quot;,&quot;play_on_mobile&quot;:&quot;yes&quot;,&quot;mute&quot;:&quot;yes&quot;,&quot;loop&quot;:&quot;yes&quot;}\" data-widget_type=\"video.default\">\n\t\t\t\t<div class=\"elementor-widget-container\">\n\t\t\t\t\t\t\t<div class=\"elementor-wrapper elementor-open-inline\">\n\t\t\t<iframe class=\"elementor-video-iframe\" allowfullscreen allow=\"autoplay\" title=\"Reproductor de v\u00eddeo vimeo\" src=\"https:\/\/player.vimeo.com\/video\/1098476892?autoplay=1&amp;playsinline=1&amp;color&amp;autopause=0&amp;loop=1&amp;muted=1&amp;title=0&amp;portrait=0&amp;byline=0#t=\"><\/iframe>\t\t<\/div>\n\t\t\t\t\t\t<\/div>\n\t\t\t\t<\/div>\n\t\t\t\t<\/div>\n\t\t\t\t<\/div>\n\t\t<div class=\"elementor-element elementor-element-8d32511 e-con-full e-flex e-con e-child\" data-id=\"8d32511\" data-element_type=\"container\">\n\t\t\t\t<div class=\"elementor-element elementor-element-2b33915 elementor-widget elementor-widget-heading\" data-id=\"2b33915\" data-element_type=\"widget\" data-widget_type=\"heading.default\">\n\t\t\t\t<div class=\"elementor-widget-container\">\n\t\t\t\t\t<h2 class=\"elementor-heading-title elementor-size-default\">Ingredientes<\/h2>\t\t\t\t<\/div>\n\t\t\t\t<\/div>\n\t\t\t\t<div class=\"elementor-element elementor-element-3941d9d elementor-widget elementor-widget-text-editor\" data-id=\"3941d9d\" data-element_type=\"widget\" data-widget_type=\"text-editor.default\">\n\t\t\t\t<div class=\"elementor-widget-container\">\n\t\t\t\t\t\t\t\t\t<p data-start=\"863\" data-end=\"875\"><strong>(2 pers.)<\/strong><\/p><p data-start=\"863\" data-end=\"875\">Toppings de Pechuga de Pollo al Horno de <strong>Serrano<\/strong><\/p><p data-start=\"863\" data-end=\"875\">2 mazorcas<\/p><p>\u00a0<\/p><p><strong data-start=\"907\" data-end=\"936\">Opci\u00f3n 1 &#8211; Italian style:<\/strong><\/p><p data-start=\"941\" data-end=\"956\">30 g de albahaca<\/p><p data-start=\"959\" data-end=\"975\">30 g de parmesano<\/p><p data-start=\"978\" data-end=\"992\">10 g de pi\u00f1ones<\/p><p data-start=\"995\" data-end=\"1012\">1 diente de ajo<\/p><p data-start=\"1015\" data-end=\"1027\">AOVE y sal<\/p><p data-start=\"1030\" data-end=\"1056\">Mini mozzarella y r\u00facula<\/p><p data-start=\"1030\" data-end=\"1056\">\u00a0<\/p><p data-start=\"1058\" data-end=\"1088\"><strong data-start=\"1058\" data-end=\"1086\">Opci\u00f3n 2 &#8211; Kimchi style:<\/strong><\/p><p data-start=\"1091\" data-end=\"1112\">Mayonesa con kimchi<\/p><p data-start=\"1115\" data-end=\"1140\">Cebolla tierna laminada<\/p><p data-start=\"1143\" data-end=\"1151\">S\u00e9samo<\/p><p data-start=\"1154\" data-end=\"1165\">Piri piri<\/p>\t\t\t\t\t\t\t\t<\/div>\n\t\t\t\t<\/div>\n\t\t\t\t<\/div>\n\t\t\t\t<\/div>\n\t\t<div class=\"elementor-element elementor-element-0293a8b e-con-full e-flex e-con e-parent\" data-id=\"0293a8b\" data-element_type=\"container\" data-settings=\"{&quot;background_background&quot;:&quot;classic&quot;}\">\n\t\t<div class=\"elementor-element elementor-element-1138312 e-con-full e-flex e-con e-child\" data-id=\"1138312\" data-element_type=\"container\">\n\t\t\t\t<div class=\"elementor-element elementor-element-e5bcd84 elementor-widget elementor-widget-heading\" data-id=\"e5bcd84\" data-element_type=\"widget\" data-widget_type=\"heading.default\">\n\t\t\t\t<div class=\"elementor-widget-container\">\n\t\t\t\t\t<h2 class=\"elementor-heading-title elementor-size-default\">preparaci\u00f3n<\/h2>\t\t\t\t<\/div>\n\t\t\t\t<\/div>\n\t\t\t\t<div class=\"elementor-element elementor-element-603c272 elementor-widget elementor-widget-text-editor\" data-id=\"603c272\" data-element_type=\"widget\" data-widget_type=\"text-editor.default\">\n\t\t\t\t<div class=\"elementor-widget-container\">\n\t\t\t\t\t\t\t\t\t<ol>\n<li data-start=\"1186\" data-end=\"1224\">\n<p data-start=\"1189\" data-end=\"1224\">Asa las mazorcas con mantequilla.<\/p>\n<\/li>\n<li data-start=\"1225\" data-end=\"1343\">\n<p data-start=\"1228\" data-end=\"1343\"><em data-start=\"1228\" data-end=\"1243\">Italian style<\/em>: Tritura los ingredientes del pesto, unta sobre la mazorca y a\u00f1ade r\u00facula, mozzarella y los toppings.<\/p>\n<\/li>\n<li data-start=\"1344\" data-end=\"1436\">\n<p data-start=\"1347\" data-end=\"1436\"><em data-start=\"1347\" data-end=\"1361\">Kimchi style<\/em>: Unta con mayonesa de kimchi, a\u00f1ade cebolla, los toppings, s\u00e9samo y piri piri.<\/p>\n<\/li>\n<\/ol>\t\t\t\t\t\t\t\t<\/div>\n\t\t\t\t<\/div>\n\t\t\t\t<\/div>\n\t\t<div class=\"elementor-element elementor-element-04ecee2 e-con-full e-flex e-con e-child\" data-id=\"04ecee2\" data-element_type=\"container\">\n\t\t<div class=\"elementor-element elementor-element-49cf61d e-con-full animated-fast e-flex elementor-invisible e-con e-child\" data-id=\"49cf61d\" data-element_type=\"container\" data-settings=\"{&quot;background_background&quot;:&quot;classic&quot;,&quot;animation&quot;:&quot;zoomIn&quot;}\">\n\t\t\t\t<div class=\"elementor-element elementor-element-3d45b8b e-transform elementor-widget elementor-widget-image\" data-id=\"3d45b8b\" data-element_type=\"widget\" data-settings=\"{&quot;_transform_rotateZ_effect&quot;:{&quot;unit&quot;:&quot;px&quot;,&quot;size&quot;:-4,&quot;sizes&quot;:[]},&quot;motion_fx_motion_fx_scrolling&quot;:&quot;yes&quot;,&quot;motion_fx_rotateZ_effect&quot;:&quot;yes&quot;,&quot;motion_fx_rotateZ_speed&quot;:{&quot;unit&quot;:&quot;px&quot;,&quot;size&quot;:0.1,&quot;sizes&quot;:[]},&quot;motion_fx_rotateZ_affectedRange&quot;:{&quot;unit&quot;:&quot;%&quot;,&quot;size&quot;:&quot;&quot;,&quot;sizes&quot;:{&quot;start&quot;:0,&quot;end&quot;:100}},&quot;motion_fx_devices&quot;:[&quot;desktop&quot;,&quot;tablet&quot;,&quot;mobile&quot;],&quot;_transform_rotateZ_effect_tablet&quot;:{&quot;unit&quot;:&quot;deg&quot;,&quot;size&quot;:&quot;&quot;,&quot;sizes&quot;:[]},&quot;_transform_rotateZ_effect_mobile&quot;:{&quot;unit&quot;:&quot;deg&quot;,&quot;size&quot;:&quot;&quot;,&quot;sizes&quot;:[]}}\" data-widget_type=\"image.default\">\n\t\t\t\t<div class=\"elementor-widget-container\">\n\t\t\t\t\t\t\t\t\t\t\t\t\t\t\t\t<a href=\"https:\/\/pasateaserrano.com\/producto\/pechuga-de-pollo-al-horno\/\" target=\"_blank\">\n\t\t\t\t\t\t\t<img fetchpriority=\"high\" decoding=\"async\" width=\"800\" height=\"910\" src=\"https:\/\/pasateaserrano.com\/tutoque\/wp-content\/uploads\/2025\/06\/topping-horno-900x1024.png\" class=\"elementor-animation-grow attachment-large size-large wp-image-35\" alt=\"\" srcset=\"https:\/\/pasateaserrano.com\/tutoque\/wp-content\/uploads\/2025\/06\/topping-horno-900x1024.png 900w, https:\/\/pasateaserrano.com\/tutoque\/wp-content\/uploads\/2025\/06\/topping-horno-264x300.png 264w, https:\/\/pasateaserrano.com\/tutoque\/wp-content\/uploads\/2025\/06\/topping-horno-768x874.png 768w, https:\/\/pasateaserrano.com\/tutoque\/wp-content\/uploads\/2025\/06\/topping-horno.png 1045w\" sizes=\"(max-width: 800px) 100vw, 800px\" \/>\t\t\t\t\t\t\t\t<\/a>\n\t\t\t\t\t\t\t\t\t\t\t\t\t\t\t<\/div>\n\t\t\t\t<\/div>\n\t\t\t\t<\/div>\n\t\t\t\t<\/div>\n\t\t\t\t<\/div>\n\t\t<div class=\"elementor-element elementor-element-98cd2cf e-con-full animated-fast e-flex elementor-invisible e-con e-parent\" data-id=\"98cd2cf\" data-element_type=\"container\" data-settings=\"{&quot;background_background&quot;:&quot;classic&quot;,&quot;animation&quot;:&quot;slideInUp&quot;}\">\n\t\t<div class=\"elementor-element elementor-element-c55c603 e-con-full e-flex e-con e-child\" data-id=\"c55c603\" data-element_type=\"container\">\n\t\t\t\t<div class=\"elementor-element elementor-element-c663b33 elementor-widget elementor-widget-text-editor\" data-id=\"c663b33\" data-element_type=\"widget\" data-widget_type=\"text-editor.default\">\n\t\t\t\t<div class=\"elementor-widget-container\">\n\t\t\t\t\t\t\t\t\t<p>Cocina al ritmo de nuestros Toppings<\/p>\t\t\t\t\t\t\t\t<\/div>\n\t\t\t\t<\/div>\n\t\t\t\t<div class=\"elementor-element elementor-element-4e5a2a9 elementor-widget elementor-widget-spacer\" data-id=\"4e5a2a9\" data-element_type=\"widget\" data-widget_type=\"spacer.default\">\n\t\t\t\t<div class=\"elementor-widget-container\">\n\t\t\t\t\t\t\t<div class=\"elementor-spacer\">\n\t\t\t<div class=\"elementor-spacer-inner\"><\/div>\n\t\t<\/div>\n\t\t\t\t\t\t<\/div>\n\t\t\t\t<\/div>\n\t\t\t\t<div class=\"elementor-element elementor-element-21d6195 elementor-widget elementor-widget-text-editor\" data-id=\"21d6195\" data-element_type=\"widget\" data-widget_type=\"text-editor.default\">\n\t\t\t\t<div class=\"elementor-widget-container\">\n\t\t\t\t\t\t\t\t\t<p>Te dejamos nuestra playlist para que pongas m\u00fasica a tus recetas.<br \/>Una selecci\u00f3n pensada para disfrutar mientras cocinas, creas y te expresas.<\/p>\t\t\t\t\t\t\t\t<\/div>\n\t\t\t\t<\/div>\n\t\t\t\t<div class=\"elementor-element elementor-element-776cfa3 elementor-align-center animated-fast elementor-invisible elementor-widget elementor-widget-button\" data-id=\"776cfa3\" data-element_type=\"widget\" data-settings=\"{&quot;_animation&quot;:&quot;slideInUp&quot;}\" data-widget_type=\"button.default\">\n\t\t\t\t<div class=\"elementor-widget-container\">\n\t\t\t\t\t\t\t\t\t<div class=\"elementor-button-wrapper\">\n\t\t\t\t\t<a class=\"elementor-button elementor-button-link elementor-size-sm\" href=\"https:\/\/open.spotify.com\/playlist\/3tdtGOwHsDcyQ58ksYy72l?si=8fc34f32980c4970\" target=\"_blank\">\n\t\t\t\t\t\t<span class=\"elementor-button-content-wrapper\">\n\t\t\t\t\t\t\t\t\t<span class=\"elementor-button-text\">ESCUCHAR<\/span>\n\t\t\t\t\t<\/span>\n\t\t\t\t\t<\/a>\n\t\t\t\t<\/div>\n\t\t\t\t\t\t\t\t<\/div>\n\t\t\t\t<\/div>\n\t\t\t\t<div class=\"elementor-element elementor-element-d348e50 elementor-widget elementor-widget-spacer\" data-id=\"d348e50\" data-element_type=\"widget\" data-widget_type=\"spacer.default\">\n\t\t\t\t<div class=\"elementor-widget-container\">\n\t\t\t\t\t\t\t<div class=\"elementor-spacer\">\n\t\t\t<div class=\"elementor-spacer-inner\"><\/div>\n\t\t<\/div>\n\t\t\t\t\t\t<\/div>\n\t\t\t\t<\/div>\n\t\t\t\t<\/div>\n\t\t<div class=\"elementor-element elementor-element-6f23059 e-con-full e-flex e-con e-child\" data-id=\"6f23059\" data-element_type=\"container\" data-settings=\"{&quot;background_background&quot;:&quot;video&quot;,&quot;background_video_link&quot;:&quot;https:\\\/\\\/vimeo.com\\\/1098457551?share=copy&quot;,&quot;background_play_on_mobile&quot;:&quot;yes&quot;}\">\n\t\t<div class=\"elementor-background-video-container\" aria-hidden=\"true\">\n\t\t\t\t\t\t\t<div class=\"elementor-background-video-embed\"><\/div>\n\t\t\t\t\t\t<\/div>\t\t<\/div>\n\t\t\t\t<\/div>\n\t\t\t\t<\/div>\n\t\t","protected":false},"excerpt":{"rendered":"<p>Mazorcas al grill con Toppings al Horno Ver Receta Ingredientes (2 pers.) Toppings de Pechuga de Pollo al Horno de Serrano 2 mazorcas \u00a0 Opci\u00f3n 1 &#8211; Italian style: 30 g de albahaca 30 g de parmesano 10 g de pi\u00f1ones 1 diente de ajo AOVE y sal Mini mozzarella y r\u00facula \u00a0 Opci\u00f3n 2 [&hellip;]<\/p>\n","protected":false},"author":1,"featured_media":0,"parent":0,"menu_order":0,"comment_status":"closed","ping_status":"closed","template":"","meta":{"footnotes":""},"class_list":["post-464","page","type-page","status-publish","hentry"],"_links":{"self":[{"href":"https:\/\/pasateaserrano.com\/tutoque\/index.php\/wp-json\/wp\/v2\/pages\/464","targetHints":{"allow":["GET"]}}],"collection":[{"href":"https:\/\/pasateaserrano.com\/tutoque\/index.php\/wp-json\/wp\/v2\/pages"}],"about":[{"href":"https:\/\/pasateaserrano.com\/tutoque\/index.php\/wp-json\/wp\/v2\/types\/page"}],"author":[{"embeddable":true,"href":"https:\/\/pasateaserrano.com\/tutoque\/index.php\/wp-json\/wp\/v2\/users\/1"}],"replies":[{"embeddable":true,"href":"https:\/\/pasateaserrano.com\/tutoque\/index.php\/wp-json\/wp\/v2\/comments?post=464"}],"version-history":[{"count":28,"href":"https:\/\/pasateaserrano.com\/tutoque\/index.php\/wp-json\/wp\/v2\/pages\/464\/revisions"}],"predecessor-version":[{"id":727,"href":"https:\/\/pasateaserrano.com\/tutoque\/index.php\/wp-json\/wp\/v2\/pages\/464\/revisions\/727"}],"wp:attachment":[{"href":"https:\/\/pasateaserrano.com\/tutoque\/index.php\/wp-json\/wp\/v2\/media?parent=464"}],"curies":[{"name":"wp","href":"https:\/\/api.w.org\/{rel}","templated":true}]}}