{"id":465,"date":"2025-07-03T11:47:59","date_gmt":"2025-07-03T11:47:59","guid":{"rendered":"https:\/\/pasateaserrano.com\/tutoque\/?page_id=465"},"modified":"2025-07-08T06:28:58","modified_gmt":"2025-07-08T06:28:58","slug":"carpaccio-toppings-natural","status":"publish","type":"page","link":"https:\/\/pasateaserrano.com\/tutoque\/index.php\/carpaccio-toppings-natural","title":{"rendered":"Carpaccio de pera con Toppings sabor Natural"},"content":{"rendered":"\t\t<div data-elementor-type=\"wp-post\" data-elementor-id=\"465\" class=\"elementor elementor-465\" data-elementor-post-type=\"page\">\n\t\t\t\t<div class=\"elementor-element elementor-element-e094418 e-con-full e-flex e-con e-parent\" data-id=\"e094418\" data-element_type=\"container\" data-settings=\"{&quot;background_background&quot;:&quot;classic&quot;}\">\n\t\t<div class=\"elementor-element elementor-element-55a9c59 e-con-full e-flex e-con e-child\" data-id=\"55a9c59\" data-element_type=\"container\">\n\t\t\t\t<div class=\"elementor-element elementor-element-2c8b675 elementor-widget elementor-widget-text-editor\" data-id=\"2c8b675\" data-element_type=\"widget\" data-widget_type=\"text-editor.default\">\n\t\t\t\t<div class=\"elementor-widget-container\">\n\t\t\t\t\t\t\t\t\t<p>Carpaccio de pera con Toppings sabor Natural<\/p>\t\t\t\t\t\t\t\t<\/div>\n\t\t\t\t<\/div>\n\t\t\t\t<div class=\"elementor-element elementor-element-a796df7 elementor-align-center animated-fast elementor-invisible elementor-widget elementor-widget-button\" data-id=\"a796df7\" data-element_type=\"widget\" data-settings=\"{&quot;_animation&quot;:&quot;slideInUp&quot;}\" data-widget_type=\"button.default\">\n\t\t\t\t<div class=\"elementor-widget-container\">\n\t\t\t\t\t\t\t\t\t<div class=\"elementor-button-wrapper\">\n\t\t\t\t\t<a class=\"elementor-button elementor-button-link elementor-size-sm\" href=\"#receta-3\">\n\t\t\t\t\t\t<span class=\"elementor-button-content-wrapper\">\n\t\t\t\t\t\t\t\t\t<span class=\"elementor-button-text\">Ver Receta<\/span>\n\t\t\t\t\t<\/span>\n\t\t\t\t\t<\/a>\n\t\t\t\t<\/div>\n\t\t\t\t\t\t\t\t<\/div>\n\t\t\t\t<\/div>\n\t\t\t\t<\/div>\n\t\t<div class=\"elementor-element elementor-element-4809f7f e-con-full e-flex e-con e-child\" data-id=\"4809f7f\" data-element_type=\"container\" data-settings=\"{&quot;background_background&quot;:&quot;classic&quot;}\">\n\t\t\t\t<\/div>\n\t\t\t\t<\/div>\n\t\t<div class=\"elementor-element elementor-element-d2faae5 e-con-full e-flex e-con e-parent\" data-id=\"d2faae5\" data-element_type=\"container\" id=\"receta-3\" data-settings=\"{&quot;background_background&quot;:&quot;classic&quot;}\">\n\t\t<div class=\"elementor-element elementor-element-d66f074 e-con-full e-flex e-con e-child\" data-id=\"d66f074\" data-element_type=\"container\">\n\t\t<div class=\"elementor-element elementor-element-6588fa3 e-con-full e-flex e-con e-child\" data-id=\"6588fa3\" data-element_type=\"container\">\n\t\t\t\t<div class=\"elementor-element elementor-element-2ecb096 elementor-invisible elementor-widget elementor-widget-video\" data-id=\"2ecb096\" data-element_type=\"widget\" data-settings=\"{&quot;autoplay&quot;:&quot;yes&quot;,&quot;_animation&quot;:&quot;slideInUp&quot;,&quot;video_type&quot;:&quot;vimeo&quot;,&quot;play_on_mobile&quot;:&quot;yes&quot;,&quot;mute&quot;:&quot;yes&quot;,&quot;loop&quot;:&quot;yes&quot;}\" data-widget_type=\"video.default\">\n\t\t\t\t<div class=\"elementor-widget-container\">\n\t\t\t\t\t\t\t<div class=\"elementor-wrapper elementor-open-inline\">\n\t\t\t<iframe class=\"elementor-video-iframe\" allowfullscreen allow=\"autoplay\" title=\"Reproductor de v\u00eddeo vimeo\" src=\"https:\/\/player.vimeo.com\/video\/1098479869?autoplay=1&amp;playsinline=1&amp;color&amp;autopause=0&amp;loop=1&amp;muted=1&amp;title=0&amp;portrait=0&amp;byline=0#t=\"><\/iframe>\t\t<\/div>\n\t\t\t\t\t\t<\/div>\n\t\t\t\t<\/div>\n\t\t\t\t<\/div>\n\t\t\t\t<\/div>\n\t\t<div class=\"elementor-element elementor-element-8d32511 e-con-full e-flex e-con e-child\" data-id=\"8d32511\" data-element_type=\"container\">\n\t\t\t\t<div class=\"elementor-element elementor-element-2b33915 elementor-widget elementor-widget-heading\" data-id=\"2b33915\" data-element_type=\"widget\" data-widget_type=\"heading.default\">\n\t\t\t\t<div class=\"elementor-widget-container\">\n\t\t\t\t\t<h2 class=\"elementor-heading-title elementor-size-default\">Ingredientes<\/h2>\t\t\t\t<\/div>\n\t\t\t\t<\/div>\n\t\t\t\t<div class=\"elementor-element elementor-element-3941d9d elementor-widget elementor-widget-text-editor\" data-id=\"3941d9d\" data-element_type=\"widget\" data-widget_type=\"text-editor.default\">\n\t\t\t\t<div class=\"elementor-widget-container\">\n\t\t\t\t\t\t\t\t\t<p><strong data-start=\"1490\" data-end=\"1517\">(1 pers.)<\/strong><\/p><p>Toppings de Pechuga de Pollo sabor Natural de <strong>Serrano<\/strong><\/p><p data-start=\"1551\" data-end=\"1559\">1 pera<\/p><p data-start=\"1562\" data-end=\"1570\">R\u00facula<\/p><p data-start=\"1573\" data-end=\"1585\">Queso feta<\/p><p data-start=\"1588\" data-end=\"1600\">Frambuesas<\/p><p data-start=\"1603\" data-end=\"1611\">Nueces<\/p><p data-start=\"1614\" data-end=\"1637\">AOVE<\/p><p data-start=\"1614\" data-end=\"1637\">Sal en escamas<\/p>\t\t\t\t\t\t\t\t<\/div>\n\t\t\t\t<\/div>\n\t\t\t\t<\/div>\n\t\t\t\t<\/div>\n\t\t<div class=\"elementor-element elementor-element-0293a8b e-con-full e-flex e-con e-parent\" data-id=\"0293a8b\" data-element_type=\"container\" data-settings=\"{&quot;background_background&quot;:&quot;classic&quot;}\">\n\t\t<div class=\"elementor-element elementor-element-1138312 e-con-full e-flex e-con e-child\" data-id=\"1138312\" data-element_type=\"container\">\n\t\t\t\t<div class=\"elementor-element elementor-element-e5bcd84 elementor-widget elementor-widget-heading\" data-id=\"e5bcd84\" data-element_type=\"widget\" data-widget_type=\"heading.default\">\n\t\t\t\t<div class=\"elementor-widget-container\">\n\t\t\t\t\t<h2 class=\"elementor-heading-title elementor-size-default\">preparaci\u00f3n<\/h2>\t\t\t\t<\/div>\n\t\t\t\t<\/div>\n\t\t\t\t<div class=\"elementor-element elementor-element-603c272 elementor-widget elementor-widget-text-editor\" data-id=\"603c272\" data-element_type=\"widget\" data-widget_type=\"text-editor.default\">\n\t\t\t\t<div class=\"elementor-widget-container\">\n\t\t\t\t\t\t\t\t\t<ol>\n<li data-start=\"1658\" data-end=\"1715\">\n<p data-start=\"1661\" data-end=\"1715\">Lamina la pera con mandolina y col\u00f3cala en un plato.<\/p>\n<\/li>\n<li data-start=\"1716\" data-end=\"1791\">\n<p data-start=\"1719\" data-end=\"1791\">A\u00f1ade r\u00facula, los toppings, feta desmenuzado, frambuesas y nueces.<\/p>\n<\/li>\n<li data-start=\"1792\" data-end=\"1827\">\n<p data-start=\"1795\" data-end=\"1827\">Roc\u00eda con AOVE y sal en escamas.<\/p>\n<\/li>\n<\/ol>\t\t\t\t\t\t\t\t<\/div>\n\t\t\t\t<\/div>\n\t\t\t\t<\/div>\n\t\t<div class=\"elementor-element elementor-element-04ecee2 e-con-full e-flex e-con e-child\" data-id=\"04ecee2\" data-element_type=\"container\">\n\t\t<div class=\"elementor-element elementor-element-49cf61d e-con-full animated-fast e-flex elementor-invisible e-con e-child\" data-id=\"49cf61d\" data-element_type=\"container\" data-settings=\"{&quot;background_background&quot;:&quot;classic&quot;,&quot;animation&quot;:&quot;zoomIn&quot;}\">\n\t\t\t\t<div class=\"elementor-element elementor-element-3d45b8b e-transform elementor-widget elementor-widget-image\" data-id=\"3d45b8b\" data-element_type=\"widget\" data-settings=\"{&quot;_transform_rotateZ_effect&quot;:{&quot;unit&quot;:&quot;px&quot;,&quot;size&quot;:-4,&quot;sizes&quot;:[]},&quot;motion_fx_motion_fx_scrolling&quot;:&quot;yes&quot;,&quot;motion_fx_rotateZ_effect&quot;:&quot;yes&quot;,&quot;motion_fx_rotateZ_speed&quot;:{&quot;unit&quot;:&quot;px&quot;,&quot;size&quot;:0.1,&quot;sizes&quot;:[]},&quot;motion_fx_rotateZ_affectedRange&quot;:{&quot;unit&quot;:&quot;%&quot;,&quot;size&quot;:&quot;&quot;,&quot;sizes&quot;:{&quot;start&quot;:0,&quot;end&quot;:100}},&quot;motion_fx_devices&quot;:[&quot;desktop&quot;,&quot;tablet&quot;,&quot;mobile&quot;],&quot;_transform_rotateZ_effect_tablet&quot;:{&quot;unit&quot;:&quot;deg&quot;,&quot;size&quot;:&quot;&quot;,&quot;sizes&quot;:[]},&quot;_transform_rotateZ_effect_mobile&quot;:{&quot;unit&quot;:&quot;deg&quot;,&quot;size&quot;:&quot;&quot;,&quot;sizes&quot;:[]}}\" data-widget_type=\"image.default\">\n\t\t\t\t<div class=\"elementor-widget-container\">\n\t\t\t\t\t\t\t\t\t\t\t\t\t\t\t\t<a href=\"https:\/\/pasateaserrano.com\/producto\/pechuga-de-pollo-natural\/\" target=\"_blank\">\n\t\t\t\t\t\t\t<img fetchpriority=\"high\" decoding=\"async\" width=\"800\" height=\"910\" src=\"https:\/\/pasateaserrano.com\/tutoque\/wp-content\/uploads\/2025\/06\/topping-natural-900x1024.png\" class=\"elementor-animation-grow attachment-large size-large wp-image-37\" alt=\"\" srcset=\"https:\/\/pasateaserrano.com\/tutoque\/wp-content\/uploads\/2025\/06\/topping-natural-900x1024.png 900w, https:\/\/pasateaserrano.com\/tutoque\/wp-content\/uploads\/2025\/06\/topping-natural-264x300.png 264w, https:\/\/pasateaserrano.com\/tutoque\/wp-content\/uploads\/2025\/06\/topping-natural-768x874.png 768w, https:\/\/pasateaserrano.com\/tutoque\/wp-content\/uploads\/2025\/06\/topping-natural.png 1045w\" sizes=\"(max-width: 800px) 100vw, 800px\" \/>\t\t\t\t\t\t\t\t<\/a>\n\t\t\t\t\t\t\t\t\t\t\t\t\t\t\t<\/div>\n\t\t\t\t<\/div>\n\t\t\t\t<\/div>\n\t\t\t\t<\/div>\n\t\t\t\t<\/div>\n\t\t<div class=\"elementor-element elementor-element-98cd2cf e-con-full animated-fast e-flex elementor-invisible e-con e-parent\" data-id=\"98cd2cf\" data-element_type=\"container\" data-settings=\"{&quot;background_background&quot;:&quot;classic&quot;,&quot;animation&quot;:&quot;slideInUp&quot;}\">\n\t\t<div class=\"elementor-element elementor-element-c55c603 e-con-full e-flex e-con e-child\" data-id=\"c55c603\" data-element_type=\"container\">\n\t\t\t\t<div class=\"elementor-element elementor-element-c663b33 elementor-widget elementor-widget-text-editor\" data-id=\"c663b33\" data-element_type=\"widget\" data-widget_type=\"text-editor.default\">\n\t\t\t\t<div class=\"elementor-widget-container\">\n\t\t\t\t\t\t\t\t\t<p>Cocina al ritmo de nuestros Toppings<\/p>\t\t\t\t\t\t\t\t<\/div>\n\t\t\t\t<\/div>\n\t\t\t\t<div class=\"elementor-element elementor-element-4e5a2a9 elementor-widget elementor-widget-spacer\" data-id=\"4e5a2a9\" data-element_type=\"widget\" data-widget_type=\"spacer.default\">\n\t\t\t\t<div class=\"elementor-widget-container\">\n\t\t\t\t\t\t\t<div class=\"elementor-spacer\">\n\t\t\t<div class=\"elementor-spacer-inner\"><\/div>\n\t\t<\/div>\n\t\t\t\t\t\t<\/div>\n\t\t\t\t<\/div>\n\t\t\t\t<div class=\"elementor-element elementor-element-21d6195 elementor-widget elementor-widget-text-editor\" data-id=\"21d6195\" data-element_type=\"widget\" data-widget_type=\"text-editor.default\">\n\t\t\t\t<div class=\"elementor-widget-container\">\n\t\t\t\t\t\t\t\t\t<p>Te dejamos nuestra playlist para que pongas m\u00fasica a tus recetas.<br \/>Una selecci\u00f3n pensada para disfrutar mientras cocinas, creas y te expresas.<\/p>\t\t\t\t\t\t\t\t<\/div>\n\t\t\t\t<\/div>\n\t\t\t\t<div class=\"elementor-element elementor-element-776cfa3 elementor-align-center animated-fast elementor-invisible elementor-widget elementor-widget-button\" data-id=\"776cfa3\" data-element_type=\"widget\" data-settings=\"{&quot;_animation&quot;:&quot;slideInUp&quot;}\" data-widget_type=\"button.default\">\n\t\t\t\t<div class=\"elementor-widget-container\">\n\t\t\t\t\t\t\t\t\t<div class=\"elementor-button-wrapper\">\n\t\t\t\t\t<a class=\"elementor-button elementor-button-link elementor-size-sm\" href=\"https:\/\/open.spotify.com\/playlist\/3tdtGOwHsDcyQ58ksYy72l?si=8fc34f32980c4970\" target=\"_blank\">\n\t\t\t\t\t\t<span class=\"elementor-button-content-wrapper\">\n\t\t\t\t\t\t\t\t\t<span class=\"elementor-button-text\">ESCUCHAR<\/span>\n\t\t\t\t\t<\/span>\n\t\t\t\t\t<\/a>\n\t\t\t\t<\/div>\n\t\t\t\t\t\t\t\t<\/div>\n\t\t\t\t<\/div>\n\t\t\t\t<div class=\"elementor-element elementor-element-d348e50 elementor-widget elementor-widget-spacer\" data-id=\"d348e50\" data-element_type=\"widget\" data-widget_type=\"spacer.default\">\n\t\t\t\t<div class=\"elementor-widget-container\">\n\t\t\t\t\t\t\t<div class=\"elementor-spacer\">\n\t\t\t<div class=\"elementor-spacer-inner\"><\/div>\n\t\t<\/div>\n\t\t\t\t\t\t<\/div>\n\t\t\t\t<\/div>\n\t\t\t\t<\/div>\n\t\t<div class=\"elementor-element elementor-element-6f23059 e-con-full e-flex e-con e-child\" data-id=\"6f23059\" data-element_type=\"container\" data-settings=\"{&quot;background_background&quot;:&quot;video&quot;,&quot;background_video_link&quot;:&quot;https:\\\/\\\/vimeo.com\\\/1098457551?share=copy&quot;,&quot;background_play_on_mobile&quot;:&quot;yes&quot;}\">\n\t\t<div class=\"elementor-background-video-container\" aria-hidden=\"true\">\n\t\t\t\t\t\t\t<div class=\"elementor-background-video-embed\"><\/div>\n\t\t\t\t\t\t<\/div>\t\t<\/div>\n\t\t\t\t<\/div>\n\t\t\t\t<\/div>\n\t\t","protected":false},"excerpt":{"rendered":"<p>Carpaccio de pera con Toppings sabor Natural Ver Receta Ingredientes (1 pers.) Toppings de Pechuga de Pollo sabor Natural de Serrano 1 pera R\u00facula Queso feta Frambuesas Nueces AOVE Sal en escamas preparaci\u00f3n Lamina la pera con mandolina y col\u00f3cala en un plato. A\u00f1ade r\u00facula, los toppings, feta desmenuzado, frambuesas y nueces. Roc\u00eda con AOVE [&hellip;]<\/p>\n","protected":false},"author":1,"featured_media":0,"parent":0,"menu_order":0,"comment_status":"closed","ping_status":"closed","template":"","meta":{"footnotes":""},"class_list":["post-465","page","type-page","status-publish","hentry"],"_links":{"self":[{"href":"https:\/\/pasateaserrano.com\/tutoque\/index.php\/wp-json\/wp\/v2\/pages\/465","targetHints":{"allow":["GET"]}}],"collection":[{"href":"https:\/\/pasateaserrano.com\/tutoque\/index.php\/wp-json\/wp\/v2\/pages"}],"about":[{"href":"https:\/\/pasateaserrano.com\/tutoque\/index.php\/wp-json\/wp\/v2\/types\/page"}],"author":[{"embeddable":true,"href":"https:\/\/pasateaserrano.com\/tutoque\/index.php\/wp-json\/wp\/v2\/users\/1"}],"replies":[{"embeddable":true,"href":"https:\/\/pasateaserrano.com\/tutoque\/index.php\/wp-json\/wp\/v2\/comments?post=465"}],"version-history":[{"count":28,"href":"https:\/\/pasateaserrano.com\/tutoque\/index.php\/wp-json\/wp\/v2\/pages\/465\/revisions"}],"predecessor-version":[{"id":730,"href":"https:\/\/pasateaserrano.com\/tutoque\/index.php\/wp-json\/wp\/v2\/pages\/465\/revisions\/730"}],"wp:attachment":[{"href":"https:\/\/pasateaserrano.com\/tutoque\/index.php\/wp-json\/wp\/v2\/media?parent=465"}],"curies":[{"name":"wp","href":"https:\/\/api.w.org\/{rel}","templated":true}]}}